{"id":9141,"date":"2021-02-11T17:10:57","date_gmt":"2021-02-11T15:10:57","guid":{"rendered":"https:\/\/staging.mittelalterkraemer.de\/?post_type=product&#038;p=9141"},"modified":"2021-03-05T13:10:05","modified_gmt":"2021-03-05T11:10:05","slug":"handgefertigter-kochloeffel-aus-lindenholz-mit-langem-stil","status":"publish","type":"product","link":"https:\/\/staging.mittelalterkraemer.de\/?product=handgefertigter-kochloeffel-aus-lindenholz-mit-langem-stil","title":{"rendered":"Handgefertigter Kochl\u00f6ffel"},"content":{"rendered":"<p>Handgefertigter Kochl\u00f6ffel aus Lindenholz mit langem Stil<\/p>\n<p>L\u00e4nge mindestens 45 cm<br \/>\nGriffl\u00e4nge ca. 36 cm<br \/>\nBreite 6,5 cm<\/p>\n<p>Unge\u00f6lt<\/p>\n<p>Kochl\u00f6ffel mit langem Stil zum bequemen Umr\u00fchren und Arbeiten am offenen Feuer.<\/p>\n<p>Herk\u00f6mmliche Kochl\u00f6ffel sind oft zu kurz und man verbrennt sich die H\u00e4nde und Arme beim R\u00fchren.<\/p>\n<p><span style=\"font-size: 75%;\">Dekorationsartikel geh\u00f6ren nicht zum Lieferumfang.<\/span><\/p>\n<p><span style=\"font-size: 75%;\">Die L\u00f6ffel sind handgefertig und k\u00f6nnen daher im Aussehen abweichen.<\/span><\/p>\n","protected":false},"excerpt":{"rendered":"<p>Handgefertigter Kochl\u00f6ffel aus Lindenholz mit langem Stil L\u00e4nge mindestens 45 cm Griffl\u00e4nge ca. 36 cm Breite 6,5 cm Unge\u00f6lt Kochl\u00f6ffel mit langem Stil zum bequemen Umr\u00fchren und Arbeiten am offenen Feuer. Herk\u00f6mmliche Kochl\u00f6ffel sind oft zu kurz und man verbrennt sich die H\u00e4nde und Arme beim R\u00fchren. Dekorationsartikel geh\u00f6ren nicht zum Lieferumfang. Die L\u00f6ffel sind [&#8230;]\n","protected":false},"featured_media":9154,"comment_status":"open","ping_status":"closed","template":"","meta":[],"product_cat":[77,144,86,80,81],"product_tag":[],"class_list":{"0":"post-9141","1":"product","2":"type-product","3":"status-publish","4":"has-post-thumbnail","6":"product_cat-accessoires","7":"product_cat-alltagsgegenstaende","8":"product_cat-einzelstuecke","9":"product_cat-kueche","10":"product_cat-lagerausstattung","11":"tm-no-options","13":"first","14":"instock","15":"taxable","16":"shipping-taxable","17":"purchasable","18":"product-type-simple"},"_links":{"self":[{"href":"https:\/\/staging.mittelalterkraemer.de\/index.php?rest_route=\/wp\/v2\/product\/9141","targetHints":{"allow":["GET"]}}],"collection":[{"href":"https:\/\/staging.mittelalterkraemer.de\/index.php?rest_route=\/wp\/v2\/product"}],"about":[{"href":"https:\/\/staging.mittelalterkraemer.de\/index.php?rest_route=\/wp\/v2\/types\/product"}],"replies":[{"embeddable":true,"href":"https:\/\/staging.mittelalterkraemer.de\/index.php?rest_route=%2Fwp%2Fv2%2Fcomments&post=9141"}],"wp:featuredmedia":[{"embeddable":true,"href":"https:\/\/staging.mittelalterkraemer.de\/index.php?rest_route=\/wp\/v2\/media\/9154"}],"wp:attachment":[{"href":"https:\/\/staging.mittelalterkraemer.de\/index.php?rest_route=%2Fwp%2Fv2%2Fmedia&parent=9141"}],"wp:term":[{"taxonomy":"product_cat","embeddable":true,"href":"https:\/\/staging.mittelalterkraemer.de\/index.php?rest_route=%2Fwp%2Fv2%2Fproduct_cat&post=9141"},{"taxonomy":"product_tag","embeddable":true,"href":"https:\/\/staging.mittelalterkraemer.de\/index.php?rest_route=%2Fwp%2Fv2%2Fproduct_tag&post=9141"}],"curies":[{"name":"wp","href":"https:\/\/api.w.org\/{rel}","templated":true}]}}