{"id":9139,"date":"2021-02-11T17:08:42","date_gmt":"2021-02-11T15:08:42","guid":{"rendered":"https:\/\/staging.mittelalterkraemer.de\/?post_type=product&#038;p=9139"},"modified":"2021-03-05T13:10:10","modified_gmt":"2021-03-05T11:10:10","slug":"9139","status":"publish","type":"product","link":"https:\/\/staging.mittelalterkraemer.de\/?product=9139","title":{"rendered":"Sch\u00f6pfl\u00f6ffel aus Lindenholz"},"content":{"rendered":"<p>Handgefertigter Sch\u00f6pfl\u00f6ffel aus Lindenholz mit geschwungenem Stil<\/p>\n<p>L\u00e4nge mindestens 39 cm<br \/>\nGriffl\u00e4nge ca. 26,5 cm<br \/>\nBreite ca 9 cm<\/p>\n<p>Unge\u00f6lt<\/p>\n<p>Sch\u00f6pfl\u00f6ffel mit schlicht verziertem geschwungenem Stil, damit er nicht in den Topf fallen kann.<\/p>\n<p><span style=\"font-size: 75%;\">Dekorationsartikel geh\u00f6ren nicht zum Lieferumfang.<\/span><\/p>\n<p><span style=\"font-size: 75%;\">Die L\u00f6ffel sind handgefertig und k\u00f6nnen daher im Aussehen abweichen.<\/span><\/p>\n","protected":false},"excerpt":{"rendered":"<p>Handgefertigter Sch\u00f6pfl\u00f6ffel aus Lindenholz mit geschwungenem Stil L\u00e4nge mindestens 39 cm Griffl\u00e4nge ca. 26,5 cm Breite ca 9 cm Unge\u00f6lt Sch\u00f6pfl\u00f6ffel mit schlicht verziertem geschwungenem Stil, damit er nicht in den Topf fallen kann. Dekorationsartikel geh\u00f6ren nicht zum Lieferumfang. Die L\u00f6ffel sind handgefertig und k\u00f6nnen daher im Aussehen abweichen.<\/p>\n","protected":false},"featured_media":9148,"comment_status":"open","ping_status":"closed","template":"","meta":[],"product_cat":[77,144,85,86,80,81],"product_tag":[],"class_list":{"0":"post-9139","1":"product","2":"type-product","3":"status-publish","4":"has-post-thumbnail","6":"product_cat-accessoires","7":"product_cat-alltagsgegenstaende","8":"product_cat-bastelbedarf","9":"product_cat-einzelstuecke","10":"product_cat-kueche","11":"product_cat-lagerausstattung","12":"tm-no-options","14":"first","15":"instock","16":"taxable","17":"shipping-taxable","18":"purchasable","19":"product-type-simple"},"_links":{"self":[{"href":"https:\/\/staging.mittelalterkraemer.de\/index.php?rest_route=\/wp\/v2\/product\/9139","targetHints":{"allow":["GET"]}}],"collection":[{"href":"https:\/\/staging.mittelalterkraemer.de\/index.php?rest_route=\/wp\/v2\/product"}],"about":[{"href":"https:\/\/staging.mittelalterkraemer.de\/index.php?rest_route=\/wp\/v2\/types\/product"}],"replies":[{"embeddable":true,"href":"https:\/\/staging.mittelalterkraemer.de\/index.php?rest_route=%2Fwp%2Fv2%2Fcomments&post=9139"}],"wp:featuredmedia":[{"embeddable":true,"href":"https:\/\/staging.mittelalterkraemer.de\/index.php?rest_route=\/wp\/v2\/media\/9148"}],"wp:attachment":[{"href":"https:\/\/staging.mittelalterkraemer.de\/index.php?rest_route=%2Fwp%2Fv2%2Fmedia&parent=9139"}],"wp:term":[{"taxonomy":"product_cat","embeddable":true,"href":"https:\/\/staging.mittelalterkraemer.de\/index.php?rest_route=%2Fwp%2Fv2%2Fproduct_cat&post=9139"},{"taxonomy":"product_tag","embeddable":true,"href":"https:\/\/staging.mittelalterkraemer.de\/index.php?rest_route=%2Fwp%2Fv2%2Fproduct_tag&post=9139"}],"curies":[{"name":"wp","href":"https:\/\/api.w.org\/{rel}","templated":true}]}}