{"id":9138,"date":"2021-02-11T17:03:19","date_gmt":"2021-02-11T15:03:19","guid":{"rendered":"https:\/\/staging.mittelalterkraemer.de\/?post_type=product&#038;p=9138"},"modified":"2021-10-13T11:44:10","modified_gmt":"2021-10-13T09:44:10","slug":"kleines-handgeschmiedetes-gebrauchsmesser-mit-geradem-gestecktem-holzgriff-aus-eschenholz","status":"publish","type":"product","link":"https:\/\/staging.mittelalterkraemer.de\/?product=kleines-handgeschmiedetes-gebrauchsmesser-mit-geradem-gestecktem-holzgriff-aus-eschenholz","title":{"rendered":"Handgeschmiedetes Gebrauchsmesser mit geradem Griff"},"content":{"rendered":"<p>Kleines handgeschmiedetes Gebrauchsmesser mit geradem, gestecktem Holzgriff aus Eschenholz<\/p>\n<p>L\u00e4nge 19 cm<br \/>\nGriffl\u00e4nge ca. 10 cm<br \/>\nKlingenst\u00e4rke ca. 1,5 mm am R\u00fccken<\/p>\n<p>Klinge aus Carbonstahl ist vorgeschliffen. Finish kann damit vom Kunden individuell vorgenommen werden.<\/p>\n<p>Gebrauchs- und Alltagsmesser, auch Steckangelmesser genannt, wie es im ganzen Mittelalter zu hauf und von jedem Stand verwendet wurde.<br \/>\nDer Griff ist aus Eschenholz und gerade gearbeitet, wie in den meisten Quellen zu sehen, und leicht ge\u00f6lt.<\/p>\n<p><span style=\"font-size: 75%;\">Dekorationsartikel geh\u00f6ren nicht zum Lieferumfang<\/span><\/p>\n","protected":false},"excerpt":{"rendered":"<p>Kleines handgeschmiedetes Gebrauchsmesser mit geradem, gestecktem Holzgriff aus Eschenholz L\u00e4nge 19 cm Griffl\u00e4nge ca. 10 cm Klingenst\u00e4rke ca. 1,5 mm am R\u00fccken Klinge aus Carbonstahl ist vorgeschliffen. Finish kann damit vom Kunden individuell vorgenommen werden. Gebrauchs- und Alltagsmesser, auch Steckangelmesser genannt, wie es im ganzen Mittelalter zu hauf und von jedem Stand verwendet wurde. Der [&#8230;]\n","protected":false},"featured_media":9161,"comment_status":"open","ping_status":"closed","template":"","meta":[],"product_cat":[144,85,86,80,81],"product_tag":[],"class_list":{"0":"post-9138","1":"product","2":"type-product","3":"status-publish","4":"has-post-thumbnail","6":"product_cat-alltagsgegenstaende","7":"product_cat-bastelbedarf","8":"product_cat-einzelstuecke","9":"product_cat-kueche","10":"product_cat-lagerausstattung","11":"tm-no-options","13":"first","14":"instock","15":"taxable","16":"shipping-taxable","17":"purchasable","18":"product-type-simple"},"_links":{"self":[{"href":"https:\/\/staging.mittelalterkraemer.de\/index.php?rest_route=\/wp\/v2\/product\/9138","targetHints":{"allow":["GET"]}}],"collection":[{"href":"https:\/\/staging.mittelalterkraemer.de\/index.php?rest_route=\/wp\/v2\/product"}],"about":[{"href":"https:\/\/staging.mittelalterkraemer.de\/index.php?rest_route=\/wp\/v2\/types\/product"}],"replies":[{"embeddable":true,"href":"https:\/\/staging.mittelalterkraemer.de\/index.php?rest_route=%2Fwp%2Fv2%2Fcomments&post=9138"}],"wp:featuredmedia":[{"embeddable":true,"href":"https:\/\/staging.mittelalterkraemer.de\/index.php?rest_route=\/wp\/v2\/media\/9161"}],"wp:attachment":[{"href":"https:\/\/staging.mittelalterkraemer.de\/index.php?rest_route=%2Fwp%2Fv2%2Fmedia&parent=9138"}],"wp:term":[{"taxonomy":"product_cat","embeddable":true,"href":"https:\/\/staging.mittelalterkraemer.de\/index.php?rest_route=%2Fwp%2Fv2%2Fproduct_cat&post=9138"},{"taxonomy":"product_tag","embeddable":true,"href":"https:\/\/staging.mittelalterkraemer.de\/index.php?rest_route=%2Fwp%2Fv2%2Fproduct_tag&post=9138"}],"curies":[{"name":"wp","href":"https:\/\/api.w.org\/{rel}","templated":true}]}}