{"id":9137,"date":"2021-02-11T16:59:27","date_gmt":"2021-02-11T14:59:27","guid":{"rendered":"https:\/\/staging.mittelalterkraemer.de\/?post_type=product&#038;p=9137"},"modified":"2021-10-13T11:44:10","modified_gmt":"2021-10-13T09:44:10","slug":"eine-handgeschmiedete-buegelschere-mit-lederscheide","status":"publish","type":"product","link":"https:\/\/staging.mittelalterkraemer.de\/?product=eine-handgeschmiedete-buegelschere-mit-lederscheide","title":{"rendered":"Eine handgeschmiedete B\u00fcgelschere"},"content":{"rendered":"<p>Eine handgeschmiedete B\u00fcgelschere mit Lederscheide<\/p>\n<p>12,5 cm lang<br \/>\nca. 3,5 cm breit<br \/>\n2 mm Klingenst\u00e4rke, ca. 7 mm B\u00fcgelbreite.<\/p>\n<p>Geliefert wird eine stabile und funktionierende B\u00fcgelschere. Sie wurde handgeschmiedet und liegt durch ihre Gr\u00f6\u00dfe und den stabilen B\u00fcgel gut in der Hand.<\/p>\n<p>Die B\u00fcgelschere war in Europa bis ins 17. Jahrhundert die h\u00e4ufigste Scherenform.<br \/>\nIm Gegensatz zur Gelenkschere war sie ein Fortschritt, da sich die Klingen durch die Spannung auf dem B\u00fcgel von allein wieder \u00f6ffneten und die Schere ohne Problem einh\u00e4ndig verwendet werden konnten.<br \/>\nDeswegen wurden solche Scheren gerne von Tuchscherern verwendet.<\/p>\n<p><span style=\"font-size: 75%;\">Dekorationsartikel geh\u00f6ren nicht zum Lieferumfang<\/span><\/p>\n","protected":false},"excerpt":{"rendered":"<p>Eine handgeschmiedete B\u00fcgelschere mit Lederscheide 12,5 cm lang ca. 3,5 cm breit 2 mm Klingenst\u00e4rke, ca. 7 mm B\u00fcgelbreite. Geliefert wird eine stabile und funktionierende B\u00fcgelschere. Sie wurde handgeschmiedet und liegt durch ihre Gr\u00f6\u00dfe und den stabilen B\u00fcgel gut in der Hand. Die B\u00fcgelschere war in Europa bis ins 17. Jahrhundert die h\u00e4ufigste Scherenform. Im [&#8230;]\n","protected":false},"featured_media":9165,"comment_status":"open","ping_status":"closed","template":"","meta":[],"product_cat":[144,85,80,81],"product_tag":[],"class_list":{"0":"post-9137","1":"product","2":"type-product","3":"status-publish","4":"has-post-thumbnail","6":"product_cat-alltagsgegenstaende","7":"product_cat-bastelbedarf","8":"product_cat-kueche","9":"product_cat-lagerausstattung","10":"tm-no-options","12":"first","13":"instock","14":"taxable","15":"shipping-taxable","16":"purchasable","17":"product-type-simple"},"_links":{"self":[{"href":"https:\/\/staging.mittelalterkraemer.de\/index.php?rest_route=\/wp\/v2\/product\/9137","targetHints":{"allow":["GET"]}}],"collection":[{"href":"https:\/\/staging.mittelalterkraemer.de\/index.php?rest_route=\/wp\/v2\/product"}],"about":[{"href":"https:\/\/staging.mittelalterkraemer.de\/index.php?rest_route=\/wp\/v2\/types\/product"}],"replies":[{"embeddable":true,"href":"https:\/\/staging.mittelalterkraemer.de\/index.php?rest_route=%2Fwp%2Fv2%2Fcomments&post=9137"}],"wp:featuredmedia":[{"embeddable":true,"href":"https:\/\/staging.mittelalterkraemer.de\/index.php?rest_route=\/wp\/v2\/media\/9165"}],"wp:attachment":[{"href":"https:\/\/staging.mittelalterkraemer.de\/index.php?rest_route=%2Fwp%2Fv2%2Fmedia&parent=9137"}],"wp:term":[{"taxonomy":"product_cat","embeddable":true,"href":"https:\/\/staging.mittelalterkraemer.de\/index.php?rest_route=%2Fwp%2Fv2%2Fproduct_cat&post=9137"},{"taxonomy":"product_tag","embeddable":true,"href":"https:\/\/staging.mittelalterkraemer.de\/index.php?rest_route=%2Fwp%2Fv2%2Fproduct_tag&post=9137"}],"curies":[{"name":"wp","href":"https:\/\/api.w.org\/{rel}","templated":true}]}}