{"id":9135,"date":"2021-02-11T16:52:59","date_gmt":"2021-02-11T14:52:59","guid":{"rendered":"https:\/\/staging.mittelalterkraemer.de\/?post_type=product&#038;p=9135"},"modified":"2021-10-13T11:44:10","modified_gmt":"2021-10-13T09:44:10","slug":"holzloeffel-aus-harthoelzern","status":"publish","type":"product","link":"https:\/\/staging.mittelalterkraemer.de\/?product=holzloeffel-aus-harthoelzern","title":{"rendered":"Holzl\u00f6ffel aus Harth\u00f6lzern"},"content":{"rendered":"<p>Holzl\u00f6ffel aus Harth\u00f6lzern<\/p>\n<p>L\u00e4nge ca. 17,5 cm<br \/>\nBreite ca. 3,5 cm<\/p>\n<p>L\u00f6ffel waren im Hochmittelalter gar nicht so sehr gel\u00e4ufig wie man glauben sollte. F\u00fcr gew\u00f6hnlich hat man mit Brot die fl\u00fcssigen Speisen aufgenommen und den Rest mit den Fingern gegessen. L\u00f6ffel sind jedenfalls selten abgebildet und praktisch nicht als Funde zu finden. Aber das liegt vor allem daran das kaputte L\u00f6ffel noch verbrannt wurden.<\/p>\n<p>Wir sind L\u00f6ffel jedoch gewohnt und benutzen sie gerne.<br \/>\nDeswegen bieten wir den Holzl\u00f6ffel aus verschiedenen Harth\u00f6lzern an.<\/p>\n<p>Diese sch\u00f6nen, schlanken Exemplare aus fein gearbeitetem Hartholz sind mit lebensmittelechtem Rotholzgel behandelt und deswegen geschmeidig im Mundgef\u00fchl und durch die filigrane Machart leicht in der Hand. Auch wenn die L\u00f6ffel CNC-gefr\u00e4st ein Massenprodukt zu sein scheinen, gleicht auf Grund der Rohlinge aus allen m\u00f6glichen H\u00f6lzern kein L\u00f6ffel exakt dem anderen.<\/p>\n<p><span style=\"font-size: 75%;\">Dekorationsartikel geh\u00f6ren nicht zum Lieferumfang<\/span><\/p>\n","protected":false},"excerpt":{"rendered":"<p>Holzl\u00f6ffel aus Harth\u00f6lzern L\u00e4nge ca. 17,5 cm Breite ca. 3,5 cm L\u00f6ffel waren im Hochmittelalter gar nicht so sehr gel\u00e4ufig wie man glauben sollte. F\u00fcr gew\u00f6hnlich hat man mit Brot die fl\u00fcssigen Speisen aufgenommen und den Rest mit den Fingern gegessen. L\u00f6ffel sind jedenfalls selten abgebildet und praktisch nicht als Funde zu finden. Aber das [&#8230;]\n","protected":false},"featured_media":9167,"comment_status":"open","ping_status":"closed","template":"","meta":[],"product_cat":[144,80,81],"product_tag":[],"class_list":{"0":"post-9135","1":"product","2":"type-product","3":"status-publish","4":"has-post-thumbnail","6":"product_cat-alltagsgegenstaende","7":"product_cat-kueche","8":"product_cat-lagerausstattung","9":"tm-no-options","11":"first","12":"instock","13":"taxable","14":"shipping-taxable","15":"purchasable","16":"product-type-simple"},"_links":{"self":[{"href":"https:\/\/staging.mittelalterkraemer.de\/index.php?rest_route=\/wp\/v2\/product\/9135","targetHints":{"allow":["GET"]}}],"collection":[{"href":"https:\/\/staging.mittelalterkraemer.de\/index.php?rest_route=\/wp\/v2\/product"}],"about":[{"href":"https:\/\/staging.mittelalterkraemer.de\/index.php?rest_route=\/wp\/v2\/types\/product"}],"replies":[{"embeddable":true,"href":"https:\/\/staging.mittelalterkraemer.de\/index.php?rest_route=%2Fwp%2Fv2%2Fcomments&post=9135"}],"wp:featuredmedia":[{"embeddable":true,"href":"https:\/\/staging.mittelalterkraemer.de\/index.php?rest_route=\/wp\/v2\/media\/9167"}],"wp:attachment":[{"href":"https:\/\/staging.mittelalterkraemer.de\/index.php?rest_route=%2Fwp%2Fv2%2Fmedia&parent=9135"}],"wp:term":[{"taxonomy":"product_cat","embeddable":true,"href":"https:\/\/staging.mittelalterkraemer.de\/index.php?rest_route=%2Fwp%2Fv2%2Fproduct_cat&post=9135"},{"taxonomy":"product_tag","embeddable":true,"href":"https:\/\/staging.mittelalterkraemer.de\/index.php?rest_route=%2Fwp%2Fv2%2Fproduct_tag&post=9135"}],"curies":[{"name":"wp","href":"https:\/\/api.w.org\/{rel}","templated":true}]}}