{"id":9134,"date":"2021-02-11T16:47:47","date_gmt":"2021-02-11T14:47:47","guid":{"rendered":"https:\/\/staging.mittelalterkraemer.de\/?post_type=product&#038;p=9134"},"modified":"2021-10-13T11:44:10","modified_gmt":"2021-10-13T09:44:10","slug":"kleine-handgeschmiedete-messerklinge-zum-selbst-heften","status":"publish","type":"product","link":"https:\/\/staging.mittelalterkraemer.de\/?product=kleine-handgeschmiedete-messerklinge-zum-selbst-heften","title":{"rendered":"Kleine handgeschmiedete Messerklinge"},"content":{"rendered":"<p>Kleine handgeschmiedete Messerklinge zum selbst Heften<\/p>\n<p>L\u00e4nge 13 cm<br \/>\nKlingenl\u00e4nge ca. 9 cm<br \/>\nKlingenst\u00e4rke ca. 1,5 mm am R\u00fccken<\/p>\n<p>Klinge aus Carbonstahl ist vorgeschliffen. Finish kann damit vom Kunden individuell vorgenommen werden.<\/p>\n<p>Gebrauchs- und Alltagsmesser, auch Steckangelmesser genannt, wie es im ganzen Mittelalter zu Hauf und von jedem Stand verwendet wurde.<br \/>\nDer Griff kann vom Kunden aus jedem denkbaren Material hergestellt werden und selbst eingeschlagen werden.<\/p>\n<p><span style=\"font-size: 75%;\">Dekorationsartikel geh\u00f6ren nicht zum Lieferumfang<\/span><\/p>\n","protected":false},"excerpt":{"rendered":"<p>Kleine handgeschmiedete Messerklinge zum selbst Heften L\u00e4nge 13 cm Klingenl\u00e4nge ca. 9 cm Klingenst\u00e4rke ca. 1,5 mm am R\u00fccken Klinge aus Carbonstahl ist vorgeschliffen. Finish kann damit vom Kunden individuell vorgenommen werden. Gebrauchs- und Alltagsmesser, auch Steckangelmesser genannt, wie es im ganzen Mittelalter zu Hauf und von jedem Stand verwendet wurde. Der Griff kann vom [&#8230;]\n","protected":false},"featured_media":9146,"comment_status":"open","ping_status":"closed","template":"","meta":[],"product_cat":[144,85,86,80,81,84],"product_tag":[],"class_list":{"0":"post-9134","1":"product","2":"type-product","3":"status-publish","4":"has-post-thumbnail","6":"product_cat-alltagsgegenstaende","7":"product_cat-bastelbedarf","8":"product_cat-einzelstuecke","9":"product_cat-kueche","10":"product_cat-lagerausstattung","11":"product_cat-rohstoffe","12":"tm-no-options","14":"first","15":"instock","16":"taxable","17":"shipping-taxable","18":"purchasable","19":"product-type-simple"},"_links":{"self":[{"href":"https:\/\/staging.mittelalterkraemer.de\/index.php?rest_route=\/wp\/v2\/product\/9134","targetHints":{"allow":["GET"]}}],"collection":[{"href":"https:\/\/staging.mittelalterkraemer.de\/index.php?rest_route=\/wp\/v2\/product"}],"about":[{"href":"https:\/\/staging.mittelalterkraemer.de\/index.php?rest_route=\/wp\/v2\/types\/product"}],"replies":[{"embeddable":true,"href":"https:\/\/staging.mittelalterkraemer.de\/index.php?rest_route=%2Fwp%2Fv2%2Fcomments&post=9134"}],"wp:featuredmedia":[{"embeddable":true,"href":"https:\/\/staging.mittelalterkraemer.de\/index.php?rest_route=\/wp\/v2\/media\/9146"}],"wp:attachment":[{"href":"https:\/\/staging.mittelalterkraemer.de\/index.php?rest_route=%2Fwp%2Fv2%2Fmedia&parent=9134"}],"wp:term":[{"taxonomy":"product_cat","embeddable":true,"href":"https:\/\/staging.mittelalterkraemer.de\/index.php?rest_route=%2Fwp%2Fv2%2Fproduct_cat&post=9134"},{"taxonomy":"product_tag","embeddable":true,"href":"https:\/\/staging.mittelalterkraemer.de\/index.php?rest_route=%2Fwp%2Fv2%2Fproduct_tag&post=9134"}],"curies":[{"name":"wp","href":"https:\/\/api.w.org\/{rel}","templated":true}]}}