{"id":8578,"date":"2020-12-04T15:45:19","date_gmt":"2020-12-04T13:45:19","guid":{"rendered":"https:\/\/staging.mittelalterkraemer.de\/?post_type=product&#038;p=8578"},"modified":"2021-03-05T13:10:47","modified_gmt":"2021-03-05T11:10:47","slug":"flache-damenschuhe","status":"publish","type":"product","link":"https:\/\/staging.mittelalterkraemer.de\/?product=flache-damenschuhe","title":{"rendered":"Flache Schuhe"},"content":{"rendered":"<p>Flache mittelalterliche Schuhe mit leicht verl\u00e4ngerten Spitzen.<\/p>\n<p><strong>Basierend auf zahlreichen auf das 14. und 15. Jahrhundert datierten Funden in ganz Westeuropa. Im speziellen nach einem linken Schuh der im <a href=\"https:\/\/collections.museumoflondon.org.uk\/online\/object\/32657.html\">Museum of London<\/a> eingelagert ist.<\/strong><\/p>\n<p>Die Schuhe sind komplett handvern\u00e4ht und wendegen\u00e4ht. Das Material ist nat\u00fcrliches Rindsleder.<br \/>\nVerschlossen werden die Schuhe mit einem Riemen mit Messingschnalle.<\/p>\n<p>Schuhe waren im Mittelalter was die Form anging geschlechtsneutral, so auch hier bei uns.<\/p>\n<p>Die Hacken sind mit zus\u00e4tzlichem Leder verst\u00e4rkt und die Sohlen sind ungef\u00e4hr 4,5 mm stark.<\/p>\n","protected":false},"excerpt":{"rendered":"<p>Flache mittelalterliche Schuhe mit leicht verl\u00e4ngerten Spitzen. Basierend auf zahlreichen auf das 14. und 15. Jahrhundert datierten Funden in ganz Westeuropa. Im speziellen nach einem linken Schuh der im Museum of London eingelagert ist. Die Schuhe sind komplett handvern\u00e4ht und wendegen\u00e4ht. Das Material ist nat\u00fcrliches Rindsleder. Verschlossen werden die Schuhe mit einem Riemen mit Messingschnalle. [&#8230;]\n","protected":false},"featured_media":8588,"comment_status":"open","ping_status":"closed","template":"","meta":[],"product_cat":[92,96],"product_tag":[],"class_list":{"0":"post-8578","1":"product","2":"type-product","3":"status-publish","4":"has-post-thumbnail","6":"product_cat-schuhe","7":"product_cat-schuhe-herren","8":"product_shipping_class-stdversand","9":"tm-no-options","11":"first","12":"instock","13":"taxable","14":"shipping-taxable","15":"purchasable","16":"product-type-variable"},"_links":{"self":[{"href":"https:\/\/staging.mittelalterkraemer.de\/index.php?rest_route=\/wp\/v2\/product\/8578","targetHints":{"allow":["GET"]}}],"collection":[{"href":"https:\/\/staging.mittelalterkraemer.de\/index.php?rest_route=\/wp\/v2\/product"}],"about":[{"href":"https:\/\/staging.mittelalterkraemer.de\/index.php?rest_route=\/wp\/v2\/types\/product"}],"replies":[{"embeddable":true,"href":"https:\/\/staging.mittelalterkraemer.de\/index.php?rest_route=%2Fwp%2Fv2%2Fcomments&post=8578"}],"wp:featuredmedia":[{"embeddable":true,"href":"https:\/\/staging.mittelalterkraemer.de\/index.php?rest_route=\/wp\/v2\/media\/8588"}],"wp:attachment":[{"href":"https:\/\/staging.mittelalterkraemer.de\/index.php?rest_route=%2Fwp%2Fv2%2Fmedia&parent=8578"}],"wp:term":[{"taxonomy":"product_cat","embeddable":true,"href":"https:\/\/staging.mittelalterkraemer.de\/index.php?rest_route=%2Fwp%2Fv2%2Fproduct_cat&post=8578"},{"taxonomy":"product_tag","embeddable":true,"href":"https:\/\/staging.mittelalterkraemer.de\/index.php?rest_route=%2Fwp%2Fv2%2Fproduct_tag&post=8578"}],"curies":[{"name":"wp","href":"https:\/\/api.w.org\/{rel}","templated":true}]}}