{"id":8564,"date":"2020-12-04T14:52:14","date_gmt":"2020-12-04T12:52:14","guid":{"rendered":"https:\/\/staging.mittelalterkraemer.de\/?post_type=product&#038;p=8564"},"modified":"2021-03-05T13:10:52","modified_gmt":"2021-03-05T11:10:52","slug":"halbhohe-stiefel","status":"publish","type":"product","link":"https:\/\/staging.mittelalterkraemer.de\/?product=halbhohe-stiefel","title":{"rendered":"Halbhohe Stiefel"},"content":{"rendered":"<p>Handvern\u00e4hte halbhohe Stiefel aus nat\u00fcrlichem Rinderleder.<\/p>\n<p><strong>Diese mittelalterlichen Stiefel sind mit zwei ledernen Streifen zu verschlie\u00dfen.<\/strong><\/p>\n<p>Unsere Schuhe basieren auf Funden aus London und Danzig die auf ins 14. und 15. Jahrhundert datiert wurden.<\/p>\n<p>Schuhe waren im Mittelalter was die Form anging geschlechtsneutral, so auch hier bei uns.<\/p>\n<p>Die Kanten der Schuhe sind ges\u00e4umt, die Schuhe haben Zungen und die Hacken sind von innen verst\u00e4rkt.<br \/>\nDie Sohlen sind ungef\u00e4hr 4,5 mm dick.<\/p>\n<div class=\"Table\">\n<div class=\"Row\">\n<div class=\"Cell\"><\/div>\n<\/div>\n<div class=\"Row\">\n<div class=\"Cell\">\n<p>&nbsp;<\/p>\n<\/div>\n<\/div>\n<\/div>\n","protected":false},"excerpt":{"rendered":"<p>Handvern\u00e4hte halbhohe Stiefel aus nat\u00fcrlichem Rinderleder. Diese mittelalterlichen Stiefel sind mit zwei ledernen Streifen zu verschlie\u00dfen. Unsere Schuhe basieren auf Funden aus London und Danzig die auf ins 14. und 15. Jahrhundert datiert wurden. Schuhe waren im Mittelalter was die Form anging geschlechtsneutral, so auch hier bei uns. Die Kanten der Schuhe sind ges\u00e4umt, die [&#8230;]\n","protected":false},"featured_media":8565,"comment_status":"open","ping_status":"closed","template":"","meta":[],"product_cat":[92,96],"product_tag":[],"class_list":{"0":"post-8564","1":"product","2":"type-product","3":"status-publish","4":"has-post-thumbnail","6":"product_cat-schuhe","7":"product_cat-schuhe-herren","8":"product_shipping_class-stdversand","9":"tm-no-options","11":"first","12":"instock","13":"taxable","14":"shipping-taxable","15":"purchasable","16":"product-type-variable"},"_links":{"self":[{"href":"https:\/\/staging.mittelalterkraemer.de\/index.php?rest_route=\/wp\/v2\/product\/8564","targetHints":{"allow":["GET"]}}],"collection":[{"href":"https:\/\/staging.mittelalterkraemer.de\/index.php?rest_route=\/wp\/v2\/product"}],"about":[{"href":"https:\/\/staging.mittelalterkraemer.de\/index.php?rest_route=\/wp\/v2\/types\/product"}],"replies":[{"embeddable":true,"href":"https:\/\/staging.mittelalterkraemer.de\/index.php?rest_route=%2Fwp%2Fv2%2Fcomments&post=8564"}],"wp:featuredmedia":[{"embeddable":true,"href":"https:\/\/staging.mittelalterkraemer.de\/index.php?rest_route=\/wp\/v2\/media\/8565"}],"wp:attachment":[{"href":"https:\/\/staging.mittelalterkraemer.de\/index.php?rest_route=%2Fwp%2Fv2%2Fmedia&parent=8564"}],"wp:term":[{"taxonomy":"product_cat","embeddable":true,"href":"https:\/\/staging.mittelalterkraemer.de\/index.php?rest_route=%2Fwp%2Fv2%2Fproduct_cat&post=8564"},{"taxonomy":"product_tag","embeddable":true,"href":"https:\/\/staging.mittelalterkraemer.de\/index.php?rest_route=%2Fwp%2Fv2%2Fproduct_tag&post=8564"}],"curies":[{"name":"wp","href":"https:\/\/api.w.org\/{rel}","templated":true}]}}