{"id":557,"date":"2020-09-25T12:28:30","date_gmt":"2020-09-25T12:28:30","guid":{"rendered":"https:\/\/staging.mittelalterkraemer.de\/?product=leinengesichtsmaske"},"modified":"2021-03-08T18:24:52","modified_gmt":"2021-03-08T16:24:52","slug":"leinengesichtsmaske","status":"publish","type":"product","link":"https:\/\/staging.mittelalterkraemer.de\/?product=leinengesichtsmaske","title":{"rendered":"Leinengesichtsmaske"},"content":{"rendered":"<p>Leinengesichtsmaske zum Wiederverwenden.<br \/>\nAus drei Lagen, 2 Lagen Leinen, innen und au\u00dfen. Dazwischen eine Lage Filz zur Filterung.<br \/>\nIn drei Gr\u00f6\u00dfen in ergonomischer Form, dass die Masken wirklich am Gesicht abschlie\u00dfen und keine Falten werfen wie gew\u00f6hnliche Wegwerfmasken aus dem Baumarkt.<br \/>\nGelb\/Schwarz; Wei\u00df\/Schwarz; Dunkelrot\/Schwarz; Schwarz, Gelb, Blau, Gr\u00fcn.<br \/>\nDie anderen abgebildeten Farbkombinationen sind leider derzeit vergriffen. Aufgedruckte Muster k\u00f6nnen abweichen.<\/p>\n<p>3-5 Tage Lieferzeit.<br \/>\nGr\u00f6\u00dfe S ist m\u00f6glich, allerdings nur mit einer Lieferzeit von 10-14 Tagen.<\/p>\n<p>Aus hygienischen Gr\u00fcnden ist der Umtausch der Masken ausgeschlossen!<\/p>\n<p>Produziert in der EU!<\/p>\n<p><b><br \/>\nMehr Sicherheit im Alltag.<\/b><\/p>\n<p>&nbsp;<\/p>\n<p>Die Masken sch\u00fctzen nat\u00fcrlich nicht 100% gegen die Viren tragenden feinen Tr\u00f6pfchen aus der Atemluft. Aber sie bewahren einen vor gro\u00dfen Tr\u00f6pfchen bei feuchter Aussprache zum Beispiel, und vor allem auch davor sich selbst mit kontaminierten H\u00e4nden an Mund oder Nase zu fassen. Und sie schr\u00e4nken das Verbreiten der Tr\u00f6pfchen bei Hustern oder Niesern deutlich ein.<\/p>\n<p>Au\u00dferdem erinnern sie einen einfach daran seinen Abstand einzuhalten.<\/p>\n<p>Beim Abnehmen darauf achten dass man die Masken an den B\u00e4ndern anfasst, hinter einem Ohr l\u00f6st und dann nach vorne abnimmt. Man muss unbedingt vermeiden sich die Au\u00dfenseite ins Gesicht zu schmieren oder jemand anderes mit der Innenseite in Ber\u00fchrung zu bringen.<\/p>\n<p>Leinen kann man kochen und damit wieder sterilisieren und dadurch mehrfach verwenden. Am besten man legt sie nach dem Tragen 10 Minuten in, zum Beispiel im Wasserkocher, frisch aufgekochtes Wasser und w\u00e4scht sie danach nochmal. Anschlie\u00dfendes B\u00fcgeln zerst\u00f6rt ebenfalls Viren.<\/p>\n<p>Wir empfehlen eine solche Sterilisation vor der ersten Benutzung durchzuf\u00fchren.<\/p>\n<p>Bitte bedenkt! Es ist sinnvoll mehrere Masken zu haben, weil man Ersatz braucht wenn die benutzten in der W\u00e4sche sind.<\/p>\n<p>Medizinische, sichere, zertifizierte Masken m\u00fcssen unbedingt dem medizinischen Personal gelassen werden. Mit diesen Masken hier k\u00f6nnen wir uns mit der richtigen Handhabung behelfen und VOR ALLEM unsere Mitmenschen sch\u00fctzen falls wir symptomlos infekti\u00f6s sind.<\/p>\n<p>Weitere Informationen des Robert-Koch-Instituts zu den Behelfsmasken.<br \/>\n<a href=\"https:\/\/www.rki.de\/DE\/Content\/InfAZ\/N\/Neuartiges_Coronavirus\/Arbeitsschutz_Tab.html\"> <u><b>Hier Klicken.<\/b><\/u><\/a><\/p>\n","protected":false},"excerpt":{"rendered":"<p>Leinengesichtsmaske zum Wiederverwenden. Aus drei Lagen, 2 Lagen Leinen, innen und au\u00dfen. Dazwischen eine Lage Filz zur Filterung. In drei Gr\u00f6\u00dfen in ergonomischer Form, dass die Masken wirklich am Gesicht abschlie\u00dfen und keine Falten werfen wie gew\u00f6hnliche Wegwerfmasken aus dem Baumarkt. Gelb\/Schwarz; Wei\u00df\/Schwarz; Dunkelrot\/Schwarz; Schwarz, Gelb, Blau, Gr\u00fcn. Die anderen abgebildeten Farbkombinationen sind leider derzeit [&#8230;]\n","protected":false},"featured_media":558,"comment_status":"open","ping_status":"closed","template":"","meta":[],"product_cat":[73],"product_tag":[],"class_list":{"0":"post-557","1":"product","2":"type-product","3":"status-publish","4":"has-post-thumbnail","6":"product_cat-aktuelles","7":"product_shipping_class-stdversand","8":"tm-no-options","10":"first","11":"instock","12":"taxable","13":"shipping-taxable","14":"purchasable","15":"product-type-variable","16":"has-default-attributes"},"_links":{"self":[{"href":"https:\/\/staging.mittelalterkraemer.de\/index.php?rest_route=\/wp\/v2\/product\/557","targetHints":{"allow":["GET"]}}],"collection":[{"href":"https:\/\/staging.mittelalterkraemer.de\/index.php?rest_route=\/wp\/v2\/product"}],"about":[{"href":"https:\/\/staging.mittelalterkraemer.de\/index.php?rest_route=\/wp\/v2\/types\/product"}],"replies":[{"embeddable":true,"href":"https:\/\/staging.mittelalterkraemer.de\/index.php?rest_route=%2Fwp%2Fv2%2Fcomments&post=557"}],"wp:featuredmedia":[{"embeddable":true,"href":"https:\/\/staging.mittelalterkraemer.de\/index.php?rest_route=\/wp\/v2\/media\/558"}],"wp:attachment":[{"href":"https:\/\/staging.mittelalterkraemer.de\/index.php?rest_route=%2Fwp%2Fv2%2Fmedia&parent=557"}],"wp:term":[{"taxonomy":"product_cat","embeddable":true,"href":"https:\/\/staging.mittelalterkraemer.de\/index.php?rest_route=%2Fwp%2Fv2%2Fproduct_cat&post=557"},{"taxonomy":"product_tag","embeddable":true,"href":"https:\/\/staging.mittelalterkraemer.de\/index.php?rest_route=%2Fwp%2Fv2%2Fproduct_tag&post=557"}],"curies":[{"name":"wp","href":"https:\/\/api.w.org\/{rel}","templated":true}]}}