{"id":552,"date":"2020-09-25T12:28:30","date_gmt":"2020-09-25T12:28:30","guid":{"rendered":"https:\/\/staging.mittelalterkraemer.de\/?product=hochmittelalter-pavillionzelt-mit-einem-mast-leinen"},"modified":"2021-03-05T13:11:44","modified_gmt":"2021-03-05T11:11:44","slug":"hochmittelalter-pavillionzelt-mit-einem-mast-leinen","status":"publish","type":"product","link":"https:\/\/staging.mittelalterkraemer.de\/?product=hochmittelalter-pavillionzelt-mit-einem-mast-leinen","title":{"rendered":"Hochmittelalter &#8211; Pavillionzelt mit einem Mast"},"content":{"rendered":"<p>Ein Pavillonzelt aus Baumwolle oder Leinen<br \/>\nDurchmesser am Boden 4 Meter<br \/>\nInklusive Abspannung mindestens 7 Meter.<br \/>\nH\u00f6he 3,5 Meter<\/p>\n<p>Impr\u00e4gnierte Baumwolle ca. 300g\/qm<br \/>\noder<br \/>\nImpr\u00e4gniertes Leinen ca. 550 g\/qm<\/p>\n<p>Optional mit nicht sichtbaren Kunststoffstreifen in den N\u00e4hten zur Verst\u00e4rkung und zur besseren Abdichtung (+ 175 Euro).<\/p>\n<p>Paketinhalt:<br \/>\n2 Planen (Dach und Wand), Holzmast (2 Teile), Runde Zeltspitze, Kleine Fahnenstange,<br \/>\n35 Heringe + 2 Ersatz, Metallset zur Verbindung der Masten (siehe Foto), 35 Holzn\u00e4gel um die Zeltwand und die Spannseile am Dach anzubringen,<br \/>\n3 Sturmleinen mit 7,5 m L\u00e4nge, 16 Spannseile \u00e0 4 Meter und 16 \u00e0 1,5 Meter an die Langen angebracht.<\/p>\n<p>Lieferzeit maximal 4 Wochen nach Zahlungseingang.<\/p>\n<p><b>Ein Einmast-Pavillonzelt aus Leinen.<br \/>\nDas sechzehneckige Zelt steht mit einem zweigeteilten Masten und wird lediglich mit Spannseilen stabilisiert. Das macht das Transportpaket leichter und kleiner, als das bei einem f\u00fcr das Mittelalter ebenfalls denkbarem Speichenradzelt der Fall w\u00e4re, ohne dass dies auf die Stabilit\u00e4t der Konstruktion negativen Einfluss h\u00e4tte. Man muss nur darauf achten dass man m\u00f6glichst weit abspannt.<br \/>\nDie W\u00e4nde sind ebenfalls abnehmbar (anders wie auf dem Foto! Richtig abgebildet und gut zu erkennen ist die Machart bei den Bildern zum gro\u00dfen und zum normalen Zweimast-Pavillon.). Was den Aufbau auch sehr einfach macht und mit etwas \u00dcbung trotz der Gr\u00f6\u00dfe auch allein zu bewerkstelligen ist. Der Mast ist wie bereits erw\u00e4hnt zweigeteilt um sie besser transportieren zu k\u00f6nnen. Er wird mit Eisenstiften verbunden, wie im Einklinker im Foto zu sehen. Eisenplatten verst\u00e4rken die Verbindung<br \/>\nDie Stangen sind mit Bienenwachs gewachst.<br \/>\nDer Durchmesser des Zeltes am Boden misst ungef\u00e4hr 4 Meter. <\/b><\/p>\n<p>St\u00e4hlerne Heringe (Vierkantmaterial 35 cm lang) sind dabei. Die impr\u00e4gnierte Baumwolle wiegt 300 Gramm pro Quadratmeter, Leinen 550 Gramm pro Quadratmeter. Das Material Baumwolle ist nat\u00fcrlich f\u00fcr unsere Region und das Hochmittelalter nicht authentisch. Aber dieses Zelt ist eben deutlich preiswerter als ein Pendant aus Leinen.<\/p>\n<p>&nbsp;<\/p>\n<p>Die Ritter erfanden das Camping.<br \/>\nBei Reisen mit wenig Gefolge zog man f\u00fcr gew\u00f6hnlich von Burg zu Burg oder von Stadt zu Stadt.<br \/>\nGr\u00f6\u00dfere Gefolge hatten da aber oft gar keinen Platz und so wurden Zeltlager erstellt.<br \/>\nAuch f\u00fcr Belagerungen wurden als erstes Zeltst\u00e4dte als Heerlager aufgebaut. Sp\u00e4ter im Mittelalter wurden auch Trutzburgen gebaut, aber selbst bis die standen musste auch erst in Zelten campiert werden.<br \/>\nIn jedem Fall verbrachten Adelige viel Zeit auf Reisen und die M\u00f6bel die sie besa\u00dfen waren stabil und leicht zerlegbar, da sie auf Reisen f\u00fcr gew\u00f6hnlich komplett mitgenommen wurden.<br \/>\nDiese Feldz\u00fcge nennt man auch Kampagne (aus dem Franz\u00f6sischen) woher tats\u00e4chlich auch das Wort Camping r\u00fchrt.<\/p>\n<p>Die Pavillonzelte (und Speichenradzelte) waren durch ihr komfortable Standh\u00f6he die Luxusvariante eines Zeltes, und somit typische Ritterzelte.<\/p>\n<p>Bilder von den hier angeboteten Pavillonzelten findet man in der Parzival-Handschrift und im Rolandlied. Beides<\/p>\n<p>Codices die in der Mitte des 13. Jh. entstanden. Ab diesem Zeitpunkt setzten sie sich mehr und mehr durch, bis sie mit den Speichenradzelten im 14. und 15. Jahrhundert den Schwerpunkt jedes Heerlagers bildeten.<br \/>\nOft sind diese Zelte auch bunt bemalt.<\/p>\n<p><span style=\"font-size: 75%;\">Dekorationsartikel geh\u00f6ren nicht zum Lieferumfang<\/span><\/p>\n<p><span style=\"font-size: 75%;\">****Wind- und Schmutzschutz an der Unterkante der Seitenw\u00e4nde des Zeltes angen\u00e4ht. Aus dem Obermaterial gefertigt, also aus impr\u00e4gnierter Baumwolle oder Leinen in der Gewichtung wie im Produkt beschrieben. Sch\u00fctzt die W\u00e4nde vor Schmutz bei aufgeweichten Wiesen und unterdr\u00fcckt Zugluft bei Wind.<\/span><\/p>\n","protected":false},"excerpt":{"rendered":"<p>Ein Pavillonzelt aus Baumwolle oder Leinen Durchmesser am Boden 4 Meter Inklusive Abspannung mindestens 7 Meter. H\u00f6he 3,5 Meter Impr\u00e4gnierte Baumwolle ca. 300g\/qm oder Impr\u00e4gniertes Leinen ca. 550 g\/qm Optional mit nicht sichtbaren Kunststoffstreifen in den N\u00e4hten zur Verst\u00e4rkung und zur besseren Abdichtung (+ 175 Euro). Paketinhalt: 2 Planen (Dach und Wand), Holzmast (2 Teile), [&#8230;]\n","protected":false},"featured_media":8957,"comment_status":"open","ping_status":"closed","template":"","meta":[],"product_cat":[82],"product_tag":[],"class_list":{"0":"post-552","1":"product","2":"type-product","3":"status-publish","4":"has-post-thumbnail","6":"product_cat-zelte","7":"product_shipping_class-stdversand","8":"tm-has-options","10":"first","11":"instock","12":"taxable","13":"shipping-taxable","14":"purchasable","15":"product-type-simple"},"_links":{"self":[{"href":"https:\/\/staging.mittelalterkraemer.de\/index.php?rest_route=\/wp\/v2\/product\/552","targetHints":{"allow":["GET"]}}],"collection":[{"href":"https:\/\/staging.mittelalterkraemer.de\/index.php?rest_route=\/wp\/v2\/product"}],"about":[{"href":"https:\/\/staging.mittelalterkraemer.de\/index.php?rest_route=\/wp\/v2\/types\/product"}],"replies":[{"embeddable":true,"href":"https:\/\/staging.mittelalterkraemer.de\/index.php?rest_route=%2Fwp%2Fv2%2Fcomments&post=552"}],"wp:featuredmedia":[{"embeddable":true,"href":"https:\/\/staging.mittelalterkraemer.de\/index.php?rest_route=\/wp\/v2\/media\/8957"}],"wp:attachment":[{"href":"https:\/\/staging.mittelalterkraemer.de\/index.php?rest_route=%2Fwp%2Fv2%2Fmedia&parent=552"}],"wp:term":[{"taxonomy":"product_cat","embeddable":true,"href":"https:\/\/staging.mittelalterkraemer.de\/index.php?rest_route=%2Fwp%2Fv2%2Fproduct_cat&post=552"},{"taxonomy":"product_tag","embeddable":true,"href":"https:\/\/staging.mittelalterkraemer.de\/index.php?rest_route=%2Fwp%2Fv2%2Fproduct_tag&post=552"}],"curies":[{"name":"wp","href":"https:\/\/api.w.org\/{rel}","templated":true}]}}