{"id":545,"date":"2020-09-25T12:28:30","date_gmt":"2020-09-25T12:28:30","guid":{"rendered":"https:\/\/staging.mittelalterkraemer.de\/?product=spaetmittelalter-stoffpanzer-mit-geknoepfter-oeffnung-kurz"},"modified":"2021-03-05T13:12:39","modified_gmt":"2021-03-05T11:12:39","slug":"spaetmittelalter-stoffpanzer-mit-geknoepfter-oeffnung-kurz","status":"publish","type":"product","link":"https:\/\/staging.mittelalterkraemer.de\/?product=spaetmittelalter-stoffpanzer-mit-geknoepfter-oeffnung-kurz","title":{"rendered":"Sp\u00e4tmittelalter &#8211; Stoffpanzer mit gekn\u00f6pfter \u00d6ffnung (kurz)"},"content":{"rendered":"<p>Kurzer Gambeson mit zugekn\u00f6pfbarer \u00d6ffnung in der Front<\/p>\n<p>Herstellungsdauer 4 &#8211; 6 Wochen<\/p>\n<p>Alle sichtbaren N\u00e4hte und L\u00f6cher sind handvern\u00e4ht.<\/p>\n<p>Dieser Gambeson ist nicht auf Lager und wird individuell gefertigt. Die Farbe des <a href=\"https:\/\/staging.mittelalterkraemer.de\/?page_id=8707\">Leinenobermaterials<\/a> ist w\u00e4hlbar.<\/p>\n<p>M = 89 &#8211; 94 cm um die H\u00fcfte, Brust 95 &#8211; 105 cm<br \/>\nL = 95 &#8211; 107 cm um die H\u00fcfte, Brust 105 &#8211; 120 cm<br \/>\nXL = 105 &#8211; 120 cm um die H\u00fcfte, Brust 110 &#8211; 135 cm<\/p>\n<p>Wir bieten auch Ma\u00dfanfertigungen an.<br \/>\nWaren auf Ma\u00df sind vom Umtausch ausgeschlossen.<br \/>\nEine Tabelle f\u00fcr die erforderlichen Ma\u00dfe wird von uns nach Zahlungseingang versendet.<\/p>\n<p><b>Dieses Exemplar ist in der f\u00fcr des 14. Jh. typischen L\u00e4nge gefertigt und reicht nur bis kurz \u00fcber den Schritt. Er besteht aus Leinen, innen durch mehrere Lagen aufgepolstert. Er kann wie eine Jacke angezogen und vorne mit Kn\u00f6pfen geschlossen werden. An den Achseln und in den Ellenbeugen ist die Polsterung nicht so dick damit die Bewegung in dieser schweren R\u00fcstung nicht allzu sehr eingeschr\u00e4nkt ist. Diese Variante ist eng geschnitten und ohne Kragen. Also leichter und beweglicher Schutz bei der Jagd, auf Reisen oder zum Tragen unter dem Plattenharnisch, somit zum befestigen der Einzelteile der R\u00fcstung. <\/b><\/p>\n<p>Wie gesagt, dieser Stoffpanzer ist auf mehreren Lagen Leinenstoff und Vlies und daher dicker als viele andere erh\u00e4ltliche (zwei Lagen Vlies am K\u00f6rper, eine an den Armen). Die \u00e4u\u00dfere Leinenschicht ist mit einer unsichtbaren Baumwollschicht verst\u00e4rkt.<\/p>\n<p>Ab dem 14. Jahrhundert waren alle Stoffpanzerungen bzw. in unserem Sprachraum Sarr\u00f6cke wie eine Jacke an der Front zu \u00f6ffnen, da durch aufkommende Brigantinen und Brustpanzer der Schutz an der Brust schon ausreichend gegeben war und der Gambeson so viel einfacher und vor allem auch alleine an- und ausgezogen werden konnte.<br \/>\nDie anderen hier erh\u00e4ltlichen Stoffpanzerungen mit \u00d6ffnung an der Front sind \u00dcbergangsformen zu diesem kurzem Exemplar das wie im 14. Jh. \u00fcblich nur noch bis zum Schritt reicht.<\/p>\n<p>Sarr\u00f6cke sind die g\u00e4ngigste Art eines Kriegers sich zu sch\u00fctzen.<\/p>\n<p>In diesem Fall handelt es sich genaugenommen um einen Aketon, nicht um einen &#8220;Gambeson&#8221; der sich aber als Begriff im allgemeinen Sprachgebrauch durchsetzte. Gambeson hatten eine rautenf\u00f6rmige Steppung da in sie Material wie Pferdehaar und dergleichen eingen\u00e4ht war. Bei der parallelen Steppung der Aketons w\u00fcrde dieses Material verrutschen, da Aketons aus mehreren Schichten Stoff bestehen ist dies aber kein Problem.<\/p>\n<p>Aketons sind also die einfachste M\u00f6glichkeit sich zu sch\u00fctzen.<br \/>\nKettenhemden waren im Hochmittelalter noch selten und selbst als Tr\u00e4ger eines Kettenhemdes Bedarf es eines Stoffpanzers, der vor den viel schlimmeren Br\u00fcchen und Platzwunden sch\u00fctzt. Schnitte, vor denen ein Kettenhemd sch\u00fctzte waren vergleichsweise harmlose Verletzungen, weil sie gut wieder verheilten.<\/p>\n<p><a href=\"https:\/\/staging.mittelalterkraemer.de\/?s=polsterhandschuhe&amp;post_type=product\"><u>Gepolsterte Handschuhe<\/u><\/a> und einen entsprechenden <a href=\"https:\/\/staging.mittelalterkraemer.de\/?product=polsterhaube-mit-kragen\"><u>Polsterhut mit Kragen<\/u><\/a> oder eine <a href=\"https:\/\/staging.mittelalterkraemer.de\/?product=polsterhaube\"><u>Haube<\/u><\/a> die diesen Stoffpanzer vervollst\u00e4ndigen findet ihr auch hier im Shop.<\/p>\n<p><span style=\"font-size: 75%;\">Dekorationsartikel geh\u00f6ren nicht zum Lieferumfang<\/span><\/p>\n<p><span style=\"font-size: 75%;\">*Ma\u00dfgefertigte Produkte werden individuell auf vom Kunden zur Verf\u00fcgung gestellten Ma\u00dfen angefertigt. Die entsprechende Ma\u00dftabelle wird nach Bestellung an die angegebene E-Mail-Adresse versendet. Die Ma\u00dfe m\u00fcssen so genommen werden wie die Kleidung nachher getragen werden soll, also mit entsprechender Unterw\u00e4sche\/-kleidung, falls gew\u00fcnscht. Ma\u00dfgefertigte Waren sind vom Umtausch ausgeschlossen.<\/span><\/p>\n<p><span style=\"font-size: 75%;\">**Komplett handvern\u00e4ht bedeutet dass alle N\u00e4hte von Hand vern\u00e4ht werden, inklusive aller sichtbaren und unsichtbaren N\u00e4hte<\/span><\/p>\n","protected":false},"excerpt":{"rendered":"<p>Kurzer Gambeson mit zugekn\u00f6pfbarer \u00d6ffnung in der Front Herstellungsdauer 4 &#8211; 6 Wochen Alle sichtbaren N\u00e4hte und L\u00f6cher sind handvern\u00e4ht. Dieser Gambeson ist nicht auf Lager und wird individuell gefertigt. Die Farbe des Leinenobermaterials ist w\u00e4hlbar. M = 89 &#8211; 94 cm um die H\u00fcfte, Brust 95 &#8211; 105 cm L = 95 &#8211; 107 [&#8230;]\n","protected":false},"featured_media":546,"comment_status":"open","ping_status":"closed","template":"","meta":[],"product_cat":[76,97],"product_tag":[],"class_list":{"0":"post-545","1":"product","2":"type-product","3":"status-publish","4":"has-post-thumbnail","6":"product_cat-ruestzeug-trainingszubehoer-schilde","7":"product_cat-stoffpanzerung-gambeson-ruestzeug","8":"product_shipping_class-stdversand","9":"tm-has-options","11":"first","12":"instock","13":"taxable","14":"shipping-taxable","15":"purchasable","16":"product-type-variable","17":"has-default-attributes"},"_links":{"self":[{"href":"https:\/\/staging.mittelalterkraemer.de\/index.php?rest_route=\/wp\/v2\/product\/545","targetHints":{"allow":["GET"]}}],"collection":[{"href":"https:\/\/staging.mittelalterkraemer.de\/index.php?rest_route=\/wp\/v2\/product"}],"about":[{"href":"https:\/\/staging.mittelalterkraemer.de\/index.php?rest_route=\/wp\/v2\/types\/product"}],"replies":[{"embeddable":true,"href":"https:\/\/staging.mittelalterkraemer.de\/index.php?rest_route=%2Fwp%2Fv2%2Fcomments&post=545"}],"wp:featuredmedia":[{"embeddable":true,"href":"https:\/\/staging.mittelalterkraemer.de\/index.php?rest_route=\/wp\/v2\/media\/546"}],"wp:attachment":[{"href":"https:\/\/staging.mittelalterkraemer.de\/index.php?rest_route=%2Fwp%2Fv2%2Fmedia&parent=545"}],"wp:term":[{"taxonomy":"product_cat","embeddable":true,"href":"https:\/\/staging.mittelalterkraemer.de\/index.php?rest_route=%2Fwp%2Fv2%2Fproduct_cat&post=545"},{"taxonomy":"product_tag","embeddable":true,"href":"https:\/\/staging.mittelalterkraemer.de\/index.php?rest_route=%2Fwp%2Fv2%2Fproduct_tag&post=545"}],"curies":[{"name":"wp","href":"https:\/\/api.w.org\/{rel}","templated":true}]}}