{"id":543,"date":"2020-09-25T12:28:30","date_gmt":"2020-09-25T12:28:30","guid":{"rendered":"https:\/\/staging.mittelalterkraemer.de\/?product=spaetmittelalter-wamsdoublet"},"modified":"2021-03-05T13:12:47","modified_gmt":"2021-03-05T11:12:47","slug":"spaetmittelalter-wamsdoublet","status":"publish","type":"product","link":"https:\/\/staging.mittelalterkraemer.de\/?product=spaetmittelalter-wamsdoublet","title":{"rendered":"Sp\u00e4tmittelalter &#8211; Wams|Doublet"},"content":{"rendered":"<p>Ein Wams aus Wolle mit Leinen gef\u00fcttert, geschn\u00fcrt oder gekn\u00f6pft.<br \/>\nMa\u00dfgeschneidert*<br \/>\nHerstellungsdauer 4 &#8211; 6 Wochen<\/p>\n<p>Alle sichtbaren N\u00e4hte und L\u00f6cher sind handvern\u00e4ht.<\/p>\n<p>Alle <a href=\"https:\/\/staging.mittelalterkraemer.de\/?page_id=8722\"><u>Wollfarben<\/u><\/a> und <a href=\"https:\/\/staging.mittelalterkraemer.de\/?page_id=8707\"><u>Leinenfarben<\/u><\/a> die zur Auswahl stehen sind hier zu sehen.<\/p>\n<p>Das Produkt wird ma\u00dfgefertigt.<br \/>\nWaren auf Ma\u00df sind vom Umtausch ausgeschlossen.<br \/>\nEine Tabelle f\u00fcr die erforderlichen Ma\u00dfe wird von uns nach Zahlungseingang versendet.<\/p>\n<p><b>Der Wams ist ein unverzichtbares Sp\u00e4tmittelalterkleidungsst\u00fcck denn an ihn wurden alle Arten von Hosen genestelt.<br \/>\nSie hat lange \u00c4rmel ist sehr eng geschnitten und reicht bis zu den Hosen, au\u00dferdem ist sie aus Wollstoff gefertigt und mit einem oft andersfarbigen Leinenstoff gef\u00fcttert. Oft unterschieden sich F\u00fctterung und Obermaterial farblich stark und passten nach unseren Ma\u00dfst\u00e4ben \u00fcberhaupt nicht zusammen. Eng deshalb weil der Wams im Grunde Untergewand war und nur als Hosenhalter diente. \u00dcber ihm trug man Tuniken, Schecken oder Cotthardies.<br \/>\nDie Doublet kann geschn\u00fcrt oder gekn\u00f6pft bestellt werden. Im Fall der gekn\u00f6pften Variante wird er mit ca. 15 gegossenen Zinnkn\u00f6pfen geliefert.<\/b><\/p>\n<p><span style=\"font-size: 75%;\">Dekorationsartikel geh\u00f6ren nicht zum Lieferumfang<\/span><\/p>\n<p><span style=\"font-size: 75%;\">*Ma\u00dfgefertigte Produkte werden individuell auf vom Kunden zur Verf\u00fcgung gestellten Ma\u00dfen angefertigt. Die entsprechende Ma\u00dftabelle wird nach Bestellung an die angegebene E-Mail-Adresse versendet. Die Ma\u00dfe m\u00fcssen so genommen werden wie die Kleidung nachher getragen werden soll, also mit entsprechender Unterw\u00e4sche\/-kleidung, falls gew\u00fcnscht. Ma\u00dfgefertigte Waren sind vom Umtausch ausgeschlossen.<\/span><\/p>\n<p><span style=\"font-size: 75%;\">**Komplett handvern\u00e4ht bedeutet dass alle N\u00e4hte von Hand vern\u00e4ht werden, inklusive aller sichtbaren und unsichtbaren N\u00e4hte.<\/span><\/p>\n<p><span style=\"font-size: 75%;\">***Wollstoff aus mindestens 80% Wolle und h\u00f6chstens 20% Polyamid<\/span><\/p>\n","protected":false},"excerpt":{"rendered":"<p>Ein Wams aus Wolle mit Leinen gef\u00fcttert, geschn\u00fcrt oder gekn\u00f6pft. Ma\u00dfgeschneidert* Herstellungsdauer 4 &#8211; 6 Wochen Alle sichtbaren N\u00e4hte und L\u00f6cher sind handvern\u00e4ht. Alle Wollfarben und Leinenfarben die zur Auswahl stehen sind hier zu sehen. Das Produkt wird ma\u00dfgefertigt. Waren auf Ma\u00df sind vom Umtausch ausgeschlossen. Eine Tabelle f\u00fcr die erforderlichen Ma\u00dfe wird von uns [&#8230;]\n","protected":false},"featured_media":544,"comment_status":"open","ping_status":"closed","template":"","meta":[],"product_cat":[93,75],"product_tag":[],"class_list":{"0":"post-543","1":"product","2":"type-product","3":"status-publish","4":"has-post-thumbnail","6":"product_cat-bekleidung-kleidung-herren","7":"product_cat-kleidung-herren","8":"product_shipping_class-stdversand","9":"tm-has-options","11":"first","12":"instock","13":"taxable","14":"shipping-taxable","15":"purchasable","16":"product-type-simple"},"_links":{"self":[{"href":"https:\/\/staging.mittelalterkraemer.de\/index.php?rest_route=\/wp\/v2\/product\/543","targetHints":{"allow":["GET"]}}],"collection":[{"href":"https:\/\/staging.mittelalterkraemer.de\/index.php?rest_route=\/wp\/v2\/product"}],"about":[{"href":"https:\/\/staging.mittelalterkraemer.de\/index.php?rest_route=\/wp\/v2\/types\/product"}],"replies":[{"embeddable":true,"href":"https:\/\/staging.mittelalterkraemer.de\/index.php?rest_route=%2Fwp%2Fv2%2Fcomments&post=543"}],"wp:featuredmedia":[{"embeddable":true,"href":"https:\/\/staging.mittelalterkraemer.de\/index.php?rest_route=\/wp\/v2\/media\/544"}],"wp:attachment":[{"href":"https:\/\/staging.mittelalterkraemer.de\/index.php?rest_route=%2Fwp%2Fv2%2Fmedia&parent=543"}],"wp:term":[{"taxonomy":"product_cat","embeddable":true,"href":"https:\/\/staging.mittelalterkraemer.de\/index.php?rest_route=%2Fwp%2Fv2%2Fproduct_cat&post=543"},{"taxonomy":"product_tag","embeddable":true,"href":"https:\/\/staging.mittelalterkraemer.de\/index.php?rest_route=%2Fwp%2Fv2%2Fproduct_tag&post=543"}],"curies":[{"name":"wp","href":"https:\/\/api.w.org\/{rel}","templated":true}]}}