{"id":541,"date":"2020-09-25T12:27:39","date_gmt":"2020-09-25T12:27:39","guid":{"rendered":"https:\/\/staging.mittelalterkraemer.de\/?product=spaetmittelalter-mittellange-bruche"},"modified":"2021-03-05T13:12:56","modified_gmt":"2021-03-05T11:12:56","slug":"spaetmittelalter-mittellange-bruche","status":"publish","type":"product","link":"https:\/\/staging.mittelalterkraemer.de\/?product=spaetmittelalter-mittellange-bruche","title":{"rendered":"Sp\u00e4tmittelalter &#8211; Mittellange Bruche"},"content":{"rendered":"<p>Eine Bruche aus Leinen in den Farben Wei\u00df und Natur (Foto).<br \/>\nMa\u00dfgeschneidert*<br \/>\nHerstellungsdauer 4 &#8211; 6 Wochen<\/p>\n<p>Alle sichtbaren N\u00e4hte sind handvern\u00e4ht.<\/p>\n<p>Das Produkt wird ma\u00dfgefertigt.<br \/>\nWaren auf Ma\u00df sind vom Umtausch ausgeschlossen.<br \/>\nEine Tabelle f\u00fcr die erforderlichen Ma\u00dfe wird von uns nach Zahlungseingang versendet.<\/p>\n<p><b>Eine leinene Bruche, oder auch Brouche, mit gerade geschnittenen Beinen die bis kurz vor die Knie reichen. Diese f\u00fcr das 14. Jh. typische L\u00e4nge der Bruche passt ideal zu den <a href=\"https:\/\/staging.mittelalterkraemer.de\/?product=spaetmittelalter-hosen-beinlinge\"><u>sp\u00e4ten Beinlingen<\/u><\/a>. <\/b><\/p>\n<p>Die Bruche als Unterhose des Mannes war das einzige Kleidungsst\u00fcck des Mittelalters das regelm\u00e4\u00dfig gewaschen wurde. Es gab kein weibliches Gegenst\u00fcck.<br \/>\nIhr Zweck war wie der des Hemds die Wolle der \u00dcbergew\u00e4nder vom K\u00f6rper zu trennen. Eben um das Kratzen der Wolle und deren Verschmutzung von innen heraus durch Schwei\u00df und anderes zu verhindern.<br \/>\nDie Bruche als Kleidungsst\u00fcck hatten alle M\u00e4nner des Mittelalters gemeinsam. Egal was sie sonst trugen.<\/p>\n<p><span style=\"font-size: 75%;\">Dekorationsartikel geh\u00f6ren nicht zum Lieferumfang<\/span><\/p>\n<p><span style=\"font-size: 75%;\">*Ma\u00dfgefertigte Produkte werden individuell auf vom Kunden zur Verf\u00fcgung gestellten Ma\u00dfen angefertigt. Die entsprechende Ma\u00dftabelle wird nach Bestellung an die angegebene E-Mail-Adresse versendet. Die Ma\u00dfe m\u00fcssen so genommen werden wie die Kleidung nachher getragen werden soll, also mit entsprechender Unterw\u00e4sche\/-kleidung, falls gew\u00fcnscht. Ma\u00dfgefertigte Waren sind vom Umtausch ausgeschlossen.<\/span><\/p>\n<p><span style=\"font-size: 75%;\">**Komplett handvern\u00e4ht bedeutet dass alle N\u00e4hte von Hand vern\u00e4ht werden, inklusive aller sichtbaren und unsichtbaren N\u00e4hte.<\/span><\/p>\n","protected":false},"excerpt":{"rendered":"<p>Eine Bruche aus Leinen in den Farben Wei\u00df und Natur (Foto). Ma\u00dfgeschneidert* Herstellungsdauer 4 &#8211; 6 Wochen Alle sichtbaren N\u00e4hte sind handvern\u00e4ht. Das Produkt wird ma\u00dfgefertigt. Waren auf Ma\u00df sind vom Umtausch ausgeschlossen. Eine Tabelle f\u00fcr die erforderlichen Ma\u00dfe wird von uns nach Zahlungseingang versendet. Eine leinene Bruche, oder auch Brouche, mit gerade geschnittenen Beinen [&#8230;]\n","protected":false},"featured_media":542,"comment_status":"open","ping_status":"closed","template":"","meta":[],"product_cat":[75,87],"product_tag":[],"class_list":{"0":"post-541","1":"product","2":"type-product","3":"status-publish","4":"has-post-thumbnail","6":"product_cat-kleidung-herren","7":"product_cat-unterbekleidung","8":"product_shipping_class-stdversand","9":"tm-has-options","11":"first","12":"instock","13":"taxable","14":"shipping-taxable","15":"purchasable","16":"product-type-simple"},"_links":{"self":[{"href":"https:\/\/staging.mittelalterkraemer.de\/index.php?rest_route=\/wp\/v2\/product\/541","targetHints":{"allow":["GET"]}}],"collection":[{"href":"https:\/\/staging.mittelalterkraemer.de\/index.php?rest_route=\/wp\/v2\/product"}],"about":[{"href":"https:\/\/staging.mittelalterkraemer.de\/index.php?rest_route=\/wp\/v2\/types\/product"}],"replies":[{"embeddable":true,"href":"https:\/\/staging.mittelalterkraemer.de\/index.php?rest_route=%2Fwp%2Fv2%2Fcomments&post=541"}],"wp:featuredmedia":[{"embeddable":true,"href":"https:\/\/staging.mittelalterkraemer.de\/index.php?rest_route=\/wp\/v2\/media\/542"}],"wp:attachment":[{"href":"https:\/\/staging.mittelalterkraemer.de\/index.php?rest_route=%2Fwp%2Fv2%2Fmedia&parent=541"}],"wp:term":[{"taxonomy":"product_cat","embeddable":true,"href":"https:\/\/staging.mittelalterkraemer.de\/index.php?rest_route=%2Fwp%2Fv2%2Fproduct_cat&post=541"},{"taxonomy":"product_tag","embeddable":true,"href":"https:\/\/staging.mittelalterkraemer.de\/index.php?rest_route=%2Fwp%2Fv2%2Fproduct_tag&post=541"}],"curies":[{"name":"wp","href":"https:\/\/api.w.org\/{rel}","templated":true}]}}