{"id":539,"date":"2020-09-25T12:27:39","date_gmt":"2020-09-25T10:27:39","guid":{"rendered":"https:\/\/staging.mittelalterkraemer.de\/?product=spaetmittelalter-hosen-beinlinge"},"modified":"2021-03-05T13:13:02","modified_gmt":"2021-03-05T11:13:02","slug":"spaetmittelalter-hosen-beinlinge","status":"publish","type":"product","link":"https:\/\/staging.mittelalterkraemer.de\/?product=spaetmittelalter-hosen-beinlinge","title":{"rendered":"Sp\u00e4tmittelalter &#8211; Hosen &#8220;Beinlinge&#8221;"},"content":{"rendered":"<p>Mit Leinen gef\u00fctterte Wollbeinlinge.<br \/>\nMa\u00dfgeschneidert*<br \/>\nHerstellungsdauer 4 &#8211; 6 Wochen<\/p>\n<p>Alle <a href=\"https:\/\/staging.mittelalterkraemer.de\/?page_id=8722\"><u>Wollfarben<\/u><\/a> die zur Auswahl stehen sind hier zu sehen.<\/p>\n<p>Alle sichtbaren N\u00e4hte sind handvern\u00e4ht.<\/p>\n<p>Das Produkt wird ma\u00dfgeschneidert.<br \/>\nWaren auf Ma\u00df sind vom Umtausch ausgeschlossen.<br \/>\nEine Tabelle f\u00fcr die erforderlichen Ma\u00dfe wird von uns nach Zahlungseingang versendet.<\/p>\n<p><b>Die Beinlinge des Sp\u00e4tmittelalters zeichneten sich speziell dadurch aus dass sie direkt an den Wams genestelt wurden, oder alternativ dazu wie auf dem Bild zu sehen an den Beinlingg\u00fcrtel. Schon deswegen reichen sie h\u00f6her an die H\u00fcfte. Hinten bedecken sie sogar schon fast das ganze Hinterteil. Aber NOCH sind sie nicht vern\u00e4ht.<br \/>\nDie angesetzten F\u00fc\u00dfe der von uns angebotenen Beinlinge ersetzten oft mit Ledersohlen versehen zumindest in geschlossenen R\u00e4umen das Schuhwerk.<br \/>\nDie Beinlinge bestehen aus Wollstoff der sowohl w\u00e4rmt als auch k\u00fchlt und sind aufgrund ihrer Variabilit\u00e4t sehr angenehm zu tragen. Wird es einem zu warm, kann man sie sozusagen stufenlos die Richtung Fu\u00df rollen, oder einfach ablegen. Oft wurden sie mit einem zus\u00e4tzlichen B\u00e4ndchen unter den Knieen fixiert und auch bis zu denen heruntergerollt.<br \/>\nDurch die F\u00fctterung mit Leinenstoff bis knapp \u00fcber die Kn\u00f6chel kratzt die Wolle nicht auf der Haut und wird selbst vor Schwei\u00df gesch\u00fctzt.<\/b><\/p>\n<p>Die fr\u00fchstens bekannten Beinlinge tr\u00e4gt die Gletschermumie &#8220;\u00d6tzi&#8221;.<br \/>\nDie hier angebotenen v\u00f6llig getrennten Beinpaare die nur mit einem Nestelband an der Brouche oder einem extra daf\u00fcr vorgesehenen Stoffg\u00fcrtel hielten sich genau in der Art bis in Mitte des 15. Jahrhunderts, wie in dem Buch &#8220;Hours of Catherine of Cleeves&#8221; zu sehen.<br \/>\nErst danach wurden die Beine auch miteinander verbunden. Erst mit immer auff\u00e4lliger werdenden Schamkapseln und Nestelb\u00e4ndern und dann irgendwann einfach mit N\u00e4hten. So entstand die Hose.<br \/>\nBeinling ist \u00fcbrigens ein moderne Wortneusch\u00f6pfung die es m\u00f6glich macht die damaligen Hosen (aus einzelnen Beinen) von den heutigen zu differenzieren. Damals hie\u00df dieses Beinkleid einfach nur Hosen.<\/p>\n<p>Die Hosen werden ohne Nestell\u00f6cher geliefert da die L\u00f6cher entsprechend der Trageweise v\u00f6llig unterschiedlich angebracht sein k\u00f6nnen.<\/p>\n<p>&nbsp;<\/p>\n<p><span style=\"font-size: 75%;\">Dekorationsartikel geh\u00f6ren nicht zum Lieferumfang<\/span><\/p>\n<p><span style=\"font-size: 75%;\">*Ma\u00dfgefertigte Produkte werden individuell auf vom Kunden zur Verf\u00fcgung gestellten Ma\u00dfen angefertigt. Die entsprechende Ma\u00dftabelle wird nach Bestellung an die angegebene E-Mail-Adresse versendet. Die Ma\u00dfe m\u00fcssen so genommen werden wie die Kleidung nachher getragen werden soll, also mit entsprechender Unterw\u00e4sche\/-kleidung, falls gew\u00fcnscht. Ma\u00dfgefertigte Waren sind vom Umtausch ausgeschlossen.<\/span><\/p>\n<p><span style=\"font-size: 75%;\">**Komplett handvern\u00e4ht bedeutet dass alle N\u00e4hte von Hand vern\u00e4ht werden, inklusive aller sichtbaren und unsichtbaren N\u00e4hte.<\/span><\/p>\n<p><span style=\"font-size: 75%;\">***Wollstoff aus mindestens 80% Wolle und h\u00f6chstens 20% Polyamid<\/span><\/p>\n","protected":false},"excerpt":{"rendered":"<p>Mit Leinen gef\u00fctterte Wollbeinlinge. Ma\u00dfgeschneidert* Herstellungsdauer 4 &#8211; 6 Wochen Alle Wollfarben die zur Auswahl stehen sind hier zu sehen. Alle sichtbaren N\u00e4hte sind handvern\u00e4ht. Das Produkt wird ma\u00dfgeschneidert. Waren auf Ma\u00df sind vom Umtausch ausgeschlossen. Eine Tabelle f\u00fcr die erforderlichen Ma\u00dfe wird von uns nach Zahlungseingang versendet. Die Beinlinge des Sp\u00e4tmittelalters zeichneten sich speziell [&#8230;]\n","protected":false},"featured_media":540,"comment_status":"open","ping_status":"closed","template":"","meta":[],"product_cat":[93,75,87],"product_tag":[],"class_list":{"0":"post-539","1":"product","2":"type-product","3":"status-publish","4":"has-post-thumbnail","6":"product_cat-bekleidung-kleidung-herren","7":"product_cat-kleidung-herren","8":"product_cat-unterbekleidung","9":"product_shipping_class-stdversand","10":"tm-has-options","12":"first","13":"instock","14":"taxable","15":"shipping-taxable","16":"purchasable","17":"product-type-simple"},"_links":{"self":[{"href":"https:\/\/staging.mittelalterkraemer.de\/index.php?rest_route=\/wp\/v2\/product\/539","targetHints":{"allow":["GET"]}}],"collection":[{"href":"https:\/\/staging.mittelalterkraemer.de\/index.php?rest_route=\/wp\/v2\/product"}],"about":[{"href":"https:\/\/staging.mittelalterkraemer.de\/index.php?rest_route=\/wp\/v2\/types\/product"}],"replies":[{"embeddable":true,"href":"https:\/\/staging.mittelalterkraemer.de\/index.php?rest_route=%2Fwp%2Fv2%2Fcomments&post=539"}],"wp:featuredmedia":[{"embeddable":true,"href":"https:\/\/staging.mittelalterkraemer.de\/index.php?rest_route=\/wp\/v2\/media\/540"}],"wp:attachment":[{"href":"https:\/\/staging.mittelalterkraemer.de\/index.php?rest_route=%2Fwp%2Fv2%2Fmedia&parent=539"}],"wp:term":[{"taxonomy":"product_cat","embeddable":true,"href":"https:\/\/staging.mittelalterkraemer.de\/index.php?rest_route=%2Fwp%2Fv2%2Fproduct_cat&post=539"},{"taxonomy":"product_tag","embeddable":true,"href":"https:\/\/staging.mittelalterkraemer.de\/index.php?rest_route=%2Fwp%2Fv2%2Fproduct_tag&post=539"}],"curies":[{"name":"wp","href":"https:\/\/api.w.org\/{rel}","templated":true}]}}