{"id":537,"date":"2020-09-25T12:27:39","date_gmt":"2020-09-25T12:27:39","guid":{"rendered":"https:\/\/staging.mittelalterkraemer.de\/?product=spaetmittelalter-guertel-mit-ihc-praegung-in-frakturschrift"},"modified":"2021-03-05T13:13:08","modified_gmt":"2021-03-05T11:13:08","slug":"spaetmittelalter-guertel-mit-ihc-praegung-in-frakturschrift","status":"publish","type":"product","link":"https:\/\/staging.mittelalterkraemer.de\/?product=spaetmittelalter-guertel-mit-ihc-praegung-in-frakturschrift","title":{"rendered":"Sp\u00e4tmittelalter &#8211; G\u00fcrtel mit ihc-Pr\u00e4gung in Frakturschrift"},"content":{"rendered":"<p>Es handelt sich hier um einen schwarzen Lederg\u00fcrtel.<br \/>\nBreite: 1,3 cm<br \/>\nL\u00e4nge: 1,6 m<br \/>\nLederst\u00e4rke 3 mm<\/p>\n<p><b> Der G\u00fcrtel aus Leder ist \u00fcber die ganze L\u00e4nge mit einer Frakturschriftpr\u00e4gung mit den Zeichen &#8220;ihc&#8221; verziert. Die Buchstaben stehen f\u00fcr das griechische Wort &#8220;Ichtys&#8221; kennzeichnet zum Einen den Tr\u00e4ger als Anh\u00e4nger Jesus Christus\u00b4, soll aber vor allem eben auch dem Tr\u00e4ger den Segen des Herrn Jesu bieten. Die breite des G\u00fcrtels ist typisch f\u00fcr das Sp\u00e4tmittelalter. An der Zunge und an der Schnalle ist der G\u00fcrtel mit verzierten Messingbeschl\u00e4gen verst\u00e4rkt. <\/b><\/p>\n<p>G\u00fcrtel waren in allen Bev\u00f6lkerungsgruppen verbreitet und notwendiges \u00dcbel wenn man so will. Taschen in Jacken und Hosen waren noch nicht erfunden und so musste alles was man am Leib trug am G\u00fcrtel befestigt werden (Almosenbeutel, Gebrauchsmesser&#8230;). Au\u00dferdem wurden durch G\u00fcrtel die wenig k\u00f6rperbetonten Kleidungsst\u00fccke an Ort und Stelle gehalten.<\/p>\n<p>Nat\u00fcrlich waren lederne G\u00fcrtel, vor allem mit Beschl\u00e4gen eher f\u00fcr die reicheren der Gesellschaft. Bauern und anderes niedriges Volk trugen vorwiegend Borten, Kordeln oder einfache Seile als G\u00fcrtel.<\/p>\n<p>Die Schnalle und Pr\u00e4gung dieses G\u00fcrtels basiert auf Funden in England, die Beschl\u00e4ge auf Funde in Danzig. Das Leder ist mit nat\u00fcrlichen Pigmenten gef\u00e4rbt.<br \/>\nEinen solchen langen G\u00fcrtel mit Beschl\u00e4gen und Schnallen tr\u00e4gt zum Beispiel Herr Reinmar von Brennenberg im Codex Manesse.<\/p>\n<p><span style=\"font-size: 75%;\">Dekorationsartikel geh\u00f6ren nicht zum Lieferumfang<\/span><\/p>\n","protected":false},"excerpt":{"rendered":"<p>(4-6 Wochen Lieferzeit)<\/p>\n","protected":false},"featured_media":538,"comment_status":"open","ping_status":"closed","template":"","meta":[],"product_cat":[77,129],"product_tag":[],"class_list":{"0":"post-537","1":"product","2":"type-product","3":"status-publish","4":"has-post-thumbnail","6":"product_cat-accessoires","7":"product_cat-guertel-baender","8":"product_shipping_class-stdversand","9":"tm-no-options","11":"first","12":"instock","13":"taxable","14":"shipping-taxable","15":"purchasable","16":"product-type-variable"},"_links":{"self":[{"href":"https:\/\/staging.mittelalterkraemer.de\/index.php?rest_route=\/wp\/v2\/product\/537","targetHints":{"allow":["GET"]}}],"collection":[{"href":"https:\/\/staging.mittelalterkraemer.de\/index.php?rest_route=\/wp\/v2\/product"}],"about":[{"href":"https:\/\/staging.mittelalterkraemer.de\/index.php?rest_route=\/wp\/v2\/types\/product"}],"replies":[{"embeddable":true,"href":"https:\/\/staging.mittelalterkraemer.de\/index.php?rest_route=%2Fwp%2Fv2%2Fcomments&post=537"}],"wp:featuredmedia":[{"embeddable":true,"href":"https:\/\/staging.mittelalterkraemer.de\/index.php?rest_route=\/wp\/v2\/media\/538"}],"wp:attachment":[{"href":"https:\/\/staging.mittelalterkraemer.de\/index.php?rest_route=%2Fwp%2Fv2%2Fmedia&parent=537"}],"wp:term":[{"taxonomy":"product_cat","embeddable":true,"href":"https:\/\/staging.mittelalterkraemer.de\/index.php?rest_route=%2Fwp%2Fv2%2Fproduct_cat&post=537"},{"taxonomy":"product_tag","embeddable":true,"href":"https:\/\/staging.mittelalterkraemer.de\/index.php?rest_route=%2Fwp%2Fv2%2Fproduct_tag&post=537"}],"curies":[{"name":"wp","href":"https:\/\/api.w.org\/{rel}","templated":true}]}}