{"id":529,"date":"2020-09-25T12:27:39","date_gmt":"2020-09-25T12:27:39","guid":{"rendered":"https:\/\/staging.mittelalterkraemer.de\/?product=spaetmittelalter-gugel"},"modified":"2021-03-05T13:13:24","modified_gmt":"2021-03-05T11:13:24","slug":"spaetmittelalter-gugel","status":"publish","type":"product","link":"https:\/\/staging.mittelalterkraemer.de\/?product=spaetmittelalter-gugel","title":{"rendered":"Sp\u00e4tmittelalter &#8211; Gugel"},"content":{"rendered":"<p>Eine Gugel mit langem Zipfel aus Wolle mit Leinen gef\u00fcttert<br \/>\nMa\u00dfgeschneidert*<br \/>\nHerstellungsdauer 4 &#8211; 6 Wochen<\/p>\n<p>Alle <a href=\"https:\/\/staging.mittelalterkraemer.de\/?page_id=8722\"><u>Wollfarben<\/u><\/a> und <a href=\"https:\/\/staging.mittelalterkraemer.de\/?page_id=8707\"><u>Leinenfarben<\/u><\/a> die zur Auswahl stehen sind hier zu sehen.<\/p>\n<p>Alle sichtbaren N\u00e4hte handvern\u00e4ht.<\/p>\n<p>Das Produkt wird ma\u00dfgefertigt.<br \/>\nWaren auf Ma\u00df sind vom Umtausch ausgeschlossen.<br \/>\nBitte den Kopfumfang bei der Bestellung mit angeben.<\/p>\n<p><b>Diese Gugel wei\u00dft den f\u00fcr das 15. Jahrhundert typischen weiten Schulterschutz und langen Zipfel auf.<br \/>\nDer weite Kragen sch\u00fctzt nicht nur den Hals, sondern auch die Schulter. Die lange Spitze ist nicht nur modische Erscheinung, sondern kann auch als Schal und Mundschutz um den Kopf gewunden werden.<\/b><\/p>\n<p><span style=\"font-size: 75%;\">Dekorationsartikel geh\u00f6ren nicht zum Lieferumfang<\/span><\/p>\n<p><span style=\"font-size: 75%;\">*Ma\u00dfgefertigte Produkte werden individuell auf vom Kunden zur Verf\u00fcgung gestellten Ma\u00dfen angefertigt. Die entsprechende Ma\u00dftabelle wird nach Bestellung an die angegebene E-Mail-Adresse versendet. Die Ma\u00dfe m\u00fcssen so genommen werden wie die Kleidung nachher getragen werden soll, also mit entsprechender Unterw\u00e4sche\/-kleidung, falls gew\u00fcnscht. Ma\u00dfgefertigte Waren sind vom Umtausch ausgeschlossen.<\/span><\/p>\n<p><span style=\"font-size: 75%;\">**Komplett handvern\u00e4ht bedeutet dass alle N\u00e4hte von Hand vern\u00e4ht werden, inklusive aller sichtbaren und unsichtbaren N\u00e4hte.<\/span><\/p>\n<p><span style=\"font-size: 75%;\">***Wollstoff aus mindestens 80% Wolle und h\u00f6chstens 20% Polyamid<\/span><\/p>\n","protected":false},"excerpt":{"rendered":"<p>Eine Gugel mit langem Zipfel aus Wolle mit Leinen gef\u00fcttert Ma\u00dfgeschneidert* Herstellungsdauer 4 &#8211; 6 Wochen Alle Wollfarben und Leinenfarben die zur Auswahl stehen sind hier zu sehen. Alle sichtbaren N\u00e4hte handvern\u00e4ht. Das Produkt wird ma\u00dfgefertigt. Waren auf Ma\u00df sind vom Umtausch ausgeschlossen. Bitte den Kopfumfang bei der Bestellung mit angeben. Diese Gugel wei\u00dft den [&#8230;]\n","protected":false},"featured_media":530,"comment_status":"open","ping_status":"closed","template":"","meta":[],"product_cat":[74,75,95,90],"product_tag":[],"class_list":{"0":"post-529","1":"product","2":"type-product","3":"status-publish","4":"has-post-thumbnail","6":"product_cat-kleidung-damen","7":"product_cat-kleidung-herren","8":"product_cat-kopfbedeckungen-kleidung-herren","9":"product_cat-oberbekleidung-maentel","10":"product_shipping_class-stdversand","11":"tm-has-options","13":"first","14":"instock","15":"taxable","16":"shipping-taxable","17":"purchasable","18":"product-type-simple"},"_links":{"self":[{"href":"https:\/\/staging.mittelalterkraemer.de\/index.php?rest_route=\/wp\/v2\/product\/529","targetHints":{"allow":["GET"]}}],"collection":[{"href":"https:\/\/staging.mittelalterkraemer.de\/index.php?rest_route=\/wp\/v2\/product"}],"about":[{"href":"https:\/\/staging.mittelalterkraemer.de\/index.php?rest_route=\/wp\/v2\/types\/product"}],"replies":[{"embeddable":true,"href":"https:\/\/staging.mittelalterkraemer.de\/index.php?rest_route=%2Fwp%2Fv2%2Fcomments&post=529"}],"wp:featuredmedia":[{"embeddable":true,"href":"https:\/\/staging.mittelalterkraemer.de\/index.php?rest_route=\/wp\/v2\/media\/530"}],"wp:attachment":[{"href":"https:\/\/staging.mittelalterkraemer.de\/index.php?rest_route=%2Fwp%2Fv2%2Fmedia&parent=529"}],"wp:term":[{"taxonomy":"product_cat","embeddable":true,"href":"https:\/\/staging.mittelalterkraemer.de\/index.php?rest_route=%2Fwp%2Fv2%2Fproduct_cat&post=529"},{"taxonomy":"product_tag","embeddable":true,"href":"https:\/\/staging.mittelalterkraemer.de\/index.php?rest_route=%2Fwp%2Fv2%2Fproduct_tag&post=529"}],"curies":[{"name":"wp","href":"https:\/\/api.w.org\/{rel}","templated":true}]}}