{"id":515,"date":"2020-09-25T12:27:39","date_gmt":"2020-09-25T12:27:39","guid":{"rendered":"https:\/\/staging.mittelalterkraemer.de\/?product=kappe-pillbox-cap-wollmuetze"},"modified":"2021-03-05T13:13:40","modified_gmt":"2021-03-05T11:13:40","slug":"kappe-pillbox-cap-wollmuetze","status":"publish","type":"product","link":"https:\/\/staging.mittelalterkraemer.de\/?product=kappe-pillbox-cap-wollmuetze","title":{"rendered":"Kappe | Pillbox-Cap | Wollm\u00fctze"},"content":{"rendered":"<p>M\u00fctze aus Wolle mit Leinen gef\u00fcttert.<br \/>\nMa\u00dfgefertigt und alle sichtbaren N\u00e4hte handvern\u00e4ht.*<br \/>\nKopfumfang bitte bei der Bestellung mit angeben.<\/p>\n<p>Alle\u00a0<a href=\"https:\/\/staging.mittelalterkraemer.de\/?page_id=8722\"><u>Wollfarben<\/u><\/a>\u00a0die zur Auswahl stehen sind hier zu sehen.<\/p>\n<p><b>Eine M\u00fctze oder Kappe aus Wollstoff mit geradem Rand. Wegen den typischen M\u00fctzenjuckreiz mit Leinenf\u00fctterung versehen.<\/b><\/p>\n<p>Schon bei den R\u00f6mern als pannonische M\u00fctze bekannt wurde sie im Mittelalter durch die Ordensritter wieder modern bei denen sie zur Standardausf\u00fchrung geh\u00f6rte. (Tempelritter|Templer, Johanniter, Deutschritter, Hospitaliter, Lazarener usw.). Wie vieles wurde auch die weltliche Mode durch die Ordenskrieger gepr\u00e4gt und man fand sie dann auch im zivilen Bereich.<\/p>\n<p>Gerade Mitte des 13. Jahrhunderts wurde sie dann auch bei Frauen Mode wo sie sich bis heute h\u00e4lt (Jacky Kennedy trug gerne Pillboxes).<\/p>\n<p>Im Mittelalter trug man sie gerne \u00fcber Schleier und Gebende. Oft sogar zu Kronen oder Stirnreifen.<\/p>\n<p>Pillbox-H\u00fcte sind zum Beispiel bei den Naumburger Stifterfiguren, die um 1240 entstanden, abgebildet aber auch in der Maciejowski-Bibel auf der Folio 17 recto zu finden.<\/p>\n<p><span style=\"font-size: 75%;\">Dekorationsartikel geh\u00f6ren nicht zum Lieferumfang<\/span><\/p>\n<p><span style=\"font-size: 75%;\">*Ma\u00dfgefertigte Produkte werden individuell auf vom Kunden zur Verf\u00fcgung gestellten Ma\u00dfen angefertigt. Die entsprechende Ma\u00dftabelle wird nach Bestellung an die angegebene E-Mail-Adresse versendet. Die Ma\u00dfe m\u00fcssen so genommen werden wie die Kleidung nachher getragen werden soll, also mit entsprechender Unterw\u00e4sche\/-kleidung, falls gew\u00fcnscht. Ma\u00dfgefertigte Waren sind vom Umtausch ausgeschlossen.<\/span><\/p>\n<p><span style=\"font-size: 75%;\">**Komplett handvern\u00e4ht bedeutet dass alle N\u00e4hte von Hand vern\u00e4ht werden, inklusive aller sichtbaren und unsichtbaren N\u00e4hte.<\/span><\/p>\n<p><span style=\"font-size: 75%;\">***Wollstoff aus mindestens 80% Wolle und h\u00f6chstens 20% Polyamid<\/span><\/p>\n","protected":false},"excerpt":{"rendered":"<p>M\u00fctze aus Wolle mit Leinen gef\u00fcttert. Ma\u00dfgefertigt und alle sichtbaren N\u00e4hte handvern\u00e4ht.* Kopfumfang bitte bei der Bestellung mit angeben. Alle\u00a0Wollfarben\u00a0die zur Auswahl stehen sind hier zu sehen. Eine M\u00fctze oder Kappe aus Wollstoff mit geradem Rand. Wegen den typischen M\u00fctzenjuckreiz mit Leinenf\u00fctterung versehen. Schon bei den R\u00f6mern als pannonische M\u00fctze bekannt wurde sie im Mittelalter [&#8230;]\n","protected":false},"featured_media":516,"comment_status":"open","ping_status":"closed","template":"","meta":[],"product_cat":[74,75,91,95],"product_tag":[],"class_list":{"0":"post-515","1":"product","2":"type-product","3":"status-publish","4":"has-post-thumbnail","6":"product_cat-kleidung-damen","7":"product_cat-kleidung-herren","8":"product_cat-kopfbedeckungen","9":"product_cat-kopfbedeckungen-kleidung-herren","10":"tm-has-options","12":"first","13":"instock","14":"taxable","15":"shipping-taxable","16":"purchasable","17":"product-type-simple"},"_links":{"self":[{"href":"https:\/\/staging.mittelalterkraemer.de\/index.php?rest_route=\/wp\/v2\/product\/515","targetHints":{"allow":["GET"]}}],"collection":[{"href":"https:\/\/staging.mittelalterkraemer.de\/index.php?rest_route=\/wp\/v2\/product"}],"about":[{"href":"https:\/\/staging.mittelalterkraemer.de\/index.php?rest_route=\/wp\/v2\/types\/product"}],"replies":[{"embeddable":true,"href":"https:\/\/staging.mittelalterkraemer.de\/index.php?rest_route=%2Fwp%2Fv2%2Fcomments&post=515"}],"wp:featuredmedia":[{"embeddable":true,"href":"https:\/\/staging.mittelalterkraemer.de\/index.php?rest_route=\/wp\/v2\/media\/516"}],"wp:attachment":[{"href":"https:\/\/staging.mittelalterkraemer.de\/index.php?rest_route=%2Fwp%2Fv2%2Fmedia&parent=515"}],"wp:term":[{"taxonomy":"product_cat","embeddable":true,"href":"https:\/\/staging.mittelalterkraemer.de\/index.php?rest_route=%2Fwp%2Fv2%2Fproduct_cat&post=515"},{"taxonomy":"product_tag","embeddable":true,"href":"https:\/\/staging.mittelalterkraemer.de\/index.php?rest_route=%2Fwp%2Fv2%2Fproduct_tag&post=515"}],"curies":[{"name":"wp","href":"https:\/\/api.w.org\/{rel}","templated":true}]}}