{"id":513,"date":"2020-09-25T12:27:39","date_gmt":"2020-09-25T12:27:39","guid":{"rendered":"https:\/\/staging.mittelalterkraemer.de\/?product=haube-der-heiligen-st-birgitta"},"modified":"2021-03-05T13:13:49","modified_gmt":"2021-03-05T11:13:49","slug":"haube-der-heiligen-st-birgitta","status":"publish","type":"product","link":"https:\/\/staging.mittelalterkraemer.de\/?product=haube-der-heiligen-st-birgitta","title":{"rendered":"Haube der heiligen St. Birgitta"},"content":{"rendered":"<p>Eine Bundhaube f\u00fcr die Dame aus Leinen in den Farben Wei\u00df oder Natur.<br \/>\nF\u00fcr alle Kopfgr\u00f6\u00dfen flexibel anpassbar.<\/p>\n<p>Alle sichtbaren N\u00e4hte sind handgen\u00e4ht.<\/p>\n<p><b>Diese Bundhaube f\u00fcr die Dame war nicht nur einfach Kopfbedeckung, sondern auch die einfachste aber sichereste Grundlage um allerhand andere Kopfbedeckungen wie Schleier oder die ebenfalls bei uns angeboteten Kopft\u00fccher zu fixieren. Man verknotete die B\u00e4nder unterhalb der Ausbuchtung zum Verstauen der Haare.<br \/>\n\u00dcberschlug sie auf der Stirn und verknotete sie dann auf dem Hinterkopf oberhalb der Haare. Man kann die B\u00e4nder auch am Ende miteinander vern\u00e4hen und erspart sich ab sofort das Anpassen jeweils vor dem Tragen. Es gibt auch unz\u00e4hlige andere M\u00f6glichkeiten die Bundhaube zu verschlie\u00dfen.<\/b><\/p>\n<p>Die Kopfbedeckungen geben wie die Oberbekleidung Auskunft \u00fcber den sozialen Status des Tr\u00e4gers. Um so aufw\u00e4ndiger gearbeitet und edler das Material umso h\u00f6her der soziale Status. Und so war auch diese Haube am Hinterkopf mit Einn\u00e4hern vornehmer als sie auf den ersten Blick wirkt.<\/p>\n<p>Bei Frauen kommt nat\u00fcrlich noch der Familienstand dazu. Verheiratet Frauen trugen immer Kopfbedeckungen, waren also &#8220;unter der Haube&#8221;.<br \/>\nEs gibt aber eigentlich gar keine Abbildungen von Frauen ohne Kopfbedeckungen, lediglich Kinder sind ohne Kopftuch zu finden.<br \/>\nDas kann mehrere Gr\u00fcnde haben:<br \/>\nErstens hatten es unverheiratete Frauen im Mittelalter sehr schwer, sie wurden ohne Mann einfach nicht f\u00fcr voll genommen, was sie letztlich zur Heirat zwang.<br \/>\nAu\u00dferdem w\u00fcrde ich rein spekulativ davon ausgehen dass Single-Frauen, auch Witwen, auch einfach Hauben trugen um nicht dem \u00e4ltesten Gewerbe der Welt zugeordnet zu weren und ihre Ruhe zu haben.<\/p>\n<p>Zum Dritten sind die Quellenbilder fast ausschlie\u00dflich von der Kirche erstellt, die nat\u00fcrlich gerne verheiratete Frauen und geordnete Verh\u00e4ltnisse sehen wollten. Wie die Realit\u00e4t aussah, werden wir wie so oft, nie rausfinden.<\/p>\n<p>Diese spezielle Variante der Haube wurde der als Relikt erhaltenen Haube der Heiligen St. Birgitta nachempfunden.<br \/>\nDiese lebte von 1303 bis 1370 in Schweden. Die Haube d\u00fcrfte allerdings aus den 30 Jahren sein. Jedoch gibt es unabh\u00e4ngig davon unz\u00e4hlige Bildquellen von 1250 in der Maciejowski Bibel (Folio 4 verso, 7 verso, 8 verso, 9 recto, 10 verso, 15 verso, 16 recto, 17 verso, 18 recto, 19 verso, 33 verso, 38 recto, 41 verso, 42 verso) aber aber auch in hunderten anderer Psalter und Codices die bis ins Jahr 1500 reichen zum Beispiel der Codex Vindobonensis oder The Queen Mary Psalter. Selbst auf Altaren und Wandmalereien ist diese Haube verewigt und damit sogar eher h\u00e4ufiger zu finden als die Bundhaube beim Mann.<\/p>\n<p><span style=\"font-size: 75%;\">Dekorationsartikel geh\u00f6ren nicht zum Lieferumfang<\/span><\/p>\n","protected":false},"excerpt":{"rendered":"<p>Eine Bundhaube f\u00fcr die Dame aus Leinen in den Farben Wei\u00df oder Natur. F\u00fcr alle Kopfgr\u00f6\u00dfen flexibel anpassbar. Alle sichtbaren N\u00e4hte sind handgen\u00e4ht. Diese Bundhaube f\u00fcr die Dame war nicht nur einfach Kopfbedeckung, sondern auch die einfachste aber sichereste Grundlage um allerhand andere Kopfbedeckungen wie Schleier oder die ebenfalls bei uns angeboteten Kopft\u00fccher zu fixieren. [&#8230;]\n","protected":false},"featured_media":514,"comment_status":"open","ping_status":"closed","template":"","meta":[],"product_cat":[74,91],"product_tag":[],"class_list":{"0":"post-513","1":"product","2":"type-product","3":"status-publish","4":"has-post-thumbnail","6":"product_cat-kleidung-damen","7":"product_cat-kopfbedeckungen","8":"product_shipping_class-stdversand","9":"tm-has-options","11":"first","12":"instock","13":"taxable","14":"shipping-taxable","15":"purchasable","16":"product-type-simple"},"_links":{"self":[{"href":"https:\/\/staging.mittelalterkraemer.de\/index.php?rest_route=\/wp\/v2\/product\/513","targetHints":{"allow":["GET"]}}],"collection":[{"href":"https:\/\/staging.mittelalterkraemer.de\/index.php?rest_route=\/wp\/v2\/product"}],"about":[{"href":"https:\/\/staging.mittelalterkraemer.de\/index.php?rest_route=\/wp\/v2\/types\/product"}],"replies":[{"embeddable":true,"href":"https:\/\/staging.mittelalterkraemer.de\/index.php?rest_route=%2Fwp%2Fv2%2Fcomments&post=513"}],"wp:featuredmedia":[{"embeddable":true,"href":"https:\/\/staging.mittelalterkraemer.de\/index.php?rest_route=\/wp\/v2\/media\/514"}],"wp:attachment":[{"href":"https:\/\/staging.mittelalterkraemer.de\/index.php?rest_route=%2Fwp%2Fv2%2Fmedia&parent=513"}],"wp:term":[{"taxonomy":"product_cat","embeddable":true,"href":"https:\/\/staging.mittelalterkraemer.de\/index.php?rest_route=%2Fwp%2Fv2%2Fproduct_cat&post=513"},{"taxonomy":"product_tag","embeddable":true,"href":"https:\/\/staging.mittelalterkraemer.de\/index.php?rest_route=%2Fwp%2Fv2%2Fproduct_tag&post=513"}],"curies":[{"name":"wp","href":"https:\/\/api.w.org\/{rel}","templated":true}]}}