{"id":506,"date":"2020-09-25T12:27:39","date_gmt":"2020-09-25T10:27:39","guid":{"rendered":"https:\/\/staging.mittelalterkraemer.de\/?product=hochmittelalter-surkot-aus-wolle-mit-angesetzten-aermeln"},"modified":"2021-03-08T18:24:52","modified_gmt":"2021-03-08T16:24:52","slug":"hochmittelalter-surkot-aus-wolle-mit-angesetzten-aermeln","status":"publish","type":"product","link":"https:\/\/staging.mittelalterkraemer.de\/?product=hochmittelalter-surkot-aus-wolle-mit-angesetzten-aermeln","title":{"rendered":"Hochmittelalter &#8211; Surkot aus Wolle mit angesetzten \u00c4rmeln"},"content":{"rendered":"<p>Surkot aus Wolle mit Leinenf\u00fctterung mit angesetzten \u00c4rmeln.<\/p>\n<p>M f\u00fcr einen Brustumfang von 91-105 cm; Umfang des Kleidungsst\u00fcckes 110 cm<br \/>\nL f\u00fcr einen Brustumfang von 106-120 cm; Umfang des Kleidungsst\u00fcckes 125 cm<br \/>\nXL f\u00fcr einen Brustumfang von 121-135 cm; Umfang des Kleidungsst\u00fcckes 140 cm<br \/>\nDie L\u00e4nge des Gewandes betr\u00e4gt ca. 122 cm. Ein wenig k\u00fcrzer als die Cottes.<\/p>\n<p>Alle <a href=\"https:\/\/staging.mittelalterkraemer.de\/?page_id=8722\"><u>Farben<\/u><\/a> bei einer Lieferzeit von 6 &#8211; 12 Wochen ebenfalls m\u00f6glich.<\/p>\n<p>Gelb, Beige, Gr\u00fcn, Dunkelgr\u00fcn, Braun, Grau und Wei\u00df mit naturfarbener Leinenf\u00fctterung<br \/>\nDunkelgrau, Blau, Dunkelblau, Marineblau, Violett, Schwarz, Rot und Weinrot mit wei\u00dfer Leinenf\u00fctterung<\/p>\n<p>Ma\u00dfanfertigungen sind f\u00fcr einen Aufpreis von 20% ebenfalls m\u00f6glich.<br \/>\nWaren auf Ma\u00df sind vom Umtausch ausgeschlossen.<br \/>\nEine Tabelle f\u00fcr die erforderlichen Ma\u00dfe wird von uns nach Zahlungseingang versendet.<\/p>\n<p>Alle sichtbaren N\u00e4hte handvern\u00e4ht.<\/p>\n<p><b>Ein Surcot aus Wolle mit Leinenf\u00fctterung mit angesetzten \u00c4rmeln die \u00fcber den R\u00fccken geworfen werden k\u00f6nnen und dort in typischer Weise verknotet werden k\u00f6nnen. Der Surkot ist etwas k\u00fcrzer als die darunter getragene Kotte und wurde wie der Name schon sagt als Mantel dar\u00fcber getragen. Er wurde oft auch mit einem G\u00fcrtel zusammengehalten. <\/b><\/p>\n<p>Einzigartig f\u00fcr Zeit des Hochmittelalters und des fr\u00fchen Sp\u00e4tmittelalters und auf jeder Veranstaltung etwas besonders.<\/p>\n<p>Es ging uns bei diesem Angebot um den Schutz vor Wind und Wetter. Dieser &#8220;\u00dcberkotte&#8221; w\u00e4rmt und h\u00e4lt einen trocken, was wichtig ist, da sich das Leben der Mittelalterdarsteller wie das der Menschen im Mittelalter vorwiegend drau\u00dfen abspielt.<\/p>\n<p>Abbildungen finden sich in allen m\u00f6glichen Codices und Quellenb\u00fcchern. In der Maciejowksi-Bibel sieht man zum Beispiel auf den Folio 4 verso, Folio 15 verso und Folio 43 recto welche abgebildet.<\/p>\n<p>M\u00e4ntel, als vorwiegend praktische Alltagsgegenst\u00e4nde, waren f\u00fcr M\u00e4nner und Frauen gleich gearbeitet. F\u00fcr &#8220;Betuchtere&#8221; gab es auch andersfarbig gef\u00fctterte Exemplare (wie wir das von den Cotten her kennen).<\/p>\n<p><span style=\"font-size: 75%;\">Dekorationsartikel geh\u00f6ren nicht zum Lieferumfang<\/span><\/p>\n<p><span style=\"font-size: 75%;\">*Ma\u00dfgefertigte Produkte werden individuell auf vom Kunden zur Verf\u00fcgung gestellten Ma\u00dfen angefertigt. Die entsprechende Ma\u00dftabelle wird nach Bestellung an die angegebene E-Mail-Adresse versendet. Die Ma\u00dfe m\u00fcssen so genommen werden wie die Kleidung nachher getragen werden soll, also mit entsprechender Unterw\u00e4sche\/-kleidung, falls gew\u00fcnscht. Ma\u00dfgefertigte Waren sind vom Umtausch ausgeschlossen.<\/span><\/p>\n<p><span style=\"font-size: 75%;\">**Komplett handvern\u00e4ht bedeutet dass alle N\u00e4hte von Hand vern\u00e4ht werden, inklusive aller sichtbaren und unsichtbaren N\u00e4hte.<\/span><\/p>\n<p><span style=\"font-size: 75%;\">***Wollstoff aus mindestens 80% Wolle und h\u00f6chstens 20% Polyamid<\/span><\/p>\n","protected":false},"excerpt":{"rendered":"<p>Surkot aus Wolle mit Leinenf\u00fctterung mit angesetzten \u00c4rmeln. M f\u00fcr einen Brustumfang von 91-105 cm; Umfang des Kleidungsst\u00fcckes 110 cm L f\u00fcr einen Brustumfang von 106-120 cm; Umfang des Kleidungsst\u00fcckes 125 cm XL f\u00fcr einen Brustumfang von 121-135 cm; Umfang des Kleidungsst\u00fcckes 140 cm Die L\u00e4nge des Gewandes betr\u00e4gt ca. 122 cm. Ein wenig k\u00fcrzer [&#8230;]\n","protected":false},"featured_media":507,"comment_status":"open","ping_status":"closed","template":"","meta":[],"product_cat":[74,75,90,94],"product_tag":[],"class_list":{"0":"post-506","1":"product","2":"type-product","3":"status-publish","4":"has-post-thumbnail","6":"product_cat-kleidung-damen","7":"product_cat-kleidung-herren","8":"product_cat-oberbekleidung-maentel","9":"product_cat-oberbekleidung-maentel-kleidung-herren","10":"product_shipping_class-stdversand","11":"tm-has-options","13":"first","14":"instock","15":"taxable","16":"shipping-taxable","17":"purchasable","18":"product-type-variable","19":"has-default-attributes"},"_links":{"self":[{"href":"https:\/\/staging.mittelalterkraemer.de\/index.php?rest_route=\/wp\/v2\/product\/506","targetHints":{"allow":["GET"]}}],"collection":[{"href":"https:\/\/staging.mittelalterkraemer.de\/index.php?rest_route=\/wp\/v2\/product"}],"about":[{"href":"https:\/\/staging.mittelalterkraemer.de\/index.php?rest_route=\/wp\/v2\/types\/product"}],"replies":[{"embeddable":true,"href":"https:\/\/staging.mittelalterkraemer.de\/index.php?rest_route=%2Fwp%2Fv2%2Fcomments&post=506"}],"wp:featuredmedia":[{"embeddable":true,"href":"https:\/\/staging.mittelalterkraemer.de\/index.php?rest_route=\/wp\/v2\/media\/507"}],"wp:attachment":[{"href":"https:\/\/staging.mittelalterkraemer.de\/index.php?rest_route=%2Fwp%2Fv2%2Fmedia&parent=506"}],"wp:term":[{"taxonomy":"product_cat","embeddable":true,"href":"https:\/\/staging.mittelalterkraemer.de\/index.php?rest_route=%2Fwp%2Fv2%2Fproduct_cat&post=506"},{"taxonomy":"product_tag","embeddable":true,"href":"https:\/\/staging.mittelalterkraemer.de\/index.php?rest_route=%2Fwp%2Fv2%2Fproduct_tag&post=506"}],"curies":[{"name":"wp","href":"https:\/\/api.w.org\/{rel}","templated":true}]}}