{"id":501,"date":"2020-09-25T12:27:29","date_gmt":"2020-09-25T12:27:29","guid":{"rendered":"https:\/\/staging.mittelalterkraemer.de\/?product=hochmittelalter-kottakittel-aus-wollstoff"},"modified":"2021-03-08T18:24:52","modified_gmt":"2021-03-08T16:24:52","slug":"hochmittelalter-kottakittel-aus-wollstoff","status":"publish","type":"product","link":"https:\/\/staging.mittelalterkraemer.de\/?product=hochmittelalter-kottakittel-aus-wollstoff","title":{"rendered":"Hochmittelalter &#8211; Kotta|Kittel aus Wollstoff"},"content":{"rendered":"<p>Eine Cotte aus Wollstoff ohne Leinenf\u00fctterung*<br \/>\nM f\u00fcr einen Brustumfang von 91-105 cm; Umfang des Kleidungsst\u00fcckes 110 cm<br \/>\nL f\u00fcr einen Brustumfang von 106-120 cm; Umfang des Kleidungsst\u00fcckes 125 cm<br \/>\nXL f\u00fcr einen Brustumfang von 121-135 cm; Umfang des Kleidungsst\u00fcckes 140 cm<br \/>\nDie L\u00e4nge des Gewandes betr\u00e4gt 125 cm.<\/p>\n<p>Alle <a href=\"https:\/\/staging.mittelalterkraemer.de\/?page_id=8722\"><u>Farben<\/u><\/a> bei einer Lieferzeit von 6 &#8211; 12 Wochen m\u00f6glich.<\/p>\n<p>Ma\u00dfanfertigungen sind f\u00fcr einen Aufpreis von 20% ebenfalls m\u00f6glich.<br \/>\nWaren auf Ma\u00df sind vom Umtausch ausgeschlossen.<br \/>\nEine Tabelle f\u00fcr die erforderlichen Ma\u00dfe wird von uns nach Zahlungseingang versendet.<\/p>\n<p>Alle sichtbaren N\u00e4hte handvern\u00e4ht.<\/p>\n<p><b>Die Cotte ist so gearbeitet wie sie hundertfach in hochmittelalterlichen Quellen abgebildet ist.<br \/>\nSie hat lange \u00c4rmel und reicht \u00fcber die Knie, au\u00dferdem ist sie aus Wollstoff gefertigt. Oft unterschieden sich F\u00fctterung und Obermaterial, bzw. Ober- und Unterkotte farblich stark und passten nach unseren Ma\u00dfst\u00e4ben \u00fcberhaupt nicht zusammen. Auch die &#8220;Reiterschlitze&#8221; hinten und vorne sind auf fast allen Quellen zu sehen. Die Schlitze sind aber zum einen nicht unbedingt Reiterschlitze sondern vereinfachen in erster Linie die Bewegung. Zum anderen muss man bedenken, dass gerade in hochmittelalterlichen Quellen vorwiegend Betuchterte, also haupts\u00e4chlich Adelige abgebildet sind, die nat\u00fcrlich auch viel ritten.<br \/>\nDer Schnitt einer Cotte oder auch Cotta ist einfach und besteht aus einer rechteckigen Vorder- und R\u00fcckseite mit eingesetzten Keilen auf H\u00fcfth\u00f6he. Sie hat zudem einen kleinen V-f\u00f6rmigen Ausschnitt der das \u00dcberziehen erleichtert. <\/b><\/p>\n<p>Die Cotte, auch Cotta oder Kotta ist eine Untergewand das wie ein Kittel \u00fcber der Unterw\u00e4sche getragen wurde. Das Wort Kittel r\u00fchrt auch vom Wort Cotte.<br \/>\nEs war aus Wolle, Seide oder schlichtem Leinen, einfach abh\u00e4ngig vom Stand des Tr\u00e4gers. Die Cotte wurde \u00fcber den Kopf angezogen und war das Gewand das man in Haus und Hof trug. Bei Reisen w\u00fcrde dar\u00fcber ein Mantel oder ein Surcot, oder auch beides, getragen werden. Unter der Cotte trug man nur Unterw\u00e4sche in der man sich nicht freiwillig zeigte. (Abbildungen von Menschen in Unterw\u00e4sche gibt es haupts\u00e4chlich von Gefangenen, Verwundeten oder Todeskandidaten (zum Beispiel Folio 35 verso und Folio 25 recto der Miniaturen der Maciejowski-Bibel)).<\/p>\n<p>Eine Abbildung einer Herren-Cotte findet man zum Beispiel auf Folio 20 recto.<br \/>\nDie L\u00e4nge und das Material der Gew\u00e4nder hing vom Reichtum ab, daher auch der Begriff &#8220;Betuchte&#8221;, im allgemeinen waren die Gew\u00e4nder der Damen jedoch l\u00e4nger als die der Herren.<br \/>\nDie Cotte wurde wie die Tunika immer mit einem G\u00fcrtel getragen, der das an sich unf\u00f6rmige Kleidungsst\u00fcck an Ort und Stelle hielt.<\/p>\n<p><span style=\"font-size: 75%;\">Dekorationsartikel geh\u00f6ren nicht zum Lieferumfang<\/span><\/p>\n<p><span style=\"font-size: 75%;\">*Ma\u00dfgefertigte Produkte werden individuell auf vom Kunden zur Verf\u00fcgung gestellten Ma\u00dfen angefertigt. Die entsprechende Ma\u00dftabelle wird nach Bestellung an die angegebene E-Mail-Adresse versendet. Die Ma\u00dfe m\u00fcssen so genommen werden wie die Kleidung nachher getragen werden soll, also mit entsprechender Unterw\u00e4sche\/-kleidung, falls gew\u00fcnscht. Ma\u00dfgefertigte Waren sind vom Umtausch ausgeschlossen.<\/span><\/p>\n<p><span style=\"font-size: 75%;\">**Komplett handvern\u00e4ht bedeutet dass alle N\u00e4hte von Hand vern\u00e4ht werden, inklusive aller sichtbaren und unsichtbaren N\u00e4hte.<\/span><\/p>\n<p><span style=\"font-size: 75%;\">***Wollstoff aus mindestens 80% Wolle und h\u00f6chstens 20% Polyamid<\/span><\/p>\n","protected":false},"excerpt":{"rendered":"<p>Eine Cotte aus Wollstoff ohne Leinenf\u00fctterung* M f\u00fcr einen Brustumfang von 91-105 cm; Umfang des Kleidungsst\u00fcckes 110 cm L f\u00fcr einen Brustumfang von 106-120 cm; Umfang des Kleidungsst\u00fcckes 125 cm XL f\u00fcr einen Brustumfang von 121-135 cm; Umfang des Kleidungsst\u00fcckes 140 cm Die L\u00e4nge des Gewandes betr\u00e4gt 125 cm. Alle Farben bei einer Lieferzeit von [&#8230;]\n","protected":false},"featured_media":324,"comment_status":"open","ping_status":"closed","template":"","meta":[],"product_cat":[93,75],"product_tag":[],"class_list":{"0":"post-501","1":"product","2":"type-product","3":"status-publish","4":"has-post-thumbnail","6":"product_cat-bekleidung-kleidung-herren","7":"product_cat-kleidung-herren","8":"tm-has-options","10":"first","11":"instock","12":"taxable","13":"shipping-taxable","14":"purchasable","15":"product-type-variable","16":"has-default-attributes"},"_links":{"self":[{"href":"https:\/\/staging.mittelalterkraemer.de\/index.php?rest_route=\/wp\/v2\/product\/501","targetHints":{"allow":["GET"]}}],"collection":[{"href":"https:\/\/staging.mittelalterkraemer.de\/index.php?rest_route=\/wp\/v2\/product"}],"about":[{"href":"https:\/\/staging.mittelalterkraemer.de\/index.php?rest_route=\/wp\/v2\/types\/product"}],"replies":[{"embeddable":true,"href":"https:\/\/staging.mittelalterkraemer.de\/index.php?rest_route=%2Fwp%2Fv2%2Fcomments&post=501"}],"wp:featuredmedia":[{"embeddable":true,"href":"https:\/\/staging.mittelalterkraemer.de\/index.php?rest_route=\/wp\/v2\/media\/324"}],"wp:attachment":[{"href":"https:\/\/staging.mittelalterkraemer.de\/index.php?rest_route=%2Fwp%2Fv2%2Fmedia&parent=501"}],"wp:term":[{"taxonomy":"product_cat","embeddable":true,"href":"https:\/\/staging.mittelalterkraemer.de\/index.php?rest_route=%2Fwp%2Fv2%2Fproduct_cat&post=501"},{"taxonomy":"product_tag","embeddable":true,"href":"https:\/\/staging.mittelalterkraemer.de\/index.php?rest_route=%2Fwp%2Fv2%2Fproduct_tag&post=501"}],"curies":[{"name":"wp","href":"https:\/\/api.w.org\/{rel}","templated":true}]}}