{"id":488,"date":"2020-09-25T12:27:29","date_gmt":"2020-09-25T12:27:29","guid":{"rendered":"https:\/\/staging.mittelalterkraemer.de\/?product=waffenrock-aus-wolle-schwarz-gelber-rechen"},"modified":"2021-03-05T13:17:23","modified_gmt":"2021-03-05T11:17:23","slug":"waffenrock-aus-wolle-schwarz-gelber-rechen","status":"publish","type":"product","link":"https:\/\/staging.mittelalterkraemer.de\/?product=waffenrock-aus-wolle-schwarz-gelber-rechen","title":{"rendered":"Waffenrock aus Wolle (Schwarz\/gelber Rechen)"},"content":{"rendered":"<p>Waffenrock aus Wolle*** gef\u00fcttert mit Leinen.<\/p>\n<p>Zu verkaufen ist der auf dem Bild abgebildete Waffenrock.<\/p>\n<p>Er hat einen Brustumfang von 150 cm und eine L\u00e4nge von 122 cm.<\/p>\n<p>Schwarz und gelber heraldischer Rechen.<br \/>\nR\u00fcckseite und Vorderseite identisch gearbeitet.<\/p>\n<p><b>Wappen- oder Waffenr\u00f6cke wurden \u00fcber der R\u00fcstung getragen um aus jeder Richtung sofort erkennen zu k\u00f6nnen, wem man gegen\u00fcber stand. Au\u00dferdem dient die Wolle auch als zus\u00e4tzlicher Schutz.<\/b><\/p>\n<p>Entstanden sind Waffenr\u00f6cke zur Zeit der Kreuzz\u00fcge. Wahrscheinlich zum Einen weil dort erstmals gr\u00f6\u00dfere gemischte Heere aufeinander trafen und sich die Adeligen dort nicht mehr zwangsl\u00e4ufig schon mal vorher gesehen hatten und somit auch nicht wussten was der andere im Schilde f\u00fchrt, buchst\u00e4blich.<br \/>\nZum Anderen sch\u00fctzt der Stoff auf dem Kettenpanzer auch gegen das Aufheizen durch die Sonne.<\/p>\n<p>Selbst im Codex Manesse sind Waffenr\u00f6cke abgebildet, sogar mit aufwendigen Stickereien. Und in der Maciejowski-Bibel gleich auf drei Seiten hintereinander: Vorderseite Seite 10, R\u00fcckseite Seite 10 und Vorderseite Seite 11.<\/p>\n<p><span style=\"font-size: 75%;\">Dekorationsartikel geh\u00f6ren nicht zum Lieferumfang<\/span><\/p>\n<p><span style=\"font-size: 75%;\">***Wollstoff aus mindestens 80% Wolle und h\u00f6chstens 20% Polyamid<\/span><\/p>\n","protected":false},"excerpt":{"rendered":"<p>Waffenrock aus Wolle*** gef\u00fcttert mit Leinen. Zu verkaufen ist der auf dem Bild abgebildete Waffenrock. Er hat einen Brustumfang von 150 cm und eine L\u00e4nge von 122 cm. Schwarz und gelber heraldischer Rechen. R\u00fcckseite und Vorderseite identisch gearbeitet. Wappen- oder Waffenr\u00f6cke wurden \u00fcber der R\u00fcstung getragen um aus jeder Richtung sofort erkennen zu k\u00f6nnen, wem [&#8230;]\n","protected":false},"featured_media":489,"comment_status":"open","ping_status":"closed","template":"","meta":[],"product_cat":[76,97],"product_tag":[],"class_list":{"0":"post-488","1":"product","2":"type-product","3":"status-publish","4":"has-post-thumbnail","6":"product_cat-ruestzeug-trainingszubehoer-schilde","7":"product_cat-stoffpanzerung-gambeson-ruestzeug","8":"product_shipping_class-stdversand","9":"tm-no-options","11":"first","12":"instock","13":"taxable","14":"shipping-taxable","15":"purchasable","16":"product-type-simple"},"_links":{"self":[{"href":"https:\/\/staging.mittelalterkraemer.de\/index.php?rest_route=\/wp\/v2\/product\/488","targetHints":{"allow":["GET"]}}],"collection":[{"href":"https:\/\/staging.mittelalterkraemer.de\/index.php?rest_route=\/wp\/v2\/product"}],"about":[{"href":"https:\/\/staging.mittelalterkraemer.de\/index.php?rest_route=\/wp\/v2\/types\/product"}],"replies":[{"embeddable":true,"href":"https:\/\/staging.mittelalterkraemer.de\/index.php?rest_route=%2Fwp%2Fv2%2Fcomments&post=488"}],"wp:featuredmedia":[{"embeddable":true,"href":"https:\/\/staging.mittelalterkraemer.de\/index.php?rest_route=\/wp\/v2\/media\/489"}],"wp:attachment":[{"href":"https:\/\/staging.mittelalterkraemer.de\/index.php?rest_route=%2Fwp%2Fv2%2Fmedia&parent=488"}],"wp:term":[{"taxonomy":"product_cat","embeddable":true,"href":"https:\/\/staging.mittelalterkraemer.de\/index.php?rest_route=%2Fwp%2Fv2%2Fproduct_cat&post=488"},{"taxonomy":"product_tag","embeddable":true,"href":"https:\/\/staging.mittelalterkraemer.de\/index.php?rest_route=%2Fwp%2Fv2%2Fproduct_tag&post=488"}],"curies":[{"name":"wp","href":"https:\/\/api.w.org\/{rel}","templated":true}]}}