{"id":483,"date":"2020-09-25T12:27:29","date_gmt":"2020-09-25T12:27:29","guid":{"rendered":"https:\/\/staging.mittelalterkraemer.de\/?product=diechlinge-kurz"},"modified":"2021-03-08T18:24:51","modified_gmt":"2021-03-08T16:24:51","slug":"diechlinge-kurz","status":"publish","type":"product","link":"https:\/\/staging.mittelalterkraemer.de\/?product=diechlinge-kurz","title":{"rendered":"Diechlinge (kurz)"},"content":{"rendered":"<p>Diechlinge von der H\u00fcfte bis zu den Knien.<br \/>\nZwei einzelne Polsterhosen.<br \/>\nGr\u00f6\u00dfe M:<br \/>\nOberschenkelumfang bis ca. 58 cm<br \/>\nKnieumfang bis ca. 38 cm<br \/>\nGr\u00f6\u00dfe L:<br \/>\nOberschenkelumfang bis ca. 63 cm<br \/>\nKnieumfang bis ca. 41 cm<br \/>\nGr\u00f6\u00dfe XL:<br \/>\nOberschenkelumfang bis ca. 68 cm<br \/>\nKnieumfang bis ca. 44 cm<\/p>\n<p>Wir bieten auch Ma\u00dfanfertigungen f\u00fcr einen Aufpreis von 20% an.<br \/>\nWaren auf Ma\u00df sind vom Umtausch ausgeschlossen.<br \/>\nEine Tabelle f\u00fcr die erforderlichen Ma\u00dfe wird von uns nach Zahlungseingang versendet.<\/p>\n<p>Wir haben naturfarbene (Bild) sofort lieferbar auf Lager.<br \/>\nAndere <a href=\"https:\/\/staging.mittelalterkraemer.de\/?page_id=8707\"><u>Farben<\/u><\/a> bei einer Lieferzeit von 6 &#8211; 12 Wochen ebenfalls m\u00f6glich.<\/p>\n<p><b>Diese Polsterbeinlinge wurden im deutschen Mittelalter Diechlinge genannt.<br \/>\nUm gr\u00f6\u00dftm\u00f6glichen Schutz zu bieten bestehen die Stoffpanzerungen hier aus einer Schicht Leinen, darunter zur Verst\u00e4rkung und unsichtbar eine Lage Baumwolle, Polsterung aus Flies und einer F\u00fctterung aus Leinen. Die Polsterung ist auf den Knien und Oberschenkeln doppelt, sonst einfach. Der auf dem Foto sichtbare Schlitz in den Kniekehlen dient der Erhaltung der maximalen Beweglichkeit. In der Gr\u00f6\u00dfe XL passen die kurzen Diechlinge wie im Foto zu sehen perfekt auf die normalen Diechlinge und kombinieren so, gute Beweglichkeit mit maximalem Schutz.<br \/>\nSolche Diechlinge trug man unter Kettenbeinlingen oder auch nur f\u00fcr sich. Sie haben vier L\u00f6cher zur Befestigung an unseren G\u00fcrteln zum Tragen von Beinlingen. Die Nestelb\u00e4nder und der G\u00fcrtel sind nicht mitgeliefert.<\/b><\/p>\n<p>&nbsp;<\/p>\n<p><span style=\"font-size: 75%;\">Dekorationsartikel geh\u00f6ren nicht zum Lieferumfang<\/span><\/p>\n<p><span style=\"font-size: 75%;\">*Ma\u00dfgefertigte Produkte werden individuell auf vom Kunden zur Verf\u00fcgung gestellten Ma\u00dfen angefertigt. Die entsprechende Ma\u00dftabelle wird nach Bestellung an die angegebene E-Mail-Adresse versendet. Die Ma\u00dfe m\u00fcssen so genommen werden wie die Kleidung nachher getragen werden soll, also mit entsprechender Unterw\u00e4sche\/-kleidung, falls gew\u00fcnscht. Ma\u00dfgefertigte Waren sind vom Umtausch ausgeschlossen.<\/span><\/p>\n<p><span style=\"font-size: 75%;\">**Komplett handvern\u00e4ht bedeutet dass alle N\u00e4hte von Hand vern\u00e4ht werden, inklusive aller sichtbaren und unsichtbaren N\u00e4hte.<\/span><\/p>\n","protected":false},"excerpt":{"rendered":"<p>Diechlinge von der H\u00fcfte bis zu den Knien. Zwei einzelne Polsterhosen. Gr\u00f6\u00dfe M: Oberschenkelumfang bis ca. 58 cm Knieumfang bis ca. 38 cm Gr\u00f6\u00dfe L: Oberschenkelumfang bis ca. 63 cm Knieumfang bis ca. 41 cm Gr\u00f6\u00dfe XL: Oberschenkelumfang bis ca. 68 cm Knieumfang bis ca. 44 cm Wir bieten auch Ma\u00dfanfertigungen f\u00fcr einen Aufpreis von [&#8230;]\n","protected":false},"featured_media":484,"comment_status":"open","ping_status":"closed","template":"","meta":[],"product_cat":[76,97],"product_tag":[],"class_list":{"0":"post-483","1":"product","2":"type-product","3":"status-publish","4":"has-post-thumbnail","6":"product_cat-ruestzeug-trainingszubehoer-schilde","7":"product_cat-stoffpanzerung-gambeson-ruestzeug","8":"product_shipping_class-stdversand","9":"tm-has-options","11":"first","12":"instock","13":"taxable","14":"shipping-taxable","15":"purchasable","16":"product-type-variable","17":"has-default-attributes"},"_links":{"self":[{"href":"https:\/\/staging.mittelalterkraemer.de\/index.php?rest_route=\/wp\/v2\/product\/483","targetHints":{"allow":["GET"]}}],"collection":[{"href":"https:\/\/staging.mittelalterkraemer.de\/index.php?rest_route=\/wp\/v2\/product"}],"about":[{"href":"https:\/\/staging.mittelalterkraemer.de\/index.php?rest_route=\/wp\/v2\/types\/product"}],"replies":[{"embeddable":true,"href":"https:\/\/staging.mittelalterkraemer.de\/index.php?rest_route=%2Fwp%2Fv2%2Fcomments&post=483"}],"wp:featuredmedia":[{"embeddable":true,"href":"https:\/\/staging.mittelalterkraemer.de\/index.php?rest_route=\/wp\/v2\/media\/484"}],"wp:attachment":[{"href":"https:\/\/staging.mittelalterkraemer.de\/index.php?rest_route=%2Fwp%2Fv2%2Fmedia&parent=483"}],"wp:term":[{"taxonomy":"product_cat","embeddable":true,"href":"https:\/\/staging.mittelalterkraemer.de\/index.php?rest_route=%2Fwp%2Fv2%2Fproduct_cat&post=483"},{"taxonomy":"product_tag","embeddable":true,"href":"https:\/\/staging.mittelalterkraemer.de\/index.php?rest_route=%2Fwp%2Fv2%2Fproduct_tag&post=483"}],"curies":[{"name":"wp","href":"https:\/\/api.w.org\/{rel}","templated":true}]}}