{"id":476,"date":"2020-09-25T12:27:18","date_gmt":"2020-09-25T12:27:18","guid":{"rendered":"https:\/\/staging.mittelalterkraemer.de\/?product=spaetmittelalter-pilgerabzeichen-st-quirin"},"modified":"2021-03-05T13:26:59","modified_gmt":"2021-03-05T11:26:59","slug":"spaetmittelalter-pilgerabzeichen-st-quirin","status":"publish","type":"product","link":"https:\/\/staging.mittelalterkraemer.de\/?product=spaetmittelalter-pilgerabzeichen-st-quirin","title":{"rendered":"Sp\u00e4tmittelalter &#8211; Pilgerabzeichen &#8220;St. Quirin&#8221;"},"content":{"rendered":"<p>Ein Pilgerabzeichen aus Zinn.<br \/>\nMa\u00dfe: 4,1 cm auf 7 cm<\/p>\n<p><b>Hier handelt es sich um die Nachbildung eines Pilgerabzeichen das den Pilgern des Mittelalters verliehen wurde wenn sie nach Neuss pilgerten.<br \/>\nSolche Pilgerabzeichen sind bei katholischen Pilgern noch heute \u00fcblich. Es handelt sich um eine Art Orden als Auszeichnung f\u00fcr das erfolgreiche Erreichen des Pilgerortes.<\/b><\/p>\n<p>St. Quirin war nach seiner im 6.\/7. Jahrhundert verfassten Geschichte als r\u00f6mischer Tribun Gef\u00e4ngnisw\u00e4rter des heiligen Alexander und konvertierte zusammen mit seiner Tochter Balbina zum Christentum. Unter Kaiser Hadrian als Christ verfolgt und enthauptet, wurde er in den Praetextatus-Katakomben an der Via Appia in Rom beigesetzt. Papst Leo IX. schenkte \u2013 der im 15.\/16. Jahrhundert entstandenen lokalen Legende nach \u2013 im Jahr 1050 die Reliquien seiner angeblichen Schwester Gepa, \u00c4btissin im Kanonissenstift zu Neuss.<\/p>\n<p>Er ist Patron der Pferde, Rinder und Ritter und wird gegen Bein- und Fu\u00dfleiden, Gicht, L\u00e4hmung, Eitergeschw\u00fcre, Hautausschlag, Pest, Ohrenschmerzen, Kropf, Fisteln, Knochenfra\u00df, Pocken und Pferdekrankheiten angerufen. Neuss wurde so im Mittelalter (neben K\u00f6ln und Aachen) einer der bedeutendsten Wallfahrtsorte im Rheinland. Neben der Betrachtung der wundert\u00e4tigen Reliquien strebte man, das wundert\u00e4tige Wasser aus der \u201eHirnschale\u201c des Heiligen zu trinken.<\/p>\n<p>Gefunden wurde genau dieses Zinnabzeichen das hier als Vorlage diente in Nieuwlande, in Holland. \u00c4hnliche fand man in vielen Orten in Frankreich, Deutschland und Holland. Das Material dieser Fundst\u00fccke datierte von 1475-1525. Ander Fundst\u00fccke wurden auch schon auf 1400 datiert. Man kann aber annehmen dass das Zeichen seit dem 12. Jahrhundert verwendet wurde da bereits 1050 die Gebeine des heiligen Quirin nach Neuss verlegt wurden und der Pilgerstrom seit damals bis heute nie abriss.<br \/>\nPilgerzeichen an sich sind ab Mitte des 12. Jahrhunderts \u00fcblich.<\/p>\n","protected":false},"excerpt":{"rendered":"<p>Ein Pilgerabzeichen aus Zinn. Ma\u00dfe: 4,1 cm auf 7 cm Hier handelt es sich um die Nachbildung eines Pilgerabzeichen das den Pilgern des Mittelalters verliehen wurde wenn sie nach Neuss pilgerten. Solche Pilgerabzeichen sind bei katholischen Pilgern noch heute \u00fcblich. Es handelt sich um eine Art Orden als Auszeichnung f\u00fcr das erfolgreiche Erreichen des Pilgerortes. [&#8230;]\n","protected":false},"featured_media":477,"comment_status":"open","ping_status":"closed","template":"","meta":[],"product_cat":[77,130],"product_tag":[],"class_list":{"0":"post-476","1":"product","2":"type-product","3":"status-publish","4":"has-post-thumbnail","6":"product_cat-accessoires","7":"product_cat-geschmeide-sakramentale","8":"product_shipping_class-stdversand","9":"tm-no-options","11":"first","12":"instock","13":"taxable","14":"shipping-taxable","15":"purchasable","16":"product-type-simple"},"_links":{"self":[{"href":"https:\/\/staging.mittelalterkraemer.de\/index.php?rest_route=\/wp\/v2\/product\/476","targetHints":{"allow":["GET"]}}],"collection":[{"href":"https:\/\/staging.mittelalterkraemer.de\/index.php?rest_route=\/wp\/v2\/product"}],"about":[{"href":"https:\/\/staging.mittelalterkraemer.de\/index.php?rest_route=\/wp\/v2\/types\/product"}],"replies":[{"embeddable":true,"href":"https:\/\/staging.mittelalterkraemer.de\/index.php?rest_route=%2Fwp%2Fv2%2Fcomments&post=476"}],"wp:featuredmedia":[{"embeddable":true,"href":"https:\/\/staging.mittelalterkraemer.de\/index.php?rest_route=\/wp\/v2\/media\/477"}],"wp:attachment":[{"href":"https:\/\/staging.mittelalterkraemer.de\/index.php?rest_route=%2Fwp%2Fv2%2Fmedia&parent=476"}],"wp:term":[{"taxonomy":"product_cat","embeddable":true,"href":"https:\/\/staging.mittelalterkraemer.de\/index.php?rest_route=%2Fwp%2Fv2%2Fproduct_cat&post=476"},{"taxonomy":"product_tag","embeddable":true,"href":"https:\/\/staging.mittelalterkraemer.de\/index.php?rest_route=%2Fwp%2Fv2%2Fproduct_tag&post=476"}],"curies":[{"name":"wp","href":"https:\/\/api.w.org\/{rel}","templated":true}]}}