{"id":4657,"date":"2020-10-08T20:22:11","date_gmt":"2020-10-08T20:22:11","guid":{"rendered":"https:\/\/staging.mittelalterkraemer.de\/?post_type=product&#038;p=4657"},"modified":"2021-03-08T18:24:52","modified_gmt":"2021-03-08T16:24:52","slug":"polsterhandschuhe","status":"publish","type":"product","link":"https:\/\/staging.mittelalterkraemer.de\/?product=polsterhandschuhe","title":{"rendered":"Polsterhandschuhe"},"content":{"rendered":"<p>Polsterf\u00e4ustlinge aus mehreren Lagen Stoff.<\/p>\n<p>Wir haben naturfarbene (Bild), wei\u00dfe und schwarze in Einheitsgr\u00f6\u00dfe auf Lager.<br \/>\nAndere\u00a0<a href=\"https:\/\/staging.mittelalterkraemer.de\/?page_id=8707\"><u>Farben<\/u><\/a>\u00a0bei einer Lieferzeit von 6 \u2013 12 Wochen ebenfalls m\u00f6glich.<\/p>\n<p><b>Die Handschuhe sind mit mehreren Lagen Leinenstoff und Vlies gepolstert und an der Innenfl\u00e4che nur aus einer Schicht Leder. So hat man trotz gutem Schutz und der damit verbundenen Starrheit immer noch einen guten Gripp.<br \/>\nDie erste Priorit\u00e4t eines Stoffpanzers sollte auf dem Schutz liegen, und das tut sie in diesem Fall. Jeder der einmal mit einem Schwert hantiert hat kennt die Schmerzen wenn man an der Parierstange vorbei doch einmal den Kn\u00f6chel trifft.<br \/>\n<\/b><br \/>\nPolsterhandschuhe geh\u00f6rten zur Ausstattung jedes K\u00e4mpfers.<br \/>\nNur die \u00c4rmsten trugen allein diese Handschuhe zum Schutz, aber jeder der sich Plattenr\u00fcstungsteile oder Kettenpanzer leisten konnte, brauchte ebenfalls Stoffpanzerhandschuhe. Als Polsterung vor Ersch\u00fctterungen und nat\u00fcrlich um vor dem kantigen Metallteilen selbst zu sch\u00fctzen. So wird man durch Bewegung nicht wund und die Plattenhandschuhe sitzen.<br \/>\nDiese Handschuhe hielten sich \u00fcber das ganze Mittelalter in der Art. Das Tragen von Fingerhandschuhen war lange nur Adeligen vorbehalten und selbst die hatten nur drei Finger.<\/p>\n<p>Eine Abbildung von Polsterf\u00e4ustlingen gibt es im Sachsenspiegel auf Folio 79 recto.<\/p>\n<p><span style=\"font-size: 75%;\">Dekorationsartikel geh\u00f6ren nicht zum Lieferumfang<\/span><\/p>\n","protected":false},"excerpt":{"rendered":"<p>Polsterf\u00e4ustlinge aus mehreren Lagen Stoff. Wir haben naturfarbene (Bild), wei\u00dfe und schwarze in Einheitsgr\u00f6\u00dfe auf Lager. Andere\u00a0Farben\u00a0bei einer Lieferzeit von 6 \u2013 12 Wochen ebenfalls m\u00f6glich. Die Handschuhe sind mit mehreren Lagen Leinenstoff und Vlies gepolstert und an der Innenfl\u00e4che nur aus einer Schicht Leder. So hat man trotz gutem Schutz und der damit verbundenen [&#8230;]\n","protected":false},"featured_media":265,"comment_status":"open","ping_status":"closed","template":"","meta":[],"product_cat":[76,97],"product_tag":[],"class_list":{"0":"post-4657","1":"product","2":"type-product","3":"status-publish","4":"has-post-thumbnail","6":"product_cat-ruestzeug-trainingszubehoer-schilde","7":"product_cat-stoffpanzerung-gambeson-ruestzeug","8":"product_shipping_class-stdversand","9":"tm-has-options","11":"first","12":"instock","13":"taxable","14":"shipping-taxable","15":"purchasable","16":"product-type-simple"},"_links":{"self":[{"href":"https:\/\/staging.mittelalterkraemer.de\/index.php?rest_route=\/wp\/v2\/product\/4657","targetHints":{"allow":["GET"]}}],"collection":[{"href":"https:\/\/staging.mittelalterkraemer.de\/index.php?rest_route=\/wp\/v2\/product"}],"about":[{"href":"https:\/\/staging.mittelalterkraemer.de\/index.php?rest_route=\/wp\/v2\/types\/product"}],"replies":[{"embeddable":true,"href":"https:\/\/staging.mittelalterkraemer.de\/index.php?rest_route=%2Fwp%2Fv2%2Fcomments&post=4657"}],"wp:featuredmedia":[{"embeddable":true,"href":"https:\/\/staging.mittelalterkraemer.de\/index.php?rest_route=\/wp\/v2\/media\/265"}],"wp:attachment":[{"href":"https:\/\/staging.mittelalterkraemer.de\/index.php?rest_route=%2Fwp%2Fv2%2Fmedia&parent=4657"}],"wp:term":[{"taxonomy":"product_cat","embeddable":true,"href":"https:\/\/staging.mittelalterkraemer.de\/index.php?rest_route=%2Fwp%2Fv2%2Fproduct_cat&post=4657"},{"taxonomy":"product_tag","embeddable":true,"href":"https:\/\/staging.mittelalterkraemer.de\/index.php?rest_route=%2Fwp%2Fv2%2Fproduct_tag&post=4657"}],"curies":[{"name":"wp","href":"https:\/\/api.w.org\/{rel}","templated":true}]}}