{"id":4637,"date":"2020-10-08T19:49:30","date_gmt":"2020-10-08T19:49:30","guid":{"rendered":"https:\/\/staging.mittelalterkraemer.de\/?post_type=product&#038;p=4637"},"modified":"2021-03-05T13:11:15","modified_gmt":"2021-03-05T11:11:15","slug":"spielzeugpferd","status":"publish","type":"product","link":"https:\/\/staging.mittelalterkraemer.de\/?product=spielzeugpferd","title":{"rendered":"Spielzeugpferd"},"content":{"rendered":"<p>Ein Spielzeugpferd aus Naturmaterialien.<br \/>\nH\u00f6he ungef\u00e4hr 21 cm, L\u00e4nge 15 cm und Breite 7 cm.<\/p>\n<p><b>Ein Spielzeugpferd das komplett aus Naturmaterialen besteht.<br \/>\nDas Fell ist aus braunem Wollstoff, Schwanz und M\u00e4hne aus braunen Baumwollfasern. Das Ganze ist mit Leinenfaden vern\u00e4ht und verziert und mit Schaffleece ausgestopft. (Siehe Foto)<\/b><\/p>\n<p>&nbsp;<\/p>\n<p>Nat\u00fcrlich hatten Kinder im Mittelalter auch in ihrer vergleichsweise kurzen Kindheit Spielsachen. Wobei uns speziell Holzfiguren, Holzpuppen und Stofftiere \u00fcberliefert sind.<\/p>\n<p>&nbsp;<\/p>\n<p><span style=\"font-size: 75%;\">Dekorationsartikel geh\u00f6ren nicht zum Lieferumfang<\/span><\/p>\n<p><span style=\"font-size: 75%;\">***Wollstoff aus mindestens 80% Wolle und h\u00f6chstens 20% Polyamid<\/span><\/p>\n","protected":false},"excerpt":{"rendered":"<p>Ein Spielzeugpferd aus Naturmaterialien. H\u00f6he ungef\u00e4hr 21 cm, L\u00e4nge 15 cm und Breite 7 cm. Ein Spielzeugpferd das komplett aus Naturmaterialen besteht. Das Fell ist aus braunem Wollstoff, Schwanz und M\u00e4hne aus braunen Baumwollfasern. Das Ganze ist mit Leinenfaden vern\u00e4ht und verziert und mit Schaffleece ausgestopft. (Siehe Foto) &nbsp; Nat\u00fcrlich hatten Kinder im Mittelalter auch [&#8230;]\n","protected":false},"featured_media":1116,"comment_status":"open","ping_status":"closed","template":"","meta":[],"product_cat":[144,79],"product_tag":[],"class_list":{"0":"post-4637","1":"product","2":"type-product","3":"status-publish","4":"has-post-thumbnail","6":"product_cat-alltagsgegenstaende","7":"product_cat-fuer-unsere-kleinen","8":"product_shipping_class-stdversand","9":"tm-has-options","11":"first","12":"instock","13":"taxable","14":"shipping-taxable","15":"purchasable","16":"product-type-simple"},"_links":{"self":[{"href":"https:\/\/staging.mittelalterkraemer.de\/index.php?rest_route=\/wp\/v2\/product\/4637","targetHints":{"allow":["GET"]}}],"collection":[{"href":"https:\/\/staging.mittelalterkraemer.de\/index.php?rest_route=\/wp\/v2\/product"}],"about":[{"href":"https:\/\/staging.mittelalterkraemer.de\/index.php?rest_route=\/wp\/v2\/types\/product"}],"replies":[{"embeddable":true,"href":"https:\/\/staging.mittelalterkraemer.de\/index.php?rest_route=%2Fwp%2Fv2%2Fcomments&post=4637"}],"wp:featuredmedia":[{"embeddable":true,"href":"https:\/\/staging.mittelalterkraemer.de\/index.php?rest_route=\/wp\/v2\/media\/1116"}],"wp:attachment":[{"href":"https:\/\/staging.mittelalterkraemer.de\/index.php?rest_route=%2Fwp%2Fv2%2Fmedia&parent=4637"}],"wp:term":[{"taxonomy":"product_cat","embeddable":true,"href":"https:\/\/staging.mittelalterkraemer.de\/index.php?rest_route=%2Fwp%2Fv2%2Fproduct_cat&post=4637"},{"taxonomy":"product_tag","embeddable":true,"href":"https:\/\/staging.mittelalterkraemer.de\/index.php?rest_route=%2Fwp%2Fv2%2Fproduct_tag&post=4637"}],"curies":[{"name":"wp","href":"https:\/\/api.w.org\/{rel}","templated":true}]}}