{"id":454,"date":"2020-09-25T12:27:18","date_gmt":"2020-09-25T10:27:18","guid":{"rendered":"https:\/\/staging.mittelalterkraemer.de\/?product=waffenrock-aus-wolle"},"modified":"2021-03-08T18:24:52","modified_gmt":"2021-03-08T16:24:52","slug":"waffenrock-aus-wolle","status":"publish","type":"product","link":"https:\/\/staging.mittelalterkraemer.de\/?product=waffenrock-aus-wolle","title":{"rendered":"Waffenrock aus Wolle"},"content":{"rendered":"<p>Waffenrock aus Wolle gef\u00fcttert mit Leinen.<\/p>\n<p>Wird individuell angefertigt.<br \/>\nLieferzeit daher ca. 6-8 Wochen.<\/p>\n<p>Alle <a href=\"https:\/\/staging.mittelalterkraemer.de\/?page_id=8722\"><u>Wollfarben<\/u><\/a> und <a href=\"https:\/\/staging.mittelalterkraemer.de\/?page_id=8707\"><u>Leinenfarben<\/u><\/a> die zur Auswahl stehen sind hier zu sehen.<\/p>\n<p>Wahlweise:<br \/>\nMi-Parti +25 EUR<br \/>\nKreuz +25 EUR<br \/>\nUmsetzung eines Wappenschildes nach Vorlage +85 EUR<br \/>\n(Jeweils aus Wollstoff ausgeschnitten und mit Handnaht aufgebracht)<\/p>\n<p><b>Wappen- oder Waffenr\u00f6cke wurden \u00fcber der R\u00fcstung getragen um aus jeder Richtung sofort erkennen zu k\u00f6nnen, wem man gegen\u00fcber stand. Au\u00dferdem dient die Wolle auch als zus\u00e4tzlicher Schutz.<\/b><\/p>\n<p>Entstanden sind Waffenr\u00f6cke zur Zeit der Kreuzz\u00fcge. Wahrscheinlich zum Einen weil dort erstmals gr\u00f6\u00dfere gemischte Heere aufeinander trafen und sich die Adeligen dort nicht mehr zwangsl\u00e4ufig schon mal vorher gesehen hatten und somit auch nicht wussten was der andere im Schilde f\u00fchrt, buchst\u00e4blich.<br \/>\nZum Anderen sch\u00fctzt der Stoff auf dem Kettenpanzer auch gegen das Aufheizen durch die Sonne.<\/p>\n<p>Selbst im Codex Manesse sind Waffenr\u00f6cke abgebildet, sogar mit aufwendigen Stickereien. Und in der Maciejowski-Bibel gleich auf drei Seiten hintereinander: Vorderseite Seite 10, R\u00fcckseite Seite 10 und Vorderseite Seite 11.<\/p>\n<p><span style=\"font-size: 75%;\">Dekorationsartikel geh\u00f6ren nicht zum Lieferumfang<\/span><\/p>\n<p><span style=\"font-size: 75%;\">*Ma\u00dfgefertigte Produkte werden individuell auf vom Kunden zur Verf\u00fcgung gestellten Ma\u00dfen angefertigt. Die entsprechende Ma\u00dftabelle wird nach Bestellung an die angegebene E-Mail-Adresse versendet. Die Ma\u00dfe m\u00fcssen so genommen werden wie die Kleidung nachher getragen werden soll, also mit entsprechender Unterw\u00e4sche\/-kleidung, falls gew\u00fcnscht. Ma\u00dfgefertigte Waren sind vom Umtausch ausgeschlossen.<\/span><\/p>\n<p><span style=\"font-size: 75%;\">**Komplett handvern\u00e4ht bedeutet dass alle N\u00e4hte von Hand vern\u00e4ht werden, inklusive aller sichtbaren und unsichtbaren N\u00e4hte.<\/span><\/p>\n<p><span style=\"font-size: 75%;\">***Wollstoff aus mindestens 80% Wolle und h\u00f6chstens 20% Polyamid<\/span><\/p>\n","protected":false},"excerpt":{"rendered":"<p>Waffenrock aus Wolle gef\u00fcttert mit Leinen. Wird individuell angefertigt. Lieferzeit daher ca. 6-8 Wochen. Alle Wollfarben und Leinenfarben die zur Auswahl stehen sind hier zu sehen. Wahlweise: Mi-Parti +25 EUR Kreuz +25 EUR Umsetzung eines Wappenschildes nach Vorlage +85 EUR (Jeweils aus Wollstoff ausgeschnitten und mit Handnaht aufgebracht) Wappen- oder Waffenr\u00f6cke wurden \u00fcber der R\u00fcstung [&#8230;]\n","protected":false},"featured_media":455,"comment_status":"open","ping_status":"closed","template":"","meta":[],"product_cat":[75,94,76,97],"product_tag":[],"class_list":{"0":"post-454","1":"product","2":"type-product","3":"status-publish","4":"has-post-thumbnail","6":"product_cat-kleidung-herren","7":"product_cat-oberbekleidung-maentel-kleidung-herren","8":"product_cat-ruestzeug-trainingszubehoer-schilde","9":"product_cat-stoffpanzerung-gambeson-ruestzeug","10":"product_shipping_class-stdversand","11":"tm-has-options","13":"first","14":"instock","15":"taxable","16":"shipping-taxable","17":"purchasable","18":"product-type-simple"},"_links":{"self":[{"href":"https:\/\/staging.mittelalterkraemer.de\/index.php?rest_route=\/wp\/v2\/product\/454","targetHints":{"allow":["GET"]}}],"collection":[{"href":"https:\/\/staging.mittelalterkraemer.de\/index.php?rest_route=\/wp\/v2\/product"}],"about":[{"href":"https:\/\/staging.mittelalterkraemer.de\/index.php?rest_route=\/wp\/v2\/types\/product"}],"replies":[{"embeddable":true,"href":"https:\/\/staging.mittelalterkraemer.de\/index.php?rest_route=%2Fwp%2Fv2%2Fcomments&post=454"}],"wp:featuredmedia":[{"embeddable":true,"href":"https:\/\/staging.mittelalterkraemer.de\/index.php?rest_route=\/wp\/v2\/media\/455"}],"wp:attachment":[{"href":"https:\/\/staging.mittelalterkraemer.de\/index.php?rest_route=%2Fwp%2Fv2%2Fmedia&parent=454"}],"wp:term":[{"taxonomy":"product_cat","embeddable":true,"href":"https:\/\/staging.mittelalterkraemer.de\/index.php?rest_route=%2Fwp%2Fv2%2Fproduct_cat&post=454"},{"taxonomy":"product_tag","embeddable":true,"href":"https:\/\/staging.mittelalterkraemer.de\/index.php?rest_route=%2Fwp%2Fv2%2Fproduct_tag&post=454"}],"curies":[{"name":"wp","href":"https:\/\/api.w.org\/{rel}","templated":true}]}}