{"id":452,"date":"2020-09-25T12:27:00","date_gmt":"2020-09-25T12:27:00","guid":{"rendered":"https:\/\/staging.mittelalterkraemer.de\/?product=spaetmittelalter-pilgerabzeichen-st-georg"},"modified":"2021-03-05T13:33:15","modified_gmt":"2021-03-05T11:33:15","slug":"spaetmittelalter-pilgerabzeichen-st-georg","status":"publish","type":"product","link":"https:\/\/staging.mittelalterkraemer.de\/?product=spaetmittelalter-pilgerabzeichen-st-georg","title":{"rendered":"Sp\u00e4tmittelalter &#8211; Pilgerabzeichen &#8220;St. Georg&#8221;"},"content":{"rendered":"<p>Ein Pilgerabzeichen aus Zinn.<br \/>\nMa\u00dfe: 4 cm auf 3,5 cm<\/p>\n<p><b>Hier handelt es sich um die Nachbildung eines Pilgerabzeichen das nicht wie \u00fcblich den Pilgern des Mittelalters verliehen wurde wenn sie zu einer heiligen St\u00e4tte oder Reliquie pilgerten. Hier handelt es sich eher um einen Talisman, der Rittern, K\u00e4mpfern und Kriegern Gl\u00fcck bringen sollte. St. Georg war und ist der Patron aller Ritter, Soldaten und S\u00f6ldner.<br \/>\n<\/b><\/p>\n<p>St. Georg ist einer der bekanntesten Heiligen \u00fcberhaupt. Die Legende des Drachent\u00f6ters entstand zur Zeit der Kreuzz\u00fcge als der Ritterstand begann sich selber zu romantisieren. Er ist bis heute der Patron vieler L\u00e4nder und Familien. Er war und ist noch der Patron der Soldaten und S\u00f6ldner. Der Name Georg selbst, ist, z\u00e4hlt man die landestypischen Varianten dazu, der h\u00e4ufigste in ganz Europa. Der heilige Georg ist da sicher noch heute nicht unschuldig daran, steht doch er insgeheim f\u00fcr den ritterlichen Helden, wie bei uns in Deutschland der Roland.<br \/>\nSeine Tat, bzw. die Legende darum, beeinflusste den Ritterstand ma\u00dfgeblich. Und damit die Geschichte ganz Europas, war doch der Ritterstand die erste globale, sprich l\u00e4nder\u00fcbergreifende Organisation der Geschichte.<\/p>\n<p>St. Georg soll um 300 nach Christus im Gebiet des heutigen Beiruts einen Drachen get\u00f6tet haben der die K\u00f6nigstochter gefangen hielt. Die Bev\u00f6lkerung, vom B\u00f6sen befreit, konvertierte aus Dankbarkeit geschlossen zum Christentum.<\/p>\n<p>Die bekanntesten Beispiele von L\u00e4ndern die St. Georg als Nationalheiligen verehren sind sicherlich Georgien und England die sogar das Georgskreuz in der Landesflagge zeigen. Aber selbst Malta, \u00c4thiopien und Pal\u00e4stina geh\u00f6ren neben vielen anderen dazu.<br \/>\nDes Weiteren ist er der Patron zum Beispiel der Schlachter, Sattler, B\u00f6ttcher, Bauern, ja selbst der Pfadfinder und der Gefangenen.<\/p>\n<p>Er ist zust\u00e4ndig bei fast allen Seuchen, selbst bei Herpes und beim Schwarzen Tod, der Pest. Er besch\u00fctzt Siechenh\u00e4user und Spit\u00e4ler und bewahrt einen vor Krieg und im Zweifel dann im Krieg.<\/p>\n<p>Gefunden wurde genau dieses Zinnabzeichen das hier als Vorlage diente in Paris.<br \/>\nAbzeichen St. Georgs fand man aber \u00fcberall in England, Frankreich, Holland und auch Deutschland. Das Material dieser Fundst\u00fccke datierte von 1300 bis 1500. Das Original des hier erh\u00e4ltlichen d\u00fcrfte um 1400 entstanden sein.<br \/>\nPilgerzeichen an sich sind ab Mitte des 12. Jahrhunderts \u00fcblich.<\/p>\n","protected":false},"excerpt":{"rendered":"<p>Ein Pilgerabzeichen aus Zinn. Ma\u00dfe: 4 cm auf 3,5 cm Hier handelt es sich um die Nachbildung eines Pilgerabzeichen das nicht wie \u00fcblich den Pilgern des Mittelalters verliehen wurde wenn sie zu einer heiligen St\u00e4tte oder Reliquie pilgerten. Hier handelt es sich eher um einen Talisman, der Rittern, K\u00e4mpfern und Kriegern Gl\u00fcck bringen sollte. St. [&#8230;]\n","protected":false},"featured_media":453,"comment_status":"open","ping_status":"closed","template":"","meta":[],"product_cat":[77,130],"product_tag":[],"class_list":{"0":"post-452","1":"product","2":"type-product","3":"status-publish","4":"has-post-thumbnail","6":"product_cat-accessoires","7":"product_cat-geschmeide-sakramentale","8":"product_shipping_class-stdversand","9":"tm-no-options","11":"first","12":"instock","13":"taxable","14":"shipping-taxable","15":"purchasable","16":"product-type-simple"},"_links":{"self":[{"href":"https:\/\/staging.mittelalterkraemer.de\/index.php?rest_route=\/wp\/v2\/product\/452","targetHints":{"allow":["GET"]}}],"collection":[{"href":"https:\/\/staging.mittelalterkraemer.de\/index.php?rest_route=\/wp\/v2\/product"}],"about":[{"href":"https:\/\/staging.mittelalterkraemer.de\/index.php?rest_route=\/wp\/v2\/types\/product"}],"replies":[{"embeddable":true,"href":"https:\/\/staging.mittelalterkraemer.de\/index.php?rest_route=%2Fwp%2Fv2%2Fcomments&post=452"}],"wp:featuredmedia":[{"embeddable":true,"href":"https:\/\/staging.mittelalterkraemer.de\/index.php?rest_route=\/wp\/v2\/media\/453"}],"wp:attachment":[{"href":"https:\/\/staging.mittelalterkraemer.de\/index.php?rest_route=%2Fwp%2Fv2%2Fmedia&parent=452"}],"wp:term":[{"taxonomy":"product_cat","embeddable":true,"href":"https:\/\/staging.mittelalterkraemer.de\/index.php?rest_route=%2Fwp%2Fv2%2Fproduct_cat&post=452"},{"taxonomy":"product_tag","embeddable":true,"href":"https:\/\/staging.mittelalterkraemer.de\/index.php?rest_route=%2Fwp%2Fv2%2Fproduct_tag&post=452"}],"curies":[{"name":"wp","href":"https:\/\/api.w.org\/{rel}","templated":true}]}}