{"id":440,"date":"2020-09-25T12:27:00","date_gmt":"2020-09-25T10:27:00","guid":{"rendered":"https:\/\/staging.mittelalterkraemer.de\/?product=spaetmittelalter-armzeug-fuer-den-oberarm"},"modified":"2021-03-05T13:37:00","modified_gmt":"2021-03-05T11:37:00","slug":"spaetmittelalter-armzeug-fuer-den-oberarm","status":"publish","type":"product","link":"https:\/\/staging.mittelalterkraemer.de\/?product=spaetmittelalter-armzeug-fuer-den-oberarm","title":{"rendered":"Sp\u00e4tmittelalter &#8211; Armzeug f\u00fcr den Oberarm"},"content":{"rendered":"<p>Armschutz f\u00fcr dem Oberarm aus naturfarbenem Leder mit Federstahl verst\u00e4rkt.<br \/>\nProduktion eingestellt.<\/p>\n<p>DIE DEFINITIV LETZTEN BEIDEN EXEMPLARE. LETZTE CHANCE!<\/p>\n<p>Materialst\u00e4rke Federstahl 1 mm.<\/p>\n<p><b> Ein Armschutz als Erg\u00e4nzung zum Plattenrock oder zur Brigantine. Das Lederteil ist mit ein Millimeter starken Federstahlplatten versehen und wird mit Schnallen und Riemen am Oberarm fixiert und kann so optimal f\u00fcr den Tr\u00e4ger angepasst werden. Die Platten sind mit 4-5 Stahlnieten pro Platte aufgenietet und sind an sich leicht der L\u00e4nge nach gebogen um eine maximale Stabilit\u00e4t zu erhalten und die empfindlichen und f\u00fcr den Kampf \u00fcberaus wichtigen Armknochen \u00fcber Gambeson und Kettenhemd optimal zu sch\u00fctzen. Der Schlag wird damit auf die ganze L\u00e4nge des Schutzes verteilt.<\/b><\/p>\n<p>F\u00fcr maximalen Schutz am verwundbaren Oberk\u00f6rper stellten die Plattenr\u00f6cke, Brigantinen und solches Armzeug eine \u00dcbergangsform zwischen Stoff- und Kettenpanzer des Hochmittelalters und den Plattenpanzern des ausgehenden Mittelalters und der fr\u00fchen Neuzeit dar. Au\u00dferdem existierten sie im 15. Jahrhundert auch eine Zeit lang als g\u00fcnstigere Alternative parallel zu den Plattenharnischen.<br \/>\nTypisch waren die auf Stoff oder Leder montierten Stahlplatten im 14. Jahrhundert, aber sie tauchten schon Mitte des 13. Jahrhunderts (siehe die Statue des heiligen Moritz oder Mauritius im Mageburger Dom um 1250) auf, wandelten sich gegen Ende des 14. Jahrhunderts langsam zur Brigantine (die mit kleineren Platten belegt waren) und verschwanden gegen Ende des 15. Jahrhunderts.<\/p>\n<p><span style=\"font-size: 75%;\">Dekorationsartikel geh\u00f6ren nicht zum Lieferumfang<\/span><\/p>\n","protected":false},"excerpt":{"rendered":"<p>Armschutz f\u00fcr dem Oberarm aus naturfarbenem Leder mit Federstahl verst\u00e4rkt. Produktion eingestellt. DIE DEFINITIV LETZTEN BEIDEN EXEMPLARE. LETZTE CHANCE! Materialst\u00e4rke Federstahl 1 mm. Ein Armschutz als Erg\u00e4nzung zum Plattenrock oder zur Brigantine. Das Lederteil ist mit ein Millimeter starken Federstahlplatten versehen und wird mit Schnallen und Riemen am Oberarm fixiert und kann so optimal f\u00fcr [&#8230;]\n","protected":false},"featured_media":441,"comment_status":"open","ping_status":"closed","template":"","meta":[],"product_cat":[76,97],"product_tag":[],"class_list":{"0":"post-440","1":"product","2":"type-product","3":"status-publish","4":"has-post-thumbnail","6":"product_cat-ruestzeug-trainingszubehoer-schilde","7":"product_cat-stoffpanzerung-gambeson-ruestzeug","8":"product_shipping_class-stdversand","9":"tm-no-options","11":"first","12":"instock","13":"taxable","14":"shipping-taxable","15":"purchasable","16":"product-type-simple"},"_links":{"self":[{"href":"https:\/\/staging.mittelalterkraemer.de\/index.php?rest_route=\/wp\/v2\/product\/440","targetHints":{"allow":["GET"]}}],"collection":[{"href":"https:\/\/staging.mittelalterkraemer.de\/index.php?rest_route=\/wp\/v2\/product"}],"about":[{"href":"https:\/\/staging.mittelalterkraemer.de\/index.php?rest_route=\/wp\/v2\/types\/product"}],"replies":[{"embeddable":true,"href":"https:\/\/staging.mittelalterkraemer.de\/index.php?rest_route=%2Fwp%2Fv2%2Fcomments&post=440"}],"wp:featuredmedia":[{"embeddable":true,"href":"https:\/\/staging.mittelalterkraemer.de\/index.php?rest_route=\/wp\/v2\/media\/441"}],"wp:attachment":[{"href":"https:\/\/staging.mittelalterkraemer.de\/index.php?rest_route=%2Fwp%2Fv2%2Fmedia&parent=440"}],"wp:term":[{"taxonomy":"product_cat","embeddable":true,"href":"https:\/\/staging.mittelalterkraemer.de\/index.php?rest_route=%2Fwp%2Fv2%2Fproduct_cat&post=440"},{"taxonomy":"product_tag","embeddable":true,"href":"https:\/\/staging.mittelalterkraemer.de\/index.php?rest_route=%2Fwp%2Fv2%2Fproduct_tag&post=440"}],"curies":[{"name":"wp","href":"https:\/\/api.w.org\/{rel}","templated":true}]}}