{"id":426,"date":"2020-09-25T12:27:00","date_gmt":"2020-09-25T10:27:00","guid":{"rendered":"https:\/\/staging.mittelalterkraemer.de\/?product=gewandschliesse-herz"},"modified":"2021-03-05T13:42:11","modified_gmt":"2021-03-05T11:42:11","slug":"gewandschliesse-herz","status":"publish","type":"product","link":"https:\/\/staging.mittelalterkraemer.de\/?product=gewandschliesse-herz","title":{"rendered":"Gewandschlie\u00dfe Herz"},"content":{"rendered":"<p>Fibel aus Messing in Herzform<br \/>\nBreite 55 mm<\/p>\n<p><b>Replika eines Fundes aus England.<br \/>\nDiese schlichte Fibel hielt nicht nur Kleidung zusammen sondern war gleicherma\u00dfen auch Schmuckst\u00fcck.<\/b><\/p>\n<p>Das Original wurde in England gefunden und auf die Zeit von 1250 &#8211; 1350 datiert.<\/p>\n<p><span style=\"font-size: 75%;\">Dekorationsartikel geh\u00f6ren nicht zum Lieferumfang<\/span><\/p>\n","protected":false},"excerpt":{"rendered":"<p>Fibel aus Messing in Herzform Breite 55 mm Replika eines Fundes aus England. Diese schlichte Fibel hielt nicht nur Kleidung zusammen sondern war gleicherma\u00dfen auch Schmuckst\u00fcck. Das Original wurde in England gefunden und auf die Zeit von 1250 &#8211; 1350 datiert. Dekorationsartikel geh\u00f6ren nicht zum Lieferumfang<\/p>\n","protected":false},"featured_media":427,"comment_status":"open","ping_status":"closed","template":"","meta":[],"product_cat":[77,130],"product_tag":[],"class_list":{"0":"post-426","1":"product","2":"type-product","3":"status-publish","4":"has-post-thumbnail","6":"product_cat-accessoires","7":"product_cat-geschmeide-sakramentale","8":"product_shipping_class-stdversand","9":"tm-no-options","11":"first","12":"instock","13":"taxable","14":"shipping-taxable","15":"purchasable","16":"product-type-simple"},"_links":{"self":[{"href":"https:\/\/staging.mittelalterkraemer.de\/index.php?rest_route=\/wp\/v2\/product\/426","targetHints":{"allow":["GET"]}}],"collection":[{"href":"https:\/\/staging.mittelalterkraemer.de\/index.php?rest_route=\/wp\/v2\/product"}],"about":[{"href":"https:\/\/staging.mittelalterkraemer.de\/index.php?rest_route=\/wp\/v2\/types\/product"}],"replies":[{"embeddable":true,"href":"https:\/\/staging.mittelalterkraemer.de\/index.php?rest_route=%2Fwp%2Fv2%2Fcomments&post=426"}],"wp:featuredmedia":[{"embeddable":true,"href":"https:\/\/staging.mittelalterkraemer.de\/index.php?rest_route=\/wp\/v2\/media\/427"}],"wp:attachment":[{"href":"https:\/\/staging.mittelalterkraemer.de\/index.php?rest_route=%2Fwp%2Fv2%2Fmedia&parent=426"}],"wp:term":[{"taxonomy":"product_cat","embeddable":true,"href":"https:\/\/staging.mittelalterkraemer.de\/index.php?rest_route=%2Fwp%2Fv2%2Fproduct_cat&post=426"},{"taxonomy":"product_tag","embeddable":true,"href":"https:\/\/staging.mittelalterkraemer.de\/index.php?rest_route=%2Fwp%2Fv2%2Fproduct_tag&post=426"}],"curies":[{"name":"wp","href":"https:\/\/api.w.org\/{rel}","templated":true}]}}