{"id":425,"date":"2020-09-25T12:27:00","date_gmt":"2020-09-25T10:27:00","guid":{"rendered":"https:\/\/staging.mittelalterkraemer.de\/?product=naalbinding-nadel-aus-holz"},"modified":"2021-03-05T13:48:34","modified_gmt":"2021-03-05T11:48:34","slug":"naalbinding-nadel-aus-holz","status":"publish","type":"product","link":"https:\/\/staging.mittelalterkraemer.de\/?product=naalbinding-nadel-aus-holz","title":{"rendered":"Naalbinding-Nadel aus Holz"},"content":{"rendered":"<p>Naalbindingnadel aus Holz von Hand geschnitzt<br \/>\nL\u00e4nge ungef\u00e4hr 8 cm<\/p>\n<p><b>Eine Nadelbindingnadel in Handarbeit hergestellt und ideal zum Naalbinden.<br \/>\nGerade Knochen sind typisch f\u00fcr filigrane Werkzeuge, weil die auch den \u00e4rmsten zur Verf\u00fcgung standen, aber Holz w\u00fcrde nat\u00fcrlich ebenso verwendet.<\/b><\/p>\n<p>Naalbinden oder Nadelbinden ist ein Vorl\u00e4ufer unseres Strickens der sich ab der Sp\u00e4tantike immer mehr verbreitete und im Hochmittelalter die mehr oder weniger einzigste Methode war Strickwaren, wie Socken und Handschuhe, herzustellen.<br \/>\nGearbeitet wird mit einer Nadel und es werden im Prinzip echte Knoten in verschiedenen Mustern aneinander gereiht. Laufmaschen sind bei dieser Art zu stricken nicht m\u00f6glich.<\/p>\n<p>In der Wikingersiedlung Jorvik, dem heutigen York in England, wurde eine komplette Socke gefunden.<br \/>\nNadeln gab es aus Horn, Holz und Knochen.<\/p>\n<p><span style=\"font-size: 75%;\">Dekorationsartikel geh\u00f6ren nicht zum Lieferumfang<\/span><\/p>\n","protected":false},"excerpt":{"rendered":"<p>Naalbindingnadel aus Holz von Hand geschnitzt L\u00e4nge ungef\u00e4hr 8 cm Eine Nadelbindingnadel in Handarbeit hergestellt und ideal zum Naalbinden. Gerade Knochen sind typisch f\u00fcr filigrane Werkzeuge, weil die auch den \u00e4rmsten zur Verf\u00fcgung standen, aber Holz w\u00fcrde nat\u00fcrlich ebenso verwendet. Naalbinden oder Nadelbinden ist ein Vorl\u00e4ufer unseres Strickens der sich ab der Sp\u00e4tantike immer mehr [&#8230;]\n","protected":false},"featured_media":360,"comment_status":"open","ping_status":"closed","template":"","meta":[],"product_cat":[144,85,81],"product_tag":[],"class_list":{"0":"post-425","1":"product","2":"type-product","3":"status-publish","4":"has-post-thumbnail","6":"product_cat-alltagsgegenstaende","7":"product_cat-bastelbedarf","8":"product_cat-lagerausstattung","9":"product_shipping_class-stdversand","10":"tm-no-options","12":"first","13":"instock","14":"taxable","15":"shipping-taxable","16":"purchasable","17":"product-type-simple"},"_links":{"self":[{"href":"https:\/\/staging.mittelalterkraemer.de\/index.php?rest_route=\/wp\/v2\/product\/425","targetHints":{"allow":["GET"]}}],"collection":[{"href":"https:\/\/staging.mittelalterkraemer.de\/index.php?rest_route=\/wp\/v2\/product"}],"about":[{"href":"https:\/\/staging.mittelalterkraemer.de\/index.php?rest_route=\/wp\/v2\/types\/product"}],"replies":[{"embeddable":true,"href":"https:\/\/staging.mittelalterkraemer.de\/index.php?rest_route=%2Fwp%2Fv2%2Fcomments&post=425"}],"wp:featuredmedia":[{"embeddable":true,"href":"https:\/\/staging.mittelalterkraemer.de\/index.php?rest_route=\/wp\/v2\/media\/360"}],"wp:attachment":[{"href":"https:\/\/staging.mittelalterkraemer.de\/index.php?rest_route=%2Fwp%2Fv2%2Fmedia&parent=425"}],"wp:term":[{"taxonomy":"product_cat","embeddable":true,"href":"https:\/\/staging.mittelalterkraemer.de\/index.php?rest_route=%2Fwp%2Fv2%2Fproduct_cat&post=425"},{"taxonomy":"product_tag","embeddable":true,"href":"https:\/\/staging.mittelalterkraemer.de\/index.php?rest_route=%2Fwp%2Fv2%2Fproduct_tag&post=425"}],"curies":[{"name":"wp","href":"https:\/\/api.w.org\/{rel}","templated":true}]}}