{"id":421,"date":"2020-09-25T12:27:00","date_gmt":"2020-09-25T10:27:00","guid":{"rendered":"https:\/\/staging.mittelalterkraemer.de\/?product=naehnadeln-aus-knochen"},"modified":"2021-03-05T13:53:34","modified_gmt":"2021-03-05T11:53:34","slug":"naehnadeln-aus-knochen","status":"publish","type":"product","link":"https:\/\/staging.mittelalterkraemer.de\/?product=naehnadeln-aus-knochen","title":{"rendered":"N\u00e4hnadeln aus Knochen"},"content":{"rendered":"<p>Eine N\u00e4hnadel aus Knochen<br \/>\nL\u00e4nge ca. 57 &#8211; 60 mm<br \/>\nSt\u00e4rke ca. 1,2 mm<br \/>\nN\u00e4del\u00f6hr ca. 1 mm<\/p>\n<p><b>Eine N\u00e4hnadel in Handarbeit hergestellt und ideal zum N\u00e4hen und Flicken von Kleidung aller Art.<br \/>\nGerade Knochen sind typisch f\u00fcr filigrane Werkzeuge, weil die auch den \u00c4rmsten zur Verf\u00fcgung standen.<\/b><\/p>\n<p><span style=\"font-size: 75%;\">Dekorationsartikel geh\u00f6ren nicht zum Lieferumfang<\/span><\/p>\n","protected":false},"excerpt":{"rendered":"<p>Eine N\u00e4hnadel aus Knochen L\u00e4nge ca. 57 &#8211; 60 mm St\u00e4rke ca. 1,2 mm N\u00e4del\u00f6hr ca. 1 mm Eine N\u00e4hnadel in Handarbeit hergestellt und ideal zum N\u00e4hen und Flicken von Kleidung aller Art. Gerade Knochen sind typisch f\u00fcr filigrane Werkzeuge, weil die auch den \u00c4rmsten zur Verf\u00fcgung standen. Dekorationsartikel geh\u00f6ren nicht zum Lieferumfang<\/p>\n","protected":false},"featured_media":422,"comment_status":"open","ping_status":"closed","template":"","meta":[],"product_cat":[144,85,81],"product_tag":[],"class_list":{"0":"post-421","1":"product","2":"type-product","3":"status-publish","4":"has-post-thumbnail","6":"product_cat-alltagsgegenstaende","7":"product_cat-bastelbedarf","8":"product_cat-lagerausstattung","9":"product_shipping_class-stdversand","10":"tm-no-options","12":"first","13":"instock","14":"taxable","15":"shipping-taxable","16":"purchasable","17":"product-type-simple"},"_links":{"self":[{"href":"https:\/\/staging.mittelalterkraemer.de\/index.php?rest_route=\/wp\/v2\/product\/421","targetHints":{"allow":["GET"]}}],"collection":[{"href":"https:\/\/staging.mittelalterkraemer.de\/index.php?rest_route=\/wp\/v2\/product"}],"about":[{"href":"https:\/\/staging.mittelalterkraemer.de\/index.php?rest_route=\/wp\/v2\/types\/product"}],"replies":[{"embeddable":true,"href":"https:\/\/staging.mittelalterkraemer.de\/index.php?rest_route=%2Fwp%2Fv2%2Fcomments&post=421"}],"wp:featuredmedia":[{"embeddable":true,"href":"https:\/\/staging.mittelalterkraemer.de\/index.php?rest_route=\/wp\/v2\/media\/422"}],"wp:attachment":[{"href":"https:\/\/staging.mittelalterkraemer.de\/index.php?rest_route=%2Fwp%2Fv2%2Fmedia&parent=421"}],"wp:term":[{"taxonomy":"product_cat","embeddable":true,"href":"https:\/\/staging.mittelalterkraemer.de\/index.php?rest_route=%2Fwp%2Fv2%2Fproduct_cat&post=421"},{"taxonomy":"product_tag","embeddable":true,"href":"https:\/\/staging.mittelalterkraemer.de\/index.php?rest_route=%2Fwp%2Fv2%2Fproduct_tag&post=421"}],"curies":[{"name":"wp","href":"https:\/\/api.w.org\/{rel}","templated":true}]}}