{"id":417,"date":"2020-09-25T12:27:00","date_gmt":"2020-09-25T10:27:00","guid":{"rendered":"https:\/\/staging.mittelalterkraemer.de\/?product=uebungsschwert-aus-esche"},"modified":"2021-03-05T14:00:16","modified_gmt":"2021-03-05T12:00:16","slug":"uebungsschwert-aus-esche","status":"publish","type":"product","link":"https:\/\/staging.mittelalterkraemer.de\/?product=uebungsschwert-aus-esche","title":{"rendered":"\u00dcbungsschwert aus Esche"},"content":{"rendered":"<p>Langschwert aus Esche f\u00fcr Trainingszwecke<br \/>\n&#8220;Klingen&#8221;l\u00e4nge: 88 cm<br \/>\n&#8220;Klingen&#8221;breite und -st\u00e4rke: 5 x 2 cm<br \/>\nGesamtl\u00e4nge: 115cm<br \/>\nL\u00e4nge der Parierstange: 24 cm<\/p>\n<p><span style=\"font-size: 75%;\">Dekorationsartikel geh\u00f6ren nicht zum Lieferumfang<\/span><\/p>\n","protected":false},"excerpt":{"rendered":"<p>Langschwert aus Esche f\u00fcr Trainingszwecke &#8220;Klingen&#8221;l\u00e4nge: 88 cm &#8220;Klingen&#8221;breite und -st\u00e4rke: 5 x 2 cm Gesamtl\u00e4nge: 115cm L\u00e4nge der Parierstange: 24 cm Dekorationsartikel geh\u00f6ren nicht zum Lieferumfang<\/p>\n","protected":false},"featured_media":418,"comment_status":"open","ping_status":"closed","template":"","meta":[],"product_cat":[76,99],"product_tag":[],"class_list":{"0":"post-417","1":"product","2":"type-product","3":"status-publish","4":"has-post-thumbnail","6":"product_cat-ruestzeug-trainingszubehoer-schilde","7":"product_cat-trainingszubehoer","8":"product_shipping_class-stdversand","9":"tm-no-options","11":"first","12":"instock","13":"taxable","14":"shipping-taxable","15":"purchasable","16":"product-type-simple"},"_links":{"self":[{"href":"https:\/\/staging.mittelalterkraemer.de\/index.php?rest_route=\/wp\/v2\/product\/417","targetHints":{"allow":["GET"]}}],"collection":[{"href":"https:\/\/staging.mittelalterkraemer.de\/index.php?rest_route=\/wp\/v2\/product"}],"about":[{"href":"https:\/\/staging.mittelalterkraemer.de\/index.php?rest_route=\/wp\/v2\/types\/product"}],"replies":[{"embeddable":true,"href":"https:\/\/staging.mittelalterkraemer.de\/index.php?rest_route=%2Fwp%2Fv2%2Fcomments&post=417"}],"wp:featuredmedia":[{"embeddable":true,"href":"https:\/\/staging.mittelalterkraemer.de\/index.php?rest_route=\/wp\/v2\/media\/418"}],"wp:attachment":[{"href":"https:\/\/staging.mittelalterkraemer.de\/index.php?rest_route=%2Fwp%2Fv2%2Fmedia&parent=417"}],"wp:term":[{"taxonomy":"product_cat","embeddable":true,"href":"https:\/\/staging.mittelalterkraemer.de\/index.php?rest_route=%2Fwp%2Fv2%2Fproduct_cat&post=417"},{"taxonomy":"product_tag","embeddable":true,"href":"https:\/\/staging.mittelalterkraemer.de\/index.php?rest_route=%2Fwp%2Fv2%2Fproduct_tag&post=417"}],"curies":[{"name":"wp","href":"https:\/\/api.w.org\/{rel}","templated":true}]}}