{"id":415,"date":"2020-09-25T12:26:37","date_gmt":"2020-09-25T12:26:37","guid":{"rendered":"https:\/\/staging.mittelalterkraemer.de\/?product=pilgertasche"},"modified":"2021-03-05T14:06:05","modified_gmt":"2021-03-05T12:06:05","slug":"pilgertasche","status":"publish","type":"product","link":"https:\/\/staging.mittelalterkraemer.de\/?product=pilgertasche","title":{"rendered":"Pilgertasche"},"content":{"rendered":"<p>Gro\u00dfe Pilgertasche aus Leder<br \/>\nBreite 44 cm<br \/>\nH\u00f6he 33 cm<br \/>\nBreite des verstellbaren Gurts 5 cm<br \/>\nL\u00f6cher sind am Schultergurt noch keine angebracht, damit diese individuell angebracht werden k\u00f6nnen. Auf Wunsch erledigen wir das aber gerne kostenfrei f\u00fcr euch.<\/p>\n<p><b>F\u00fcr Wanderer und Marktg\u00e4nger die ideale L\u00f6sung.<br \/>\n<\/b><\/p>\n<p><span style=\"font-size: 75%;\">Dekorationsartikel geh\u00f6ren nicht zum Lieferumfang<\/span><\/p>\n","protected":false},"excerpt":{"rendered":"<p>Gro\u00dfe Pilgertasche aus Leder Breite 44 cm H\u00f6he 33 cm Breite des verstellbaren Gurts 5 cm L\u00f6cher sind am Schultergurt noch keine angebracht, damit diese individuell angebracht werden k\u00f6nnen. Auf Wunsch erledigen wir das aber gerne kostenfrei f\u00fcr euch. F\u00fcr Wanderer und Marktg\u00e4nger die ideale L\u00f6sung. Dekorationsartikel geh\u00f6ren nicht zum Lieferumfang<\/p>\n","protected":false},"featured_media":416,"comment_status":"open","ping_status":"closed","template":"","meta":[],"product_cat":[77,131],"product_tag":[],"class_list":{"0":"post-415","1":"product","2":"type-product","3":"status-publish","4":"has-post-thumbnail","6":"product_cat-accessoires","7":"product_cat-taschen","8":"product_shipping_class-stdversand","9":"tm-no-options","11":"first","12":"instock","13":"taxable","14":"shipping-taxable","15":"purchasable","16":"product-type-variable"},"_links":{"self":[{"href":"https:\/\/staging.mittelalterkraemer.de\/index.php?rest_route=\/wp\/v2\/product\/415","targetHints":{"allow":["GET"]}}],"collection":[{"href":"https:\/\/staging.mittelalterkraemer.de\/index.php?rest_route=\/wp\/v2\/product"}],"about":[{"href":"https:\/\/staging.mittelalterkraemer.de\/index.php?rest_route=\/wp\/v2\/types\/product"}],"replies":[{"embeddable":true,"href":"https:\/\/staging.mittelalterkraemer.de\/index.php?rest_route=%2Fwp%2Fv2%2Fcomments&post=415"}],"wp:featuredmedia":[{"embeddable":true,"href":"https:\/\/staging.mittelalterkraemer.de\/index.php?rest_route=\/wp\/v2\/media\/416"}],"wp:attachment":[{"href":"https:\/\/staging.mittelalterkraemer.de\/index.php?rest_route=%2Fwp%2Fv2%2Fmedia&parent=415"}],"wp:term":[{"taxonomy":"product_cat","embeddable":true,"href":"https:\/\/staging.mittelalterkraemer.de\/index.php?rest_route=%2Fwp%2Fv2%2Fproduct_cat&post=415"},{"taxonomy":"product_tag","embeddable":true,"href":"https:\/\/staging.mittelalterkraemer.de\/index.php?rest_route=%2Fwp%2Fv2%2Fproduct_tag&post=415"}],"curies":[{"name":"wp","href":"https:\/\/api.w.org\/{rel}","templated":true}]}}