{"id":413,"date":"2020-09-25T12:26:37","date_gmt":"2020-09-25T12:26:37","guid":{"rendered":"https:\/\/staging.mittelalterkraemer.de\/?product=strohhut-mit-breiter-krempe"},"modified":"2021-03-05T14:23:21","modified_gmt":"2021-03-05T12:23:21","slug":"strohhut-mit-breiter-krempe","status":"publish","type":"product","link":"https:\/\/staging.mittelalterkraemer.de\/?product=strohhut-mit-breiter-krempe","title":{"rendered":"Strohhut mit breiter Krempe"},"content":{"rendered":"<p>Strohhut mit breiter Krempe<br \/>\nKrempendurchmesser: ca. 39 cm<br \/>\nH\u00f6he des Hutes: ca. 10 cm<br \/>\nGr\u00f6\u00dfen:<br \/>\nM f\u00fcr einen Kopfumfang von 56-57 cm<br \/>\nL f\u00fcr einen Kopfumfang von 58-59 cm<\/p>\n<p><b>Dieser aus Rohrkolben-Spr\u00f6sslingen gefertigte Strohhut bietet optimalen Sonnenschutz und sieht dabei noch edel aus.<\/b><\/p>\n<p>Sonne war nat\u00fcrlich auch im Mittelalter schon ein Problem, zumal wir von Sonnencreme noch weit entfernt waren. Die findigen Menschen hatten aber eine einfache, sehr praktikable L\u00f6sung. Sie trugen meist lang\u00e4rmelige Kleidung.<br \/>\nHaut zu zeigen war eh verp\u00f6nt, es galt als unsittlich und so waren die einzigen ungesch\u00fctzten Stellen Gesicht und Hals.<br \/>\nMit diesem Strohhut mit breiter Krempe sind auch diese optimal gesch\u00fctzt.<\/p>\n<p>&nbsp;<\/p>\n<p><span style=\"font-size: 75%;\">Dekorationsartikel geh\u00f6ren nicht zum Lieferumfang<\/span><\/p>\n","protected":false},"excerpt":{"rendered":"<p>Strohhut mit breiter Krempe Krempendurchmesser: ca. 39 cm H\u00f6he des Hutes: ca. 10 cm Gr\u00f6\u00dfen: M f\u00fcr einen Kopfumfang von 56-57 cm L f\u00fcr einen Kopfumfang von 58-59 cm Dieser aus Rohrkolben-Spr\u00f6sslingen gefertigte Strohhut bietet optimalen Sonnenschutz und sieht dabei noch edel aus. Sonne war nat\u00fcrlich auch im Mittelalter schon ein Problem, zumal wir von [&#8230;]\n","protected":false},"featured_media":414,"comment_status":"open","ping_status":"closed","template":"","meta":[],"product_cat":[74,75,91,95],"product_tag":[],"class_list":{"0":"post-413","1":"product","2":"type-product","3":"status-publish","4":"has-post-thumbnail","6":"product_cat-kleidung-damen","7":"product_cat-kleidung-herren","8":"product_cat-kopfbedeckungen","9":"product_cat-kopfbedeckungen-kleidung-herren","10":"product_shipping_class-stdversand","11":"tm-no-options","13":"first","14":"instock","15":"taxable","16":"shipping-taxable","17":"purchasable","18":"product-type-variable","19":"has-default-attributes"},"_links":{"self":[{"href":"https:\/\/staging.mittelalterkraemer.de\/index.php?rest_route=\/wp\/v2\/product\/413","targetHints":{"allow":["GET"]}}],"collection":[{"href":"https:\/\/staging.mittelalterkraemer.de\/index.php?rest_route=\/wp\/v2\/product"}],"about":[{"href":"https:\/\/staging.mittelalterkraemer.de\/index.php?rest_route=\/wp\/v2\/types\/product"}],"replies":[{"embeddable":true,"href":"https:\/\/staging.mittelalterkraemer.de\/index.php?rest_route=%2Fwp%2Fv2%2Fcomments&post=413"}],"wp:featuredmedia":[{"embeddable":true,"href":"https:\/\/staging.mittelalterkraemer.de\/index.php?rest_route=\/wp\/v2\/media\/414"}],"wp:attachment":[{"href":"https:\/\/staging.mittelalterkraemer.de\/index.php?rest_route=%2Fwp%2Fv2%2Fmedia&parent=413"}],"wp:term":[{"taxonomy":"product_cat","embeddable":true,"href":"https:\/\/staging.mittelalterkraemer.de\/index.php?rest_route=%2Fwp%2Fv2%2Fproduct_cat&post=413"},{"taxonomy":"product_tag","embeddable":true,"href":"https:\/\/staging.mittelalterkraemer.de\/index.php?rest_route=%2Fwp%2Fv2%2Fproduct_tag&post=413"}],"curies":[{"name":"wp","href":"https:\/\/api.w.org\/{rel}","templated":true}]}}