{"id":411,"date":"2020-09-25T12:26:37","date_gmt":"2020-09-25T12:26:37","guid":{"rendered":"https:\/\/staging.mittelalterkraemer.de\/?product=strohhut-maciejowski"},"modified":"2021-03-05T14:25:07","modified_gmt":"2021-03-05T12:25:07","slug":"strohhut-maciejowski","status":"publish","type":"product","link":"https:\/\/staging.mittelalterkraemer.de\/?product=strohhut-maciejowski","title":{"rendered":"Strohhut Maciejowski"},"content":{"rendered":"<p>Strohhut nach dem Vorbild aus der Maciejowski-Bibel<br \/>\nDurchmesser Krempe: ca. 33-35 cm<br \/>\nHuth\u00f6he: ca. 18-20 cm<br \/>\nGr\u00f6\u00dfe: Maximaler Kopfumfang ca. 58 cm.<\/p>\n<p><b>Die sehr detailiert dargestellte H\u00fcte der Maciejowski-Bibel wurden hier aus Rohrkolben-Spr\u00f6sslingen exakt nachempfunden.<\/b><\/p>\n<p>Sonne war nat\u00fcrlich auch im Mittelalter schon ein Problem, zumal wir von Sonnencreme noch weit entfernt waren. Die findigen Menschen hatten aber eine einfache, sehr praktikable L\u00f6sung. Sie trugen meist lang\u00e4rmelige Kleidung.<br \/>\nHaut zu zeigen war eh verp\u00f6nt, es galt als unsittlich und so waren die einzigen ungesch\u00fctzten Stellen Gesicht und Hals.<br \/>\nMit diesem Strohut mit breiter Krempe sind auch diese optimal gesch\u00fctzt.<\/p>\n<p>Strohh\u00fcte wie diese sind zum Beispiel auf den Folio 17 verso und 18 recto nat\u00fcrlich in der Maciejowski-Bibel abgebildet.<\/p>\n<p><span style=\"font-size: 75%;\">Dekorationsartikel geh\u00f6ren nicht zum Lieferumfang<\/span><\/p>\n","protected":false},"excerpt":{"rendered":"<p>Strohhut nach dem Vorbild aus der Maciejowski-Bibel Durchmesser Krempe: ca. 33-35 cm Huth\u00f6he: ca. 18-20 cm Gr\u00f6\u00dfe: Maximaler Kopfumfang ca. 58 cm. Die sehr detailiert dargestellte H\u00fcte der Maciejowski-Bibel wurden hier aus Rohrkolben-Spr\u00f6sslingen exakt nachempfunden. Sonne war nat\u00fcrlich auch im Mittelalter schon ein Problem, zumal wir von Sonnencreme noch weit entfernt waren. Die findigen Menschen [&#8230;]\n","protected":false},"featured_media":412,"comment_status":"open","ping_status":"closed","template":"","meta":[],"product_cat":[74,75,91,95],"product_tag":[],"class_list":{"0":"post-411","1":"product","2":"type-product","3":"status-publish","4":"has-post-thumbnail","6":"product_cat-kleidung-damen","7":"product_cat-kleidung-herren","8":"product_cat-kopfbedeckungen","9":"product_cat-kopfbedeckungen-kleidung-herren","10":"product_shipping_class-stdversand","11":"tm-no-options","13":"first","14":"instock","15":"taxable","16":"shipping-taxable","17":"purchasable","18":"product-type-simple"},"_links":{"self":[{"href":"https:\/\/staging.mittelalterkraemer.de\/index.php?rest_route=\/wp\/v2\/product\/411","targetHints":{"allow":["GET"]}}],"collection":[{"href":"https:\/\/staging.mittelalterkraemer.de\/index.php?rest_route=\/wp\/v2\/product"}],"about":[{"href":"https:\/\/staging.mittelalterkraemer.de\/index.php?rest_route=\/wp\/v2\/types\/product"}],"replies":[{"embeddable":true,"href":"https:\/\/staging.mittelalterkraemer.de\/index.php?rest_route=%2Fwp%2Fv2%2Fcomments&post=411"}],"wp:featuredmedia":[{"embeddable":true,"href":"https:\/\/staging.mittelalterkraemer.de\/index.php?rest_route=\/wp\/v2\/media\/412"}],"wp:attachment":[{"href":"https:\/\/staging.mittelalterkraemer.de\/index.php?rest_route=%2Fwp%2Fv2%2Fmedia&parent=411"}],"wp:term":[{"taxonomy":"product_cat","embeddable":true,"href":"https:\/\/staging.mittelalterkraemer.de\/index.php?rest_route=%2Fwp%2Fv2%2Fproduct_cat&post=411"},{"taxonomy":"product_tag","embeddable":true,"href":"https:\/\/staging.mittelalterkraemer.de\/index.php?rest_route=%2Fwp%2Fv2%2Fproduct_tag&post=411"}],"curies":[{"name":"wp","href":"https:\/\/api.w.org\/{rel}","templated":true}]}}