{"id":409,"date":"2020-09-25T12:26:37","date_gmt":"2020-09-25T10:26:37","guid":{"rendered":"https:\/\/staging.mittelalterkraemer.de\/?product=fingerhut"},"modified":"2021-03-05T14:30:53","modified_gmt":"2021-03-05T12:30:53","slug":"fingerhut","status":"publish","type":"product","link":"https:\/\/staging.mittelalterkraemer.de\/?product=fingerhut","title":{"rendered":"Fingerhut"},"content":{"rendered":"<p>Fingerhut aus Messing<br \/>\nDurchmesser 16 mm<br \/>\nH\u00f6he 12 mm<br \/>\nDer kleine n\u00fctzliche Helfer f\u00fcr N\u00e4hbegeisterte<\/p>\n<p><b>Verzierter Fingerhut aus Messing entsprechend einem Fund aus England (im Schlamm der Thames, London), datiert auf Mitte des 14. Jahrhunderts.<\/b><\/p>\n<p>Erstmals wurden Fingerh\u00fcte aus Knochen oder Elfenbein in der Jungsteinzeit in der N\u00e4he von Moskau belegt. Auch bei den Etruskern (antikes Volk, das im n\u00f6rdlichen Mittelitalien im Raum der heutigen Regionen Toskana, Umbrien und Latium lebte) war der Fingerhut bereits um 500 v. Chr. gebr\u00e4uchlich.<\/p>\n<p>In das Gebiet des heutigen Deutschlands kamen die Fingerh\u00fcte vielleicht durch die R\u00f6mer. Wobei fast alle Fingerh\u00fcte die man in ehemaligen r\u00f6mischen St\u00e4tten fand, bei eingehender Untersuchung eindeutig auf das Mittelalter nachdatiert werden mussten. Neuere Erkenntnisse wei\u00dfen darauf hin, dass die Fingerh\u00fcte mit den Kreuzz\u00fcgen aus dem mittleren Osten zu uns kamen und es r\u00f6mische entweder nicht gab oder nicht erhalten blieben.<\/p>\n<p>Im 15. Jahrhundert begann dann die massenweise Herstellung aus einer Vorform von Messing. Bis dahin wich ihr Aussehen nur unwesentlich von unserem Beispiel ab.<\/p>\n<p>Hochburgen der Fingerhutherstellung waren zu der Zeit K\u00f6ln und N\u00fcrnberg.<\/p>\n<p><span style=\"font-size: 75%;\">Dekorationsartikel geh\u00f6ren nicht zum Lieferumfang<\/span><\/p>\n","protected":false},"excerpt":{"rendered":"<p>Fingerhut aus Messing Durchmesser 16 mm H\u00f6he 12 mm Der kleine n\u00fctzliche Helfer f\u00fcr N\u00e4hbegeisterte Verzierter Fingerhut aus Messing entsprechend einem Fund aus England (im Schlamm der Thames, London), datiert auf Mitte des 14. Jahrhunderts. Erstmals wurden Fingerh\u00fcte aus Knochen oder Elfenbein in der Jungsteinzeit in der N\u00e4he von Moskau belegt. Auch bei den Etruskern [&#8230;]\n","protected":false},"featured_media":410,"comment_status":"open","ping_status":"closed","template":"","meta":[],"product_cat":[144,85,130,81],"product_tag":[],"class_list":{"0":"post-409","1":"product","2":"type-product","3":"status-publish","4":"has-post-thumbnail","6":"product_cat-alltagsgegenstaende","7":"product_cat-bastelbedarf","8":"product_cat-geschmeide-sakramentale","9":"product_cat-lagerausstattung","10":"product_shipping_class-stdversand","11":"tm-no-options","13":"first","14":"instock","15":"taxable","16":"shipping-taxable","17":"purchasable","18":"product-type-simple"},"_links":{"self":[{"href":"https:\/\/staging.mittelalterkraemer.de\/index.php?rest_route=\/wp\/v2\/product\/409","targetHints":{"allow":["GET"]}}],"collection":[{"href":"https:\/\/staging.mittelalterkraemer.de\/index.php?rest_route=\/wp\/v2\/product"}],"about":[{"href":"https:\/\/staging.mittelalterkraemer.de\/index.php?rest_route=\/wp\/v2\/types\/product"}],"replies":[{"embeddable":true,"href":"https:\/\/staging.mittelalterkraemer.de\/index.php?rest_route=%2Fwp%2Fv2%2Fcomments&post=409"}],"wp:featuredmedia":[{"embeddable":true,"href":"https:\/\/staging.mittelalterkraemer.de\/index.php?rest_route=\/wp\/v2\/media\/410"}],"wp:attachment":[{"href":"https:\/\/staging.mittelalterkraemer.de\/index.php?rest_route=%2Fwp%2Fv2%2Fmedia&parent=409"}],"wp:term":[{"taxonomy":"product_cat","embeddable":true,"href":"https:\/\/staging.mittelalterkraemer.de\/index.php?rest_route=%2Fwp%2Fv2%2Fproduct_cat&post=409"},{"taxonomy":"product_tag","embeddable":true,"href":"https:\/\/staging.mittelalterkraemer.de\/index.php?rest_route=%2Fwp%2Fv2%2Fproduct_tag&post=409"}],"curies":[{"name":"wp","href":"https:\/\/api.w.org\/{rel}","templated":true}]}}