{"id":405,"date":"2020-09-25T12:26:37","date_gmt":"2020-09-25T10:26:37","guid":{"rendered":"https:\/\/staging.mittelalterkraemer.de\/?product=kampftauglicher-schild-manesse-form"},"modified":"2021-03-05T14:33:37","modified_gmt":"2021-03-05T12:33:37","slug":"kampftauglicher-schild-manesse-form","status":"publish","type":"product","link":"https:\/\/staging.mittelalterkraemer.de\/?product=kampftauglicher-schild-manesse-form","title":{"rendered":"Kampftauglicher Schild (Manesse-Form)"},"content":{"rendered":"<p>Ein kampftauglicher Manesseschild<br \/>\nMa\u00dfe des Schildes<br \/>\nBreite ca. 60 cm, H\u00f6he ca. 65 cm, St\u00e4rke der W\u00f6lbung 10 cm<br \/>\nSt\u00e4rke des Leimholzes<br \/>\n3 Lagen Buchenholz mit jeweils 4 mm St\u00e4rke, verst\u00e4rkt durch drei Lagen verleimtem Leinen<br \/>\nMa\u00dfe der Lederriemen<br \/>\nBreite 2,7 cm, St\u00e4rke 4 mm, Abstand Ellenriemen-Handriemen ca. 33 cm<\/p>\n<p><b>Der Schild in der typischen Codex-Manesse-Form ist aus drei Lagen Buchenleimholz gearbeitet, mit drei Schichten aufgeleimten Leinen stabilisiert und mit vern\u00e4hten Rohhautstreifen an den R\u00e4ndern verst\u00e4rkt.<br \/>\nGehalten wird er an zwei Schleifen aus kr\u00e4ftigen Lederriemen. Einer wird an der Ellenbeuge eingeh\u00e4ngt der andere wird mit der Hand gehalten.<br \/>\nDer Schild ist noch unbehandelt, Farbe sollte auch aus Gr\u00fcnden der Stabilit\u00e4t aufgebracht werden, auch wenn der Schild nicht mit einem Wappen verziert wird. Umso mehr Lagen umso besser. <\/b><\/p>\n<p>Im Hochmittelalter lag der Schwerpunkt des Defensivschutzes auf dem Schild. Manche K\u00e4mpfer trugen garnicht mehr Schutzkleidung, andere h\u00f6chstens einen Helm. Dieser musste also stabil sein aber eben auch sehr leicht um Schl\u00e4ge und Angriffe jeder Art sehr schnell parieren zu k\u00f6nnen. Au\u00dferdem war Metall sehr wertvoll, auch deswegen ist au\u00dfer den Nieten zur Befestigung der Riemen nichts aus Metall.<br \/>\nDer durch die z\u00e4he Rohhaut verst\u00e4rkte Rand verhindert aber nicht nur ein Splittern des Schildes, sondern im Gegensatz zu sp\u00e4teren Schildern die mit Eisenr\u00e4ndern versehen waren, das Absplittern kleiner Fragmente die in den Augen schwere Verletzungen hervorrufen konnten und k\u00f6nnen.<\/p>\n<p>Bei der Manesse-Form des Schildes handelt es sich letztlich um eine \u00dcbergangsform vom Tropfen bzw. Drachen- oder Normannenschild zum Wappen bzw. Dreiecks- oder Kampfschild sp\u00e4terer Zeit. Die Schilde wurden im Laufe ihrer Entwicklung immer kleiner und eckiger.<br \/>\nDie Ecken sind zwar noch nicht ganz so ausgepr\u00e4gt, daf\u00fcr ist das Schild auch noch gr\u00f6\u00dfer.<\/p>\n<p>Wie der Name des Schildes schon verr\u00e4t, ist er praktisch auf jeder Seite der Manesse-Handschrift zu finden. Selbst in der Maciejowski-Bibel ist die Form oft zu sehen, zum Beispiel auf Folio 13 recto, Folio 28 verso, Folio 30 verso und Folio 39 recto.<\/p>\n<p>Was man auf diesen Bildern auch noch sieht ist die Tatsache, dass selbst zu diesem Zeitpunkt die Schilder sch\u00f6n verziert waren, aber sehr selten tats\u00e4chlich mit einem Wappen versehen. Und wenn dann ist dieses sehr einfach gehalten. Selbst in der Manesse-Handschrift wo ausschlie\u00dflich einflussreiche Herren abgebildet sind, sind die Wappen eher einfache Muster oder einfach Wappentiere wie L\u00f6wen und Adler und au\u00dferdem sind die Wappen nach heutigen heraldischen Ma\u00dfst\u00e4ben selten korrekt.<\/p>\n<p><span style=\"font-size: 75%;\">Dekorationsartikel geh\u00f6ren nicht zum Lieferumfang<\/span><\/p>\n","protected":false},"excerpt":{"rendered":"<p>Ein kampftauglicher Manesseschild Ma\u00dfe des Schildes Breite ca. 60 cm, H\u00f6he ca. 65 cm, St\u00e4rke der W\u00f6lbung 10 cm St\u00e4rke des Leimholzes 3 Lagen Buchenholz mit jeweils 4 mm St\u00e4rke, verst\u00e4rkt durch drei Lagen verleimtem Leinen Ma\u00dfe der Lederriemen Breite 2,7 cm, St\u00e4rke 4 mm, Abstand Ellenriemen-Handriemen ca. 33 cm Der Schild in der typischen [&#8230;]\n","protected":false},"featured_media":406,"comment_status":"open","ping_status":"closed","template":"","meta":[],"product_cat":[98],"product_tag":[],"class_list":{"0":"post-405","1":"product","2":"type-product","3":"status-publish","4":"has-post-thumbnail","6":"product_cat-schilde","7":"product_shipping_class-stdversand","8":"tm-no-options","10":"first","11":"instock","12":"taxable","13":"shipping-taxable","14":"purchasable","15":"product-type-simple"},"_links":{"self":[{"href":"https:\/\/staging.mittelalterkraemer.de\/index.php?rest_route=\/wp\/v2\/product\/405","targetHints":{"allow":["GET"]}}],"collection":[{"href":"https:\/\/staging.mittelalterkraemer.de\/index.php?rest_route=\/wp\/v2\/product"}],"about":[{"href":"https:\/\/staging.mittelalterkraemer.de\/index.php?rest_route=\/wp\/v2\/types\/product"}],"replies":[{"embeddable":true,"href":"https:\/\/staging.mittelalterkraemer.de\/index.php?rest_route=%2Fwp%2Fv2%2Fcomments&post=405"}],"wp:featuredmedia":[{"embeddable":true,"href":"https:\/\/staging.mittelalterkraemer.de\/index.php?rest_route=\/wp\/v2\/media\/406"}],"wp:attachment":[{"href":"https:\/\/staging.mittelalterkraemer.de\/index.php?rest_route=%2Fwp%2Fv2%2Fmedia&parent=405"}],"wp:term":[{"taxonomy":"product_cat","embeddable":true,"href":"https:\/\/staging.mittelalterkraemer.de\/index.php?rest_route=%2Fwp%2Fv2%2Fproduct_cat&post=405"},{"taxonomy":"product_tag","embeddable":true,"href":"https:\/\/staging.mittelalterkraemer.de\/index.php?rest_route=%2Fwp%2Fv2%2Fproduct_tag&post=405"}],"curies":[{"name":"wp","href":"https:\/\/api.w.org\/{rel}","templated":true}]}}