{"id":403,"date":"2020-09-25T12:26:37","date_gmt":"2020-09-25T10:26:37","guid":{"rendered":"https:\/\/staging.mittelalterkraemer.de\/?product=beinlinghalter-aus-leder-hosenband"},"modified":"2021-03-08T18:24:51","modified_gmt":"2021-03-08T16:24:51","slug":"beinlinghalter-aus-leder-hosenband","status":"publish","type":"product","link":"https:\/\/staging.mittelalterkraemer.de\/?product=beinlinghalter-aus-leder-hosenband","title":{"rendered":"Beinlinghalter aus Leder &#8211; Hosenband"},"content":{"rendered":"<p>2 Beinlinghalter aus Leder bzw. Hosenb\u00e4nder<br \/>\nL\u00e4nge 65 cm<br \/>\nBreite 13 mm<br \/>\nIn 3-5 Werktagen lieferbar in den Farben Natur und Braun.<br \/>\nSchwarz mit einer Lieferzeit von 6 &#8211; 12 Wochen.<\/p>\n<p><b> Diese braunen, schwarzen oder naturfarbenen ledernen B\u00e4nder sind \u00fcber die ganze L\u00e4nge mit Lilienpr\u00e4gungen verziert. Die Schnallen sind aus Messing.<\/b><\/p>\n<p>Bei den Damen war die Verwendung dieser Strumpfb\u00e4nder praktisch unerl\u00e4sslich um die Beinlinge Mangels Nestelb\u00e4nder an Ort und Stelle zu halten. Aber auch die Herren verwendeten die knapp unter dem Knie angebrachten Beinlinghalter um den Halt ihrer angenestelten Beinlinge zu stabilisieren.<\/p>\n<p>B\u00e4nder der gleichen Machart wurden ebenfalls verwendet um die im 14. Jahrhundert aufkommenden Plattenschienen zur Verst\u00e4rkung der Kettenpanzer anzubringen.<\/p>\n<p>Diese Beinlinghalter die damals nur Hosenband hie\u00dfen brachten es durch einen englischen Ehrenritterorden zu weltweiter Ber\u00fchmtheit. Noch heute ist eine Mitgliedschaft im Hosenbandorden eine Steigerung f\u00fcr die Adelung durch den Ritterschlag durch die K\u00f6nigin.<br \/>\nDie Ordensmitglieder bekommen zur Verleihung ein blaues Hosenband auf dem der Spruch &#8220;Honi soit qui mal y pense&#8221; eingestickt ist. Was soviel bedeutet wie &#8220;Ein Schuft, wer B\u00f6ses dabei denkt.&#8221;<\/p>\n<p>&nbsp;<\/p>\n<p><span style=\"font-size: 75%;\">Dekorationsartikel geh\u00f6ren nicht zum Lieferumfang<\/span><\/p>\n","protected":false},"excerpt":{"rendered":"<p>2 Beinlinghalter aus Leder bzw. Hosenb\u00e4nder L\u00e4nge 65 cm Breite 13 mm In 3-5 Werktagen lieferbar in den Farben Natur und Braun. Schwarz mit einer Lieferzeit von 6 &#8211; 12 Wochen. Diese braunen, schwarzen oder naturfarbenen ledernen B\u00e4nder sind \u00fcber die ganze L\u00e4nge mit Lilienpr\u00e4gungen verziert. Die Schnallen sind aus Messing. Bei den Damen war [&#8230;]\n","protected":false},"featured_media":404,"comment_status":"open","ping_status":"closed","template":"","meta":[],"product_cat":[77,89,93,74,75],"product_tag":[],"class_list":{"0":"post-403","1":"product","2":"type-product","3":"status-publish","4":"has-post-thumbnail","6":"product_cat-accessoires","7":"product_cat-bekleidung","8":"product_cat-bekleidung-kleidung-herren","9":"product_cat-kleidung-damen","10":"product_cat-kleidung-herren","11":"product_shipping_class-stdversand","12":"tm-no-options","14":"first","15":"instock","16":"taxable","17":"shipping-taxable","18":"purchasable","19":"product-type-variable"},"_links":{"self":[{"href":"https:\/\/staging.mittelalterkraemer.de\/index.php?rest_route=\/wp\/v2\/product\/403","targetHints":{"allow":["GET"]}}],"collection":[{"href":"https:\/\/staging.mittelalterkraemer.de\/index.php?rest_route=\/wp\/v2\/product"}],"about":[{"href":"https:\/\/staging.mittelalterkraemer.de\/index.php?rest_route=\/wp\/v2\/types\/product"}],"replies":[{"embeddable":true,"href":"https:\/\/staging.mittelalterkraemer.de\/index.php?rest_route=%2Fwp%2Fv2%2Fcomments&post=403"}],"wp:featuredmedia":[{"embeddable":true,"href":"https:\/\/staging.mittelalterkraemer.de\/index.php?rest_route=\/wp\/v2\/media\/404"}],"wp:attachment":[{"href":"https:\/\/staging.mittelalterkraemer.de\/index.php?rest_route=%2Fwp%2Fv2%2Fmedia&parent=403"}],"wp:term":[{"taxonomy":"product_cat","embeddable":true,"href":"https:\/\/staging.mittelalterkraemer.de\/index.php?rest_route=%2Fwp%2Fv2%2Fproduct_cat&post=403"},{"taxonomy":"product_tag","embeddable":true,"href":"https:\/\/staging.mittelalterkraemer.de\/index.php?rest_route=%2Fwp%2Fv2%2Fproduct_tag&post=403"}],"curies":[{"name":"wp","href":"https:\/\/api.w.org\/{rel}","templated":true}]}}