{"id":401,"date":"2020-09-25T12:26:37","date_gmt":"2020-09-25T10:26:37","guid":{"rendered":"https:\/\/staging.mittelalterkraemer.de\/?product=sonnensegel"},"modified":"2021-03-05T14:33:31","modified_gmt":"2021-03-05T12:33:31","slug":"sonnensegel","status":"publish","type":"product","link":"https:\/\/staging.mittelalterkraemer.de\/?product=sonnensegel","title":{"rendered":"Sonnensegel"},"content":{"rendered":"<p>Ein Sonnensegel aus Baumwolle oder Leinen<br \/>\nBreite 4,5 Meter<br \/>\nL\u00e4nge 6 Meter<br \/>\nImpr\u00e4gnierte Baumwolle ca. 300 g\/qm oder Leinen ca. 550 g\/qm (+ 175 Euro)<\/p>\n<p>Paketinhalt:<br \/>\nPlane, 10 Heringe + 2 Ersatz, 40 m Leinenseil.<\/p>\n<p>Lieferzeit maximal 6 Wochen nach Zahlungseingang.<\/p>\n<p><b>Dieses rechteckige Sonnensegel mit verst\u00e4rkten Ecken ist DAS zentrale Element eines jeden mittelalterlichen und fr\u00fchneuzeitlichen Lagers. Die impr\u00e4gnierte Plane sch\u00fctzt vor jedem Wetter und ist so Treffpunkt und Aufenthaltsort f\u00fcr das gesamte Heerlager.<br \/>\nMit den 40 m Leinenseil kann das Sonnensegel an den 10 verst\u00e4rkten Ecken fixiert und mit den Heringen am Boden befestigt werden.<br \/>\nDie impr\u00e4gnierte Baumwolle wiegt 300 Gramm pro Quadratmeter, Leinen 550 g\/qm. Das Material Baumwolle ist nat\u00fcrlich f\u00fcr unsere Region selbst im Sp\u00e4tmittelalter nicht authentisch. Aber dieses Material ist eben deutlich preiswerter als das Pendant aus Leinen. Und Baumwolle setzte sich erst mit Beginn der Industrialisierung entg\u00fcltig durch.<br \/>\nEs werden KEINE Stangen mitgeliefert!<br \/>\n<\/b><\/p>\n<p>&nbsp;<\/p>\n<p>Die Ritter erfanden das Camping.<br \/>\nBei Reisen mit wenig Gefolge zog man f\u00fcr gew\u00f6hnlich von Burg zu Burg oder von Stadt zu Stadt.<br \/>\nGr\u00f6\u00dfere Gefolge hatten da aber oft gar keinen Platz und so wurden Zeltlager erstellt.<br \/>\nAuch f\u00fcr Belagerungen wurden als erstes Zeltst\u00e4dte als Heerlager aufgebaut. Sp\u00e4ter im Mittelalter wurden auch<\/p>\n<p>Trutzburgen gebaut, aber selbst bis die standen musste auch erst in Zelten campiert werden.<br \/>\nIn jedem Fall verbrachten Adelige viel Zeit auf Reisen und die M\u00f6bel die sie besa\u00dfen waren leicht zerlegbar und<\/p>\n<p>m\u00f6glichst leicht gebaut, da sie auf Reisen f\u00fcr gew\u00f6hnlich komplett mitgenommen wurden.<br \/>\nDiese Feldz\u00fcge nennt man auch Kampagne (aus dem Franz\u00f6sischen) woher tats\u00e4chlich auch das Wort Camping r\u00fchrt.<\/p>\n<p>Bilder von dem hier angeboteten Sonnensegel findet man auf zahlreichen Darstellungen. Es passt in dieser Art eigentlich von den Anf\u00e4ngen des Mittelalters bis ins 18. Jahrundert.<br \/>\nDie Hochzeit d\u00fcrfte es im 15. und 16. Jahrhundert gehabt haben wo unter anderem viele gro\u00dfe Kriege mit riesigen S\u00f6ldnerheeren gefochten wurden die fast auschlie\u00dflich in Zelten lebten.<br \/>\nMan denke dabei nur an die Landsknechthaufen.<\/p>\n<p>Ein Begriff f\u00fcr S\u00f6ldner im Sp\u00e4tmittelalter an sich war auch &#8220;Reisiger&#8221; dessen Herkunft auf das Wort Reisen zur\u00fcckgeht.<\/p>\n<p><span style=\"font-size: 75%;\">Dekorationsartikel geh\u00f6ren nicht zum Lieferumfang<\/span><\/p>\n","protected":false},"excerpt":{"rendered":"<p>Ein Sonnensegel aus Baumwolle oder Leinen Breite 4,5 Meter L\u00e4nge 6 Meter Impr\u00e4gnierte Baumwolle ca. 300 g\/qm oder Leinen ca. 550 g\/qm (+ 175 Euro) Paketinhalt: Plane, 10 Heringe + 2 Ersatz, 40 m Leinenseil. Lieferzeit maximal 6 Wochen nach Zahlungseingang. Dieses rechteckige Sonnensegel mit verst\u00e4rkten Ecken ist DAS zentrale Element eines jeden mittelalterlichen und [&#8230;]\n","protected":false},"featured_media":402,"comment_status":"open","ping_status":"closed","template":"","meta":[],"product_cat":[82],"product_tag":[],"class_list":{"0":"post-401","1":"product","2":"type-product","3":"status-publish","4":"has-post-thumbnail","6":"product_cat-zelte","7":"product_shipping_class-stdversand","8":"tm-has-options","10":"first","11":"instock","12":"taxable","13":"shipping-taxable","14":"purchasable","15":"product-type-simple"},"_links":{"self":[{"href":"https:\/\/staging.mittelalterkraemer.de\/index.php?rest_route=\/wp\/v2\/product\/401","targetHints":{"allow":["GET"]}}],"collection":[{"href":"https:\/\/staging.mittelalterkraemer.de\/index.php?rest_route=\/wp\/v2\/product"}],"about":[{"href":"https:\/\/staging.mittelalterkraemer.de\/index.php?rest_route=\/wp\/v2\/types\/product"}],"replies":[{"embeddable":true,"href":"https:\/\/staging.mittelalterkraemer.de\/index.php?rest_route=%2Fwp%2Fv2%2Fcomments&post=401"}],"wp:featuredmedia":[{"embeddable":true,"href":"https:\/\/staging.mittelalterkraemer.de\/index.php?rest_route=\/wp\/v2\/media\/402"}],"wp:attachment":[{"href":"https:\/\/staging.mittelalterkraemer.de\/index.php?rest_route=%2Fwp%2Fv2%2Fmedia&parent=401"}],"wp:term":[{"taxonomy":"product_cat","embeddable":true,"href":"https:\/\/staging.mittelalterkraemer.de\/index.php?rest_route=%2Fwp%2Fv2%2Fproduct_cat&post=401"},{"taxonomy":"product_tag","embeddable":true,"href":"https:\/\/staging.mittelalterkraemer.de\/index.php?rest_route=%2Fwp%2Fv2%2Fproduct_tag&post=401"}],"curies":[{"name":"wp","href":"https:\/\/api.w.org\/{rel}","templated":true}]}}