{"id":383,"date":"2020-09-25T12:26:37","date_gmt":"2020-09-25T12:26:37","guid":{"rendered":"https:\/\/staging.mittelalterkraemer.de\/?product=hochmittelalter-kegelzelt-klein-baumwolle"},"modified":"2021-03-05T14:34:27","modified_gmt":"2021-03-05T12:34:27","slug":"hochmittelalter-kegelzelt-klein-baumwolle","status":"publish","type":"product","link":"https:\/\/staging.mittelalterkraemer.de\/?product=hochmittelalter-kegelzelt-klein-baumwolle","title":{"rendered":"Hochmittelalter &#8211; Kegelzelt Klein"},"content":{"rendered":"<p>Ein Kegelzelt aus Baumwolle oder Leinen.<br \/>\nDurchmesser am Boden 3 Meter<br \/>\nH\u00f6he 2,6 Meter<\/p>\n<p>Impr\u00e4gnierte Baumwolle ca. 300g\/qm<br \/>\noder<br \/>\nImpr\u00e4gniertes Leinen ca. 550 g\/qm<\/p>\n<p>Paketinhalt:<br \/>\nPlane, Zweiteiliger Mast, Seil zur Verst\u00e4rkung der Mastverbindung,<br \/>\nHeringe + 2 Ersatz, H\u00f6lzerne Zeltspitze, S\u00e4cke f\u00fcr Heringe und Zelt.<\/p>\n<p>Lieferzeit maximal 4 Wochen nach Zahlungseingang.<\/p>\n<p>Optional mit nicht sichtbaren Kunststoffstreifen in den N\u00e4hten zur Verst\u00e4rkung und zur besseren Abdichtung (+ 100 Euro).<\/p>\n<p><b>Eine Kegelzelt aus Baumwolle mit einem zweigeteilten Mast, der mit Holzstiften verbunden und mit einem Leinenseil umwickelt stabil steht. Die gleiche Technik verwenden wir seit Jahren erfolgreich bei unserem Sonnensegel.<br \/>\nDie Stangen sind mit Bienewachs gewachst und messen zusammengebaut 2,6 Meter. \u00dcber der Plane kommt auf den Mast eine gedrehte Holzspitze.<br \/>\nDer Durchmesser des Zeltes <\/b><strong>am Boden misst ungef\u00e4hr 3 Meter. St\u00e4hlerne Heringe (Vierkantmaterial 35 cm lang) sind dabei und allein mit denen steht die gesamte Konstruktion ohne ein Spannseil. Die impr\u00e4gnierte Baumwolle wiegt 300 Gramm pro Quadratmeter, Leinen 550 Gramm pro Quadratmeter. Das Material Baumwolle ist nat\u00fcrlich f\u00fcr unsere Region und das Hochmittelalter nicht authentisch. Aber dieses Zelt ist eben deutlich preiswerter als ein Pendant aus Leinen.<\/strong><\/p>\n<p>Die Ritter erfanden das Camping.<br \/>\nBei Reisen mit wenig Gefolge zog man f\u00fcr gew\u00f6hnlich von Burg zu Burg oder von Stadt zu Stadt.<br \/>\nGr\u00f6\u00dfere Gefolge hatten da aber oft gar keinen Platz und so wurden Zeltlager erstellt.<br \/>\nAuch f\u00fcr Belagerungen wurden als erstes Zeltst\u00e4dte als Heerlager aufgebaut. Sp\u00e4ter im Mittelalter wurden auch Trutzburgen gebaut, aber selbst bis die standen musste auch erst in Zelten campiert werden.<br \/>\nIn jedem Fall verbrachten Adelige viel Zeit auf Reisen und die M\u00f6bel die sie besa\u00dfen waren leicht zerlegbar und m\u00f6glichst leicht gebaut, da sie auf Reisen f\u00fcr gew\u00f6hnlich komplett mitgenommen wurden.<br \/>\nDiese Feldz\u00fcge nennt man auch Kampagne (aus dem Franz\u00f6sischen) woher tats\u00e4chlich auch das Wort Camping r\u00fchrt.<\/p>\n<p>Bilder von den hier angeboteten Kegelzelten findet man in der Parzival-Handschrift und im Rolandlied. Beides<\/p>\n<p>Codices die in der Mitte des 13. Jh. entstanden.<br \/>\nOft sind diese Zelte auch bunt bemalt.<\/p>\n<p><span style=\"font-size: 75%;\">Dekorationsartikel geh\u00f6ren nicht zum Lieferumfang<\/span><\/p>\n<p><span style=\"font-size: 75%;\">****Wind- und Schmutzschutz an der Unterkante der Seitenw\u00e4nde des Zeltes angen\u00e4ht. Aus dem Obermaterial gefertigt, also aus impr\u00e4gnierter Baumwolle oder Leinen in der Gewichtung wie im Produkt beschrieben. Sch\u00fctzt die W\u00e4nde vor Schmutz bei aufgeweichten Wiesen und unterdr\u00fcckt Zugluft bei Wind.<\/span><\/p>\n","protected":false},"excerpt":{"rendered":"<p>Ein Kegelzelt aus Baumwolle oder Leinen. Durchmesser am Boden 3 Meter H\u00f6he 2,6 Meter Impr\u00e4gnierte Baumwolle ca. 300g\/qm oder Impr\u00e4gniertes Leinen ca. 550 g\/qm Paketinhalt: Plane, Zweiteiliger Mast, Seil zur Verst\u00e4rkung der Mastverbindung, Heringe + 2 Ersatz, H\u00f6lzerne Zeltspitze, S\u00e4cke f\u00fcr Heringe und Zelt. Lieferzeit maximal 4 Wochen nach Zahlungseingang. Optional mit nicht sichtbaren Kunststoffstreifen [&#8230;]\n","protected":false},"featured_media":384,"comment_status":"open","ping_status":"closed","template":"","meta":[],"product_cat":[82],"product_tag":[],"class_list":{"0":"post-383","1":"product","2":"type-product","3":"status-publish","4":"has-post-thumbnail","6":"product_cat-zelte","7":"product_shipping_class-stdversand","8":"tm-has-options","10":"first","11":"instock","12":"taxable","13":"shipping-taxable","14":"purchasable","15":"product-type-simple"},"_links":{"self":[{"href":"https:\/\/staging.mittelalterkraemer.de\/index.php?rest_route=\/wp\/v2\/product\/383","targetHints":{"allow":["GET"]}}],"collection":[{"href":"https:\/\/staging.mittelalterkraemer.de\/index.php?rest_route=\/wp\/v2\/product"}],"about":[{"href":"https:\/\/staging.mittelalterkraemer.de\/index.php?rest_route=\/wp\/v2\/types\/product"}],"replies":[{"embeddable":true,"href":"https:\/\/staging.mittelalterkraemer.de\/index.php?rest_route=%2Fwp%2Fv2%2Fcomments&post=383"}],"wp:featuredmedia":[{"embeddable":true,"href":"https:\/\/staging.mittelalterkraemer.de\/index.php?rest_route=\/wp\/v2\/media\/384"}],"wp:attachment":[{"href":"https:\/\/staging.mittelalterkraemer.de\/index.php?rest_route=%2Fwp%2Fv2%2Fmedia&parent=383"}],"wp:term":[{"taxonomy":"product_cat","embeddable":true,"href":"https:\/\/staging.mittelalterkraemer.de\/index.php?rest_route=%2Fwp%2Fv2%2Fproduct_cat&post=383"},{"taxonomy":"product_tag","embeddable":true,"href":"https:\/\/staging.mittelalterkraemer.de\/index.php?rest_route=%2Fwp%2Fv2%2Fproduct_tag&post=383"}],"curies":[{"name":"wp","href":"https:\/\/api.w.org\/{rel}","templated":true}]}}