{"id":375,"date":"2020-09-25T12:26:14","date_gmt":"2020-09-25T10:26:14","guid":{"rendered":"https:\/\/staging.mittelalterkraemer.de\/?product=sperrfederschloss"},"modified":"2021-03-05T14:38:11","modified_gmt":"2021-03-05T12:38:11","slug":"sperrfederschloss","status":"publish","type":"product","link":"https:\/\/staging.mittelalterkraemer.de\/?product=sperrfederschloss","title":{"rendered":"Sperrfederschloss"},"content":{"rendered":"<p>Rekonstruktion eines Metallvorh\u00e4ngeschlosses.<br \/>\nL\u00e4nge Schloss: ca. 9 cm<br \/>\nL\u00e4nge Schl\u00fcssel: ca. 9 cm<br \/>\nSt\u00e4rke B\u00fcgel: 8 mm<br \/>\nSt\u00e4rke Zylinder: ca. 2,5 cm<br \/>\nHandgefertigt.<\/p>\n<p><b>Sperrfederschl\u00f6sser bestehen aus zwei Teilen. Ein Zylinder der nur das Einf\u00fchren eines Schl\u00fcssels erlaubt und ein B\u00fcgel mit einer Sperrfeder. Die Spreizfeder, wie die Sperrfeder auch genannt wird, ist im Zylinder nur mit dem Schl\u00fcssel zu erreichen. Im entspannten Zustand sieht sie aus wie die Widerhaken eine Pfeils zur Fischjagd. Diese str\u00e4uben sich gegen das Innere des Zylinders. Erst wenn man sie mit dem Schl\u00fcssel an den B\u00fcgel dr\u00fcckt l\u00e4sst sich dieser durch das vorgesehene Loch ziehen.<\/b><\/p>\n<p>In unserer Region gibt es solche Schl\u00f6sser seit dem ersten Jahrhundert.<br \/>\nIm Gegensatz zu den Schlossystemen der R\u00f6mer waren diese Sperrfederschl\u00f6sser relativ einfach gearbeitet und so hielten sie einiges aus und waren auch f\u00fcr einfachere Leute erschwinglich. Diese Schl\u00f6sser sind ideal um die private Truhe zu verschlie\u00dfen, die alles enthielt was ein mittelalterlicher Mensch so besa\u00df.<\/p>\n<p><span style=\"font-size: 75%;\">Dekorationsartikel geh\u00f6ren nicht zum Lieferumfang<\/span><\/p>\n","protected":false},"excerpt":{"rendered":"<p>Rekonstruktion eines Metallvorh\u00e4ngeschlosses. L\u00e4nge Schloss: ca. 9 cm L\u00e4nge Schl\u00fcssel: ca. 9 cm St\u00e4rke B\u00fcgel: 8 mm St\u00e4rke Zylinder: ca. 2,5 cm Handgefertigt. Sperrfederschl\u00f6sser bestehen aus zwei Teilen. Ein Zylinder der nur das Einf\u00fchren eines Schl\u00fcssels erlaubt und ein B\u00fcgel mit einer Sperrfeder. Die Spreizfeder, wie die Sperrfeder auch genannt wird, ist im Zylinder nur [&#8230;]\n","protected":false},"featured_media":376,"comment_status":"open","ping_status":"closed","template":"","meta":[],"product_cat":[144,81],"product_tag":[],"class_list":{"0":"post-375","1":"product","2":"type-product","3":"status-publish","4":"has-post-thumbnail","6":"product_cat-alltagsgegenstaende","7":"product_cat-lagerausstattung","8":"product_shipping_class-stdversand","9":"tm-no-options","11":"first","12":"instock","13":"taxable","14":"shipping-taxable","15":"purchasable","16":"product-type-simple"},"_links":{"self":[{"href":"https:\/\/staging.mittelalterkraemer.de\/index.php?rest_route=\/wp\/v2\/product\/375","targetHints":{"allow":["GET"]}}],"collection":[{"href":"https:\/\/staging.mittelalterkraemer.de\/index.php?rest_route=\/wp\/v2\/product"}],"about":[{"href":"https:\/\/staging.mittelalterkraemer.de\/index.php?rest_route=\/wp\/v2\/types\/product"}],"replies":[{"embeddable":true,"href":"https:\/\/staging.mittelalterkraemer.de\/index.php?rest_route=%2Fwp%2Fv2%2Fcomments&post=375"}],"wp:featuredmedia":[{"embeddable":true,"href":"https:\/\/staging.mittelalterkraemer.de\/index.php?rest_route=\/wp\/v2\/media\/376"}],"wp:attachment":[{"href":"https:\/\/staging.mittelalterkraemer.de\/index.php?rest_route=%2Fwp%2Fv2%2Fmedia&parent=375"}],"wp:term":[{"taxonomy":"product_cat","embeddable":true,"href":"https:\/\/staging.mittelalterkraemer.de\/index.php?rest_route=%2Fwp%2Fv2%2Fproduct_cat&post=375"},{"taxonomy":"product_tag","embeddable":true,"href":"https:\/\/staging.mittelalterkraemer.de\/index.php?rest_route=%2Fwp%2Fv2%2Fproduct_tag&post=375"}],"curies":[{"name":"wp","href":"https:\/\/api.w.org\/{rel}","templated":true}]}}