{"id":373,"date":"2020-09-25T12:26:14","date_gmt":"2020-09-25T12:26:14","guid":{"rendered":"https:\/\/staging.mittelalterkraemer.de\/?product=almosenbeutel"},"modified":"2021-03-05T14:38:37","modified_gmt":"2021-03-05T12:38:37","slug":"almosenbeutel","status":"publish","type":"product","link":"https:\/\/staging.mittelalterkraemer.de\/?product=almosenbeutel","title":{"rendered":"Almosenbeutel"},"content":{"rendered":"<p>Almosenbeutel aus Wolle mit Puscheln verziert.<br \/>\nL\u00e4nge: ca. 23 cm<br \/>\nBreite: ca. 19 cm<br \/>\nErh\u00e4ltlich in Rot (rote F\u00fctterung, blaue Kordel, gelbe und blaue Puscheln)<br \/>\nHellblau (natur F\u00fctterung, rote Kordel, gelbe und wei\u00dfe Puscheln)<br \/>\nBeige (wei\u00dfe F\u00fctterung, gr\u00fcne Kordel, gelbe und rote Puscheln)<br \/>\nBraun (natur F\u00fctterung, gelbe Kordel, gelbe und rote Puscheln)<br \/>\nGr\u00fcn (gr\u00fcne F\u00fctterung, rote Kordel, gelbe und blaue Puscheln)<br \/>\nAlle sichtbaren N\u00e4hte handvern\u00e4ht.<\/p>\n<p><b>Der Almosenbeutel ist aus Wollstoff gefertigt\u00a0und mit Leinen gef\u00fcttert.<\/b><br \/>\n<b>An den Ecken und in der Mitte mit jeweils einem Puschel (also insgesamt drei) aus Leinengarn verziert.<\/b><br \/>\n<b>Der Beutel h\u00e4ngt an einer drei Millimeter starken geflochtenen Kordel aus Leinengarn.<\/b><br \/>\n<b>Verschlossen wird er mit einer weiteren Kordel, deren Enden mit jeweils einem weiterem Leinengarnpuschel verziert sind.<\/b><br \/>\n<b>Der Beutel ist bereit standesgem\u00e4\u00df mit Stickereien oder Bes\u00e4tzen verziert zu werden.<\/b><\/p>\n<p>Als Almosenbeutel bezeichnete man kleine Beutel die man am G\u00fcrtel trug als Ersatz f\u00fcr die im Hochmittelalter fehlenden Taschen an der Kleidung und als Geldb\u00f6rsen. Mehr als alles andere waren diese meist rechteckigen Beutel Statussymbol und daher h\u00e4ufig sehr aufwendig verziert. Nicht nur die Motive die oft Szenen der Minne darstellten sondern auch das Material an sich waren dabei \u00e4u\u00dferst aufwendig. Almosenbeutel waren sogar mit Seide und Goldlahn bestickt.<\/p>\n<p>Wie vieles zur Zeit der Kreuzz\u00fcge wurden diese Beutel von den Arabern \u00fcbernommen. Darauf verweist zumindest die Bezeichnung \u201esarrazinoises\u201c die sie in ihrer ersten schriftlichen Erw\u00e4hnung in einem Reglement der Pariser Seidenstickergilde bekamen.<br \/>\nNachweisbar waren die B\u00f6rsen schon im 12. Jahrhundert und sp\u00e4testens zur Zeit der Hochgotik ein Accessoires das jede Person haben musste, egal ob M\u00e4nnlein oder Weiblein. Egal ob adelig oder einfach nur etwas betuchter. Aber selbst Leute die nicht mit Geld in Ber\u00fchrung kamen trugen solche oder \u00e4hnliche Beutel als Taschenersatz.<\/p>\n<p>Im Codex Manesse ist so ein Beutel bei Herr Wilhelm von Heinzenburg zu sehen. Bei Herr Dietmar von Ast sieht man sogar eine ganze Auswahl. In der Maciejowski-Bibel sind sie auch mehrfach abgebildet, an Damen und Herren, in beiden F\u00e4llen jedoch vergleichsweise farblos und schlicht (Folio 3, 29 und 33 verso).<\/p>\n<p>&nbsp;<\/p>\n<p><span style=\"font-size: 75%;\">Dekorationsartikel geh\u00f6ren nicht zum Lieferumfang<\/span><\/p>\n<p><span style=\"font-size: 75%;\">*Ma\u00dfgefertigte Produkte werden individuell auf vom Kunden zur Verf\u00fcgung gestellten Ma\u00dfen angefertigt. Die entsprechende Ma\u00dftabelle wird nach Bestellung an die angegebene E-Mail-Adresse versendet. Die Ma\u00dfe m\u00fcssen so genommen werden wie die Kleidung nachher getragen werden soll, also mit entsprechender Unterw\u00e4sche\/-kleidung, falls gew\u00fcnscht. Ma\u00dfgefertigte Waren sind vom Umtausch ausgeschlossen.<\/span><\/p>\n<p><span style=\"font-size: 75%;\">**Komplett handvern\u00e4ht bedeutet dass alle N\u00e4hte von Hand vern\u00e4ht werden, inklusive aller sichtbaren und unsichtbaren N\u00e4hte.<\/span><\/p>\n<p><span style=\"font-size: 75%;\">***Wollstoff aus mindestens 80% Wolle und h\u00f6chstens 20% Polyamid<\/span><\/p>\n","protected":false},"excerpt":{"rendered":"<p>Almosenbeutel aus Wolle mit Puscheln verziert. L\u00e4nge: ca. 23 cm Breite: ca. 19 cm Erh\u00e4ltlich in Rot (rote F\u00fctterung, blaue Kordel, gelbe und blaue Puscheln) Hellblau (natur F\u00fctterung, rote Kordel, gelbe und wei\u00dfe Puscheln) Beige (wei\u00dfe F\u00fctterung, gr\u00fcne Kordel, gelbe und rote Puscheln) Braun (natur F\u00fctterung, gelbe Kordel, gelbe und rote Puscheln) Gr\u00fcn (gr\u00fcne F\u00fctterung, [&#8230;]\n","protected":false},"featured_media":374,"comment_status":"open","ping_status":"closed","template":"","meta":[],"product_cat":[77,131],"product_tag":[],"class_list":{"0":"post-373","1":"product","2":"type-product","3":"status-publish","4":"has-post-thumbnail","6":"product_cat-accessoires","7":"product_cat-taschen","8":"product_shipping_class-stdversand","9":"tm-has-options","11":"first","12":"instock","13":"taxable","14":"shipping-taxable","15":"purchasable","16":"product-type-simple"},"_links":{"self":[{"href":"https:\/\/staging.mittelalterkraemer.de\/index.php?rest_route=\/wp\/v2\/product\/373","targetHints":{"allow":["GET"]}}],"collection":[{"href":"https:\/\/staging.mittelalterkraemer.de\/index.php?rest_route=\/wp\/v2\/product"}],"about":[{"href":"https:\/\/staging.mittelalterkraemer.de\/index.php?rest_route=\/wp\/v2\/types\/product"}],"replies":[{"embeddable":true,"href":"https:\/\/staging.mittelalterkraemer.de\/index.php?rest_route=%2Fwp%2Fv2%2Fcomments&post=373"}],"wp:featuredmedia":[{"embeddable":true,"href":"https:\/\/staging.mittelalterkraemer.de\/index.php?rest_route=\/wp\/v2\/media\/374"}],"wp:attachment":[{"href":"https:\/\/staging.mittelalterkraemer.de\/index.php?rest_route=%2Fwp%2Fv2%2Fmedia&parent=373"}],"wp:term":[{"taxonomy":"product_cat","embeddable":true,"href":"https:\/\/staging.mittelalterkraemer.de\/index.php?rest_route=%2Fwp%2Fv2%2Fproduct_cat&post=373"},{"taxonomy":"product_tag","embeddable":true,"href":"https:\/\/staging.mittelalterkraemer.de\/index.php?rest_route=%2Fwp%2Fv2%2Fproduct_tag&post=373"}],"curies":[{"name":"wp","href":"https:\/\/api.w.org\/{rel}","templated":true}]}}