{"id":369,"date":"2020-09-25T12:26:14","date_gmt":"2020-09-25T12:26:14","guid":{"rendered":"https:\/\/staging.mittelalterkraemer.de\/?product=hochmittelalter-pilgerabzeichen-mariae-verkuendigung-nazaret"},"modified":"2021-03-05T14:40:05","modified_gmt":"2021-03-05T12:40:05","slug":"hochmittelalter-pilgerabzeichen-mariae-verkuendigung-nazaret","status":"publish","type":"product","link":"https:\/\/staging.mittelalterkraemer.de\/?product=hochmittelalter-pilgerabzeichen-mariae-verkuendigung-nazaret","title":{"rendered":"Hochmittelalter &#8211; Pilgerabzeichen &#8220;Mari\u00e4 Verk\u00fcndigung&#8221; (Nazaret)"},"content":{"rendered":"<p>Ein Pilgerabzeichen aus Zinn.<br \/>\nMa\u00dfe: 5 cm auf 6,1 cm<\/p>\n<p><b>Hier handelt es sich um die Nachbildung eines Pilgerabzeichen das den Pilgern des Mittelalters verliehen wurde wenn sie nach Nazaret oder ins Heilige Land allgemein pilgerten. Es zeigt die Verk\u00fcndigung Mari\u00e4s.<br \/>\nSolche Pilgerabezeichen sind bei katholischen Pilgern noch heute \u00fcblich. Es handelt sich um eine Art Orden als Auszeichnung f\u00fcr das erfolgreiche Erreichen des Pilgerortes.<\/b><\/p>\n<p>Die Szene Mari\u00e4s Verk\u00fcndigung galt als Symbol f\u00fcr das Erreichen, Pilgern und Dienen im heiligen Land allgemein und wurde auf jeden Fall in Nazaret verliehen.<br \/>\nEs zeigt den Engel Gabriel bei der Verk\u00fcndigung von Jesu Empf\u00e4ngnis. Rechts steht Maria, die eine Hand zum Gru\u00df erhoben, die andere auf dem Bauch als Zeichen ihrer im Augenblick empfangenen Schwangerschaft. Nazaret ist eine der wenn nicht die zentrale Stelle des christlichen Glaubens und so ein \u00fcberaus wichtiger Pilgerort.<\/p>\n<p>Die Kreuzfahrer errichteten eine neue Kathedrale, die jedoch bereits 1170 bei einem Erdbeben besch\u00e4digt wurde. Reparaturarbeiten konnten wegen der Niederlage der Kreuzfahrer im Kampf gegen die Araber 1187 nicht zu Ende gef\u00fchrt werden, doch sicherten Abkommen zun\u00e4chst die christliche Pilgerschaft.<br \/>\nMit den Pilgerreisen wurde in den Kirchen viel verdient, aber die weite Reise ins heilige Land war unsicher und so waren diese Orte und die Befriedung der Pilgerrouten einer der Gr\u00fcnde f\u00fcr die Kreuzz\u00fcge. (Nat\u00fcrlich ging es wie heute auch zu einem Gewissen grad einfach um Rohstoffe. So stehen viele Kreuzritterburgen teilweise unmittelbar auf Goldminen.)<\/p>\n<p>Gefunden wurde genau dieses Zinnabzeichen das hier als Vorlage diente in Dordrecht und Middelburg. Das Material dieser Fundst\u00fccke datierte von 1175 bis 1225.<\/p>\n<p><span style=\"font-size: 75%;\">Dekorationsartikel geh\u00f6ren nicht zum Lieferumfang<\/span><\/p>\n","protected":false},"excerpt":{"rendered":"<p>Ein Pilgerabzeichen aus Zinn. Ma\u00dfe: 5 cm auf 6,1 cm Hier handelt es sich um die Nachbildung eines Pilgerabzeichen das den Pilgern des Mittelalters verliehen wurde wenn sie nach Nazaret oder ins Heilige Land allgemein pilgerten. Es zeigt die Verk\u00fcndigung Mari\u00e4s. Solche Pilgerabezeichen sind bei katholischen Pilgern noch heute \u00fcblich. Es handelt sich um eine [&#8230;]\n","protected":false},"featured_media":370,"comment_status":"open","ping_status":"closed","template":"","meta":[],"product_cat":[77,130],"product_tag":[],"class_list":{"0":"post-369","1":"product","2":"type-product","3":"status-publish","4":"has-post-thumbnail","6":"product_cat-accessoires","7":"product_cat-geschmeide-sakramentale","8":"product_shipping_class-stdversand","9":"tm-no-options","11":"first","12":"instock","13":"taxable","14":"shipping-taxable","15":"purchasable","16":"product-type-simple"},"_links":{"self":[{"href":"https:\/\/staging.mittelalterkraemer.de\/index.php?rest_route=\/wp\/v2\/product\/369","targetHints":{"allow":["GET"]}}],"collection":[{"href":"https:\/\/staging.mittelalterkraemer.de\/index.php?rest_route=\/wp\/v2\/product"}],"about":[{"href":"https:\/\/staging.mittelalterkraemer.de\/index.php?rest_route=\/wp\/v2\/types\/product"}],"replies":[{"embeddable":true,"href":"https:\/\/staging.mittelalterkraemer.de\/index.php?rest_route=%2Fwp%2Fv2%2Fcomments&post=369"}],"wp:featuredmedia":[{"embeddable":true,"href":"https:\/\/staging.mittelalterkraemer.de\/index.php?rest_route=\/wp\/v2\/media\/370"}],"wp:attachment":[{"href":"https:\/\/staging.mittelalterkraemer.de\/index.php?rest_route=%2Fwp%2Fv2%2Fmedia&parent=369"}],"wp:term":[{"taxonomy":"product_cat","embeddable":true,"href":"https:\/\/staging.mittelalterkraemer.de\/index.php?rest_route=%2Fwp%2Fv2%2Fproduct_cat&post=369"},{"taxonomy":"product_tag","embeddable":true,"href":"https:\/\/staging.mittelalterkraemer.de\/index.php?rest_route=%2Fwp%2Fv2%2Fproduct_tag&post=369"}],"curies":[{"name":"wp","href":"https:\/\/api.w.org\/{rel}","templated":true}]}}