{"id":367,"date":"2020-09-25T12:26:14","date_gmt":"2020-09-25T10:26:14","guid":{"rendered":"https:\/\/staging.mittelalterkraemer.de\/?product=siegelstempel-petschaft"},"modified":"2021-03-05T15:52:11","modified_gmt":"2021-03-05T13:52:11","slug":"siegelstempel-petschaft","status":"publish","type":"product","link":"https:\/\/staging.mittelalterkraemer.de\/?product=siegelstempel-petschaft","title":{"rendered":"Siegelstempel (Petschaft)"},"content":{"rendered":"<p>Ein individuell gefertigter Siegelstempel aus Zinn<br \/>\nM = ungef\u00e4hr 3,5 cm<br \/>\nL = ungef\u00e4hr 4 cm<br \/>\nXL = ungef\u00e4hr 4,5 cm<br \/>\nDurch die manuelle Herstellung kann es zu geringf\u00fcgigen Abweichungen kommen.<\/p>\n<p>Die Produktion kann bis zu acht Wochen dauern.<\/p>\n<p><b>Ein runder Siegelstempel aus Zinn der von Hand gerfertigt 100% einzigartig sein wird. Das Siegel ist zur Verwendung von Siegelwachs, Siegellack oder Oblatenteig gedacht, sollte vor der Benutzung allerdings ge\u00f6lt werden (Speise\u00f6l oder Leichtlauf\u00f6l zum Beispiel Balistol).<br \/>\nDie Matrize, also die Gussform, f\u00fcr diesen Stempel wird nicht gefr\u00e4st, sondern von Hand ausgearbeitet! Nach einer Vorlage die entweder von euch geliefert wird oder wir gemeinsam ausarbeiten.<\/b><\/p>\n<p>Der Platzbedarf ist auch abh\u00e4ngig vom Motiv, das normalerweise aus einem Wappen in der Mitte und einer Inschrift die den Inhaber n\u00e4her beschreibt besteht, das im Kreis um das Wappen angebracht wird. Durch die manuelle Fertigung sind wir in der Wahl der Motive nat\u00fcrlich eingeschr\u00e4nkt und wie auf den Bildern zu sehen geht es um eine hochmittelalterliche Optik und nicht um filigranste Details.<\/p>\n<p>Mit einem Siegel bezeugte man die G\u00fcltigkeit seines Versprechens oder seines Vertrages mit dem Hintergrund des Hauses oder der Organisation die hinter dem Siegel steht, \u00e4hnlich dem heutigen Firmenstempel.<br \/>\nEr hat eine Befestigung um sie zum Beispiel an einer Kette angebracht immer sicher bei sich zu tragen. Dieses Siegel galt als Unterschrift. Wer dieses Siegel besa\u00df, besa\u00df auch Macht. Ob seine oder die eines Fremden&#8230;?<\/p>\n<p>Siegel nutzten zuerst nur Personen, erst sp\u00e4ter auch Organisationen, wie Ritterorden, Handelsgemeinschaften usw..<br \/>\nKaisersiegel gab es in Byzanz bereits seit dem 6. Jahrhundert, Papstsiegel seit dem 9. Jahrhundert.<br \/>\nSeit dem Fr\u00fchmittelalter benutzten Personen von adeligem Geschlecht und des Klerus Siegel. Sp\u00e4ter, im Hochmittelalter, begannen Kl\u00f6ster, Orden und Abteien sowie andere geistliche Gemeinschaften und auch St\u00e4dte zu siegeln.<br \/>\nIm Laufe des 13. Jahrhundert folgten sogar noch B\u00fcrger.<\/p>\n<p>Gesiegelt wurde meist in spezielles Wachs, in Metall (zum Beispiel Blei oder Gold (Diese Siegel nannte man Bullen)) oder Oblatenteig. Erst im 16. Jahrhundert verbreitet sich der Siegellack den wir heute kennen, den man auch &#8220;spanisches Wachs&#8221; nennt.<br \/>\nDie Farben des Wachses verrieten den Stand des Siegelgebers. So stand Rot f\u00fcr Souver\u00e4ne, also Herrschern die Rechte weiter vergeben durften, wie zum Beispiel Kaiser und K\u00f6nig. Gr\u00fcn nutzten Stifte und Kl\u00f6ster. Wei\u00df die freien Reichsst\u00e4dte. Schwarz durfte nur der Patriarch von Jerusalem und die Gro\u00df- und Hochmeister von Ritterorden verwenden.<br \/>\nAlle anderen siegelten mit dem naturgelben Bienenwachs dessen Gelb durch die Zugabe von Orpiment verst\u00e4rkt wurde.<\/p>\n<p>Ein ber\u00fchmtes und auch typisches Beispiel wie so etwas aussehen konnte liefert uns das Siegel des Templerordens. In jedem Fall waren die Motive wie die Wappen aufgrund der verh\u00e4ltnism\u00e4\u00dfig wenigen Nutzer noch einfach gehalten.<\/p>\n<p><span style=\"font-size: 75%;\">Dekorationsartikel geh\u00f6ren nicht zum Lieferumfang<\/span><\/p>\n","protected":false},"excerpt":{"rendered":"<p>Ein individuell gefertigter Siegelstempel aus Zinn M = ungef\u00e4hr 3,5 cm L = ungef\u00e4hr 4 cm XL = ungef\u00e4hr 4,5 cm Durch die manuelle Herstellung kann es zu geringf\u00fcgigen Abweichungen kommen. Die Produktion kann bis zu acht Wochen dauern. Ein runder Siegelstempel aus Zinn der von Hand gerfertigt 100% einzigartig sein wird. Das Siegel ist [&#8230;]\n","protected":false},"featured_media":368,"comment_status":"open","ping_status":"closed","template":"","meta":[],"product_cat":[144,86,83],"product_tag":[],"class_list":{"0":"post-367","1":"product","2":"type-product","3":"status-publish","4":"has-post-thumbnail","6":"product_cat-alltagsgegenstaende","7":"product_cat-einzelstuecke","8":"product_cat-schreibutensilien","9":"product_shipping_class-stdversand","10":"tm-has-options","12":"first","13":"instock","14":"taxable","15":"shipping-taxable","16":"purchasable","17":"product-type-simple"},"_links":{"self":[{"href":"https:\/\/staging.mittelalterkraemer.de\/index.php?rest_route=\/wp\/v2\/product\/367","targetHints":{"allow":["GET"]}}],"collection":[{"href":"https:\/\/staging.mittelalterkraemer.de\/index.php?rest_route=\/wp\/v2\/product"}],"about":[{"href":"https:\/\/staging.mittelalterkraemer.de\/index.php?rest_route=\/wp\/v2\/types\/product"}],"replies":[{"embeddable":true,"href":"https:\/\/staging.mittelalterkraemer.de\/index.php?rest_route=%2Fwp%2Fv2%2Fcomments&post=367"}],"wp:featuredmedia":[{"embeddable":true,"href":"https:\/\/staging.mittelalterkraemer.de\/index.php?rest_route=\/wp\/v2\/media\/368"}],"wp:attachment":[{"href":"https:\/\/staging.mittelalterkraemer.de\/index.php?rest_route=%2Fwp%2Fv2%2Fmedia&parent=367"}],"wp:term":[{"taxonomy":"product_cat","embeddable":true,"href":"https:\/\/staging.mittelalterkraemer.de\/index.php?rest_route=%2Fwp%2Fv2%2Fproduct_cat&post=367"},{"taxonomy":"product_tag","embeddable":true,"href":"https:\/\/staging.mittelalterkraemer.de\/index.php?rest_route=%2Fwp%2Fv2%2Fproduct_tag&post=367"}],"curies":[{"name":"wp","href":"https:\/\/api.w.org\/{rel}","templated":true}]}}