{"id":363,"date":"2020-09-25T12:26:14","date_gmt":"2020-09-25T12:26:14","guid":{"rendered":"https:\/\/staging.mittelalterkraemer.de\/?product=haarband"},"modified":"2021-03-05T15:59:04","modified_gmt":"2021-03-05T13:59:04","slug":"haarband","status":"publish","type":"product","link":"https:\/\/staging.mittelalterkraemer.de\/?product=haarband","title":{"rendered":"Haarband"},"content":{"rendered":"<p>Ein Haarband aus feinem, wei\u00dfem Leinen<br \/>\nBreite 5 cm<br \/>\nL\u00e4nge 50 cm, inklusive Schnur ca. 104 cm<\/p>\n<p>ALLE N\u00e4hte handgen\u00e4ht.**<\/p>\n<p><b>Ein Haarband aus feinem, durchsichtigem, wei\u00dfem Leinen das verwendet wurde um die Kopft\u00fccher die wir hier im Angebot haben am Kopf zu befestigen. Das Haarband wird fest um den Kopf getragen, ist aber auf Grund seiner Leichtigkeit und der Breite kaum zu sp\u00fcren. Die Kopft\u00fccher wurden dann mit Nadeln an dieses Haarband geheftet.<br \/>\nHeftet man die Kopft\u00fccher in die Haare verrutschen sie gerne, das kann mit Hilfe dieses Haarbands nicht passieren.<\/b><\/p>\n<p>&nbsp;<\/p>\n<p>Dieses Haarband wurde manchmal als Zeichen f\u00fcr unverheiratete Frauen schon ohne das Kopftuch getragen. Bei M\u00f6nchen die das Schweigegel\u00fcbde ablegten hat sich das in der Zeichensprache bis heute erhalten. Als Zeichen f\u00fcr unverheiratete Frauen wischt sich der schweigende M\u00f6nch \u00fcber die ganze Stirn.<\/p>\n<p><span style=\"font-size: 75%;\">Dekorationsartikel geh\u00f6ren nicht zum Lieferumfang<\/span><\/p>\n<p><span style=\"font-size: 75%;\">**Komplett handvern\u00e4ht bedeutet dass alle N\u00e4hte von Hand vern\u00e4ht werden, inklusive aller sichtbaren und unsichtbaren N\u00e4hte.<\/span><\/p>\n","protected":false},"excerpt":{"rendered":"<p>Ein Haarband aus feinem, wei\u00dfem Leinen Breite 5 cm L\u00e4nge 50 cm, inklusive Schnur ca. 104 cm ALLE N\u00e4hte handgen\u00e4ht.** Ein Haarband aus feinem, durchsichtigem, wei\u00dfem Leinen das verwendet wurde um die Kopft\u00fccher die wir hier im Angebot haben am Kopf zu befestigen. Das Haarband wird fest um den Kopf getragen, ist aber auf Grund [&#8230;]\n","protected":false},"featured_media":364,"comment_status":"open","ping_status":"closed","template":"","meta":[],"product_cat":[74,91],"product_tag":[],"class_list":{"0":"post-363","1":"product","2":"type-product","3":"status-publish","4":"has-post-thumbnail","6":"product_cat-kleidung-damen","7":"product_cat-kopfbedeckungen","8":"product_shipping_class-stdversand","9":"tm-has-options","11":"first","12":"instock","13":"taxable","14":"shipping-taxable","15":"purchasable","16":"product-type-simple"},"_links":{"self":[{"href":"https:\/\/staging.mittelalterkraemer.de\/index.php?rest_route=\/wp\/v2\/product\/363","targetHints":{"allow":["GET"]}}],"collection":[{"href":"https:\/\/staging.mittelalterkraemer.de\/index.php?rest_route=\/wp\/v2\/product"}],"about":[{"href":"https:\/\/staging.mittelalterkraemer.de\/index.php?rest_route=\/wp\/v2\/types\/product"}],"replies":[{"embeddable":true,"href":"https:\/\/staging.mittelalterkraemer.de\/index.php?rest_route=%2Fwp%2Fv2%2Fcomments&post=363"}],"wp:featuredmedia":[{"embeddable":true,"href":"https:\/\/staging.mittelalterkraemer.de\/index.php?rest_route=\/wp\/v2\/media\/364"}],"wp:attachment":[{"href":"https:\/\/staging.mittelalterkraemer.de\/index.php?rest_route=%2Fwp%2Fv2%2Fmedia&parent=363"}],"wp:term":[{"taxonomy":"product_cat","embeddable":true,"href":"https:\/\/staging.mittelalterkraemer.de\/index.php?rest_route=%2Fwp%2Fv2%2Fproduct_cat&post=363"},{"taxonomy":"product_tag","embeddable":true,"href":"https:\/\/staging.mittelalterkraemer.de\/index.php?rest_route=%2Fwp%2Fv2%2Fproduct_tag&post=363"}],"curies":[{"name":"wp","href":"https:\/\/api.w.org\/{rel}","templated":true}]}}