{"id":357,"date":"2020-09-25T12:26:14","date_gmt":"2020-09-25T10:26:14","guid":{"rendered":"https:\/\/staging.mittelalterkraemer.de\/?product=silbernadel"},"modified":"2021-03-05T16:55:26","modified_gmt":"2021-03-05T14:55:26","slug":"silbernadel","status":"publish","type":"product","link":"https:\/\/staging.mittelalterkraemer.de\/?product=silbernadel","title":{"rendered":"Silbernadel"},"content":{"rendered":"<p>Eine Silbernadel<br \/>\nL\u00e4nge ungef\u00e4hr 5 cm<\/p>\n<p><b>Eine Silbernadel zum befestigen von Kopfbedeckungen und Kleidungsst\u00fccken. Vor allem f\u00fcr die Fixierung der Kopft\u00fccher in unserem Angebot sehr hilfreich.<\/b><\/p>\n<p>Im schlichten aber bunten Hochmittelalter stellten solche doch recht einfachen Nadeln aus dem \u00fcberaus wertvollen Silber Schmuckst\u00fccke dar. Gerade beim Kopfputz wurde auch gezeigt was man hat. Ansonstens gab es zum Angeben nur noch Gewandfibeln, die nat\u00fcrlich auch praktisch waren, aber mit denen auch dem Stand entsprechend geprotzt wurde.<\/p>\n<p>&nbsp;<\/p>\n<p><span style=\"font-size: 75%;\">Dekorationsartikel geh\u00f6ren nicht zum Lieferumfang<\/span><\/p>\n","protected":false},"excerpt":{"rendered":"<p>Eine Silbernadel L\u00e4nge ungef\u00e4hr 5 cm Eine Silbernadel zum befestigen von Kopfbedeckungen und Kleidungsst\u00fccken. Vor allem f\u00fcr die Fixierung der Kopft\u00fccher in unserem Angebot sehr hilfreich. Im schlichten aber bunten Hochmittelalter stellten solche doch recht einfachen Nadeln aus dem \u00fcberaus wertvollen Silber Schmuckst\u00fccke dar. Gerade beim Kopfputz wurde auch gezeigt was man hat. Ansonstens gab [&#8230;]\n","protected":false},"featured_media":358,"comment_status":"open","ping_status":"closed","template":"","meta":[],"product_cat":[77,74,91],"product_tag":[],"class_list":{"0":"post-357","1":"product","2":"type-product","3":"status-publish","4":"has-post-thumbnail","6":"product_cat-accessoires","7":"product_cat-kleidung-damen","8":"product_cat-kopfbedeckungen","9":"product_shipping_class-stdversand","10":"tm-no-options","12":"first","13":"instock","14":"taxable","15":"shipping-taxable","16":"purchasable","17":"product-type-simple"},"_links":{"self":[{"href":"https:\/\/staging.mittelalterkraemer.de\/index.php?rest_route=\/wp\/v2\/product\/357","targetHints":{"allow":["GET"]}}],"collection":[{"href":"https:\/\/staging.mittelalterkraemer.de\/index.php?rest_route=\/wp\/v2\/product"}],"about":[{"href":"https:\/\/staging.mittelalterkraemer.de\/index.php?rest_route=\/wp\/v2\/types\/product"}],"replies":[{"embeddable":true,"href":"https:\/\/staging.mittelalterkraemer.de\/index.php?rest_route=%2Fwp%2Fv2%2Fcomments&post=357"}],"wp:featuredmedia":[{"embeddable":true,"href":"https:\/\/staging.mittelalterkraemer.de\/index.php?rest_route=\/wp\/v2\/media\/358"}],"wp:attachment":[{"href":"https:\/\/staging.mittelalterkraemer.de\/index.php?rest_route=%2Fwp%2Fv2%2Fmedia&parent=357"}],"wp:term":[{"taxonomy":"product_cat","embeddable":true,"href":"https:\/\/staging.mittelalterkraemer.de\/index.php?rest_route=%2Fwp%2Fv2%2Fproduct_cat&post=357"},{"taxonomy":"product_tag","embeddable":true,"href":"https:\/\/staging.mittelalterkraemer.de\/index.php?rest_route=%2Fwp%2Fv2%2Fproduct_tag&post=357"}],"curies":[{"name":"wp","href":"https:\/\/api.w.org\/{rel}","templated":true}]}}