{"id":353,"date":"2020-09-25T12:26:14","date_gmt":"2020-09-25T10:26:14","guid":{"rendered":"https:\/\/staging.mittelalterkraemer.de\/?product=spule-mit-leinenfaden"},"modified":"2021-03-06T12:35:44","modified_gmt":"2021-03-06T10:35:44","slug":"spule-mit-leinenfaden","status":"publish","type":"product","link":"https:\/\/staging.mittelalterkraemer.de\/?product=spule-mit-leinenfaden","title":{"rendered":"Spule mit Leinenfaden"},"content":{"rendered":"<p>Leinenfaden auf einer Holzspule<br \/>\nBreite der Spule: 11,5 cm<br \/>\nL\u00e4nge des Fadens: mindestens 50 m<\/p>\n<p>Preis pro Meter Faden h\u00f6chstens ca. 0,078 Euro.<\/p>\n<p><b>Leinenfaden, ideal f\u00fcr diejenigen die selbstst\u00e4ndig \u00c4nderungen vornehmen wollen, f\u00fcr Flickarbeiten oder um zu sticken.<br \/>\nHier sind die 50 m Faden auf einer sch\u00f6nen aus Birkenholz gedrechselten Spule aufgebracht.<br \/>\nLeinengarn ist in Mengen f\u00fcr einzelne Verbraucher auch nicht einfach zu bekommen. <\/b><\/p>\n<p>Heute. Damals war Leinen DAS Material f\u00fcr Kleidungsst\u00fccke egal f\u00fcr welchen Stand. Selbst Betuchtere trugen oft nur auch nur feiner gewobenes, aufwendig gef\u00e4rbtes oder besticktes Leinen.<br \/>\nBaumwolle oder gar Seide war nur etwas f\u00fcr richtig reiche Herrscher.<\/p>\n<p>Dekorationsartikel geh\u00f6ren nicht zum Lieferumfang<\/p>\n","protected":false},"excerpt":{"rendered":"<p>Leinenfaden auf einer Holzspule Breite der Spule: 11,5 cm L\u00e4nge des Fadens: mindestens 50 m Preis pro Meter Faden h\u00f6chstens ca. 0,078 Euro. Leinenfaden, ideal f\u00fcr diejenigen die selbstst\u00e4ndig \u00c4nderungen vornehmen wollen, f\u00fcr Flickarbeiten oder um zu sticken. Hier sind die 50 m Faden auf einer sch\u00f6nen aus Birkenholz gedrechselten Spule aufgebracht. Leinengarn ist in [&#8230;]\n","protected":false},"featured_media":354,"comment_status":"open","ping_status":"closed","template":"","meta":[],"product_cat":[144,85,81,84],"product_tag":[],"class_list":{"0":"post-353","1":"product","2":"type-product","3":"status-publish","4":"has-post-thumbnail","6":"product_cat-alltagsgegenstaende","7":"product_cat-bastelbedarf","8":"product_cat-lagerausstattung","9":"product_cat-rohstoffe","10":"product_shipping_class-stdversand","11":"tm-has-options","13":"first","14":"instock","15":"taxable","16":"shipping-taxable","17":"purchasable","18":"product-type-simple"},"_links":{"self":[{"href":"https:\/\/staging.mittelalterkraemer.de\/index.php?rest_route=\/wp\/v2\/product\/353","targetHints":{"allow":["GET"]}}],"collection":[{"href":"https:\/\/staging.mittelalterkraemer.de\/index.php?rest_route=\/wp\/v2\/product"}],"about":[{"href":"https:\/\/staging.mittelalterkraemer.de\/index.php?rest_route=\/wp\/v2\/types\/product"}],"replies":[{"embeddable":true,"href":"https:\/\/staging.mittelalterkraemer.de\/index.php?rest_route=%2Fwp%2Fv2%2Fcomments&post=353"}],"wp:featuredmedia":[{"embeddable":true,"href":"https:\/\/staging.mittelalterkraemer.de\/index.php?rest_route=\/wp\/v2\/media\/354"}],"wp:attachment":[{"href":"https:\/\/staging.mittelalterkraemer.de\/index.php?rest_route=%2Fwp%2Fv2%2Fmedia&parent=353"}],"wp:term":[{"taxonomy":"product_cat","embeddable":true,"href":"https:\/\/staging.mittelalterkraemer.de\/index.php?rest_route=%2Fwp%2Fv2%2Fproduct_cat&post=353"},{"taxonomy":"product_tag","embeddable":true,"href":"https:\/\/staging.mittelalterkraemer.de\/index.php?rest_route=%2Fwp%2Fv2%2Fproduct_tag&post=353"}],"curies":[{"name":"wp","href":"https:\/\/api.w.org\/{rel}","templated":true}]}}