{"id":351,"date":"2020-09-25T12:26:14","date_gmt":"2020-09-25T10:26:14","guid":{"rendered":"https:\/\/staging.mittelalterkraemer.de\/?product=handgeschoepftes-papier"},"modified":"2021-03-06T12:45:17","modified_gmt":"2021-03-06T10:45:17","slug":"handgeschoepftes-papier","status":"publish","type":"product","link":"https:\/\/staging.mittelalterkraemer.de\/?product=handgeschoepftes-papier","title":{"rendered":"Handgesch\u00f6pftes Papier"},"content":{"rendered":"<p>Ein Blatt B\u00fcttenpapier (gesch\u00f6pftes Papier).<br \/>\nGr\u00f6\u00dfe ungef\u00e4hr DIN A4 (21 x 30 cm)<\/p>\n<p>Dekorationartikel (Feder und Tintenfass) geh\u00f6ren nicht zum Leistungsumfang.<\/p>\n<p><b>Zur Herstellung von B\u00fcttenpapier werden im Wasser gel\u00f6ste Pflanzenfasern mit einem Sieb abgesch\u00f6pft, anschlie\u00dfend gepresst und getrocknet. Das daraus entstandene Papier ist relativ hart und br\u00fcchig, aber gerade wegen der harten Oberfl\u00e4che bestens zum Beschreiben mit der Tuschefeder geeignet.<\/b><\/p>\n<p>Papier ist in Asien, Arabien und Teilen Afrikas schon seit hunderten von Jahren g\u00e4ngige Schreibunterlage, als es um 1100 \u00fcber Spanien den Weg nach Europa fand.<br \/>\nValencia exportierte schon bald in andere Teile Europas wo sich schon sehr bald die Herstellung revolutionierte. Das Papier wurde bald mit einem Metall- bzw. Drahtsieb gesch\u00f6pft, was viel haltbarer war als bislang verwendete Schilfsieb. Und schon Mitte des dreizehnten Jahrhunderts entstanden die ersten Papierm\u00fchlen.<br \/>\nTrotzdem war Papier bis um 1300 verp\u00f6hnt, ja teilweise als Dokumententr\u00e4ger verboten oder einfach nur ung\u00fcltig. So konnte es sich gegen\u00fcber dem Pergament erst im 14. Jh. entg\u00fcltig durchsetzen. Der Grundstein f\u00fcr die Erfindung des Buchdruckes durch Johannes Gensfleisch.<\/p>\n<p><span style=\"font-size: 75%;\">Dekorationsartikel geh\u00f6ren nicht zum Lieferumfang<\/span><\/p>\n","protected":false},"excerpt":{"rendered":"<p>Ein Blatt B\u00fcttenpapier (gesch\u00f6pftes Papier). Gr\u00f6\u00dfe ungef\u00e4hr DIN A4 (21 x 30 cm) Dekorationartikel (Feder und Tintenfass) geh\u00f6ren nicht zum Leistungsumfang. Zur Herstellung von B\u00fcttenpapier werden im Wasser gel\u00f6ste Pflanzenfasern mit einem Sieb abgesch\u00f6pft, anschlie\u00dfend gepresst und getrocknet. Das daraus entstandene Papier ist relativ hart und br\u00fcchig, aber gerade wegen der harten Oberfl\u00e4che bestens zum [&#8230;]\n","protected":false},"featured_media":352,"comment_status":"open","ping_status":"closed","template":"","meta":[],"product_cat":[144,83],"product_tag":[],"class_list":{"0":"post-351","1":"product","2":"type-product","3":"status-publish","4":"has-post-thumbnail","6":"product_cat-alltagsgegenstaende","7":"product_cat-schreibutensilien","8":"product_shipping_class-stdversand","9":"tm-no-options","11":"first","12":"instock","13":"taxable","14":"shipping-taxable","15":"purchasable","16":"product-type-simple"},"_links":{"self":[{"href":"https:\/\/staging.mittelalterkraemer.de\/index.php?rest_route=\/wp\/v2\/product\/351","targetHints":{"allow":["GET"]}}],"collection":[{"href":"https:\/\/staging.mittelalterkraemer.de\/index.php?rest_route=\/wp\/v2\/product"}],"about":[{"href":"https:\/\/staging.mittelalterkraemer.de\/index.php?rest_route=\/wp\/v2\/types\/product"}],"replies":[{"embeddable":true,"href":"https:\/\/staging.mittelalterkraemer.de\/index.php?rest_route=%2Fwp%2Fv2%2Fcomments&post=351"}],"wp:featuredmedia":[{"embeddable":true,"href":"https:\/\/staging.mittelalterkraemer.de\/index.php?rest_route=\/wp\/v2\/media\/352"}],"wp:attachment":[{"href":"https:\/\/staging.mittelalterkraemer.de\/index.php?rest_route=%2Fwp%2Fv2%2Fmedia&parent=351"}],"wp:term":[{"taxonomy":"product_cat","embeddable":true,"href":"https:\/\/staging.mittelalterkraemer.de\/index.php?rest_route=%2Fwp%2Fv2%2Fproduct_cat&post=351"},{"taxonomy":"product_tag","embeddable":true,"href":"https:\/\/staging.mittelalterkraemer.de\/index.php?rest_route=%2Fwp%2Fv2%2Fproduct_tag&post=351"}],"curies":[{"name":"wp","href":"https:\/\/api.w.org\/{rel}","templated":true}]}}