{"id":347,"date":"2020-09-25T12:26:14","date_gmt":"2020-09-25T12:26:14","guid":{"rendered":"https:\/\/staging.mittelalterkraemer.de\/?product=wollmantel-aus-einem-3-4-kreis"},"modified":"2021-03-08T18:24:52","modified_gmt":"2021-03-08T16:24:52","slug":"wollmantel-aus-einem-3-4-kreis","status":"publish","type":"product","link":"https:\/\/staging.mittelalterkraemer.de\/?product=wollmantel-aus-einem-3-4-kreis","title":{"rendered":"Wollmantel aus einem 3\/4 Kreis"},"content":{"rendered":"<p>Ein Mantel aus Wollstoff aus einem 3\/4 Kreis gearbeitet.<br \/>\nL\u00e4nge: 145 cm<br \/>\nWir haben diesen Mantel in Grau und Schwarz auf Lager und sofort erh\u00e4ltlich.<br \/>\nAndere <a href=\"https:\/\/staging.mittelalterkraemer.de\/?page_id=8722\"><u>Farben<\/u><\/a> bei einer Lieferzeit von 6 &#8211; 12 Wochen ebenfalls m\u00f6glich.<\/p>\n<p>Alle sichtbaren N\u00e4hte handvern\u00e4ht.<\/p>\n<p><b>Ein Mantel in seiner urspr\u00fcnglichsten Form aus einem 3\/4 Kreis geschnitten und mit einer Aussparung f\u00fcr den Hals versehen. Der Mantel wird um den Hals auf die Schultern gelegt und mit einer Schnur geschlossen (hier mitgeliefert). Er kann nat\u00fcrlich auch mit einer Fibel oder einem F\u00fcrspann geschlossen werden.<\/b><\/p>\n<p>M\u00e4ntel waren mehr als andere Kleidungsst\u00fcck auch Statussymbol. So trugen K\u00f6nige M\u00e4ntel die mit Purpur der namensgebenden Schnecken gef\u00e4rbt waren oder mit Hermelinfellen verziert wurden.<\/p>\n<p>Die hier angebotenen M\u00e4ntel sind eher einfach gehalten, nicht einmal gef\u00fcttert. Die L\u00e4nge und der Anteil eines Kreises (Ganz, 3\/4 oder 1\/2 Kreis) h\u00e4ngt schlicht davon ab wie betucht, also wie reich, der Tr\u00e4ger ist. Es ging uns bei diesem Angebot um den Schutz vor Wind und Wetter. Dieser Mantel w\u00e4rmt und h\u00e4lt einen trocken, was wichtig ist, da sich das Leben der Mittelalterdarsteller wie das der Menschen im Mittelalter vorwiegend drau\u00dfen abspielt.<\/p>\n<p>Abbildungen finden sich in allen m\u00f6glichen Codices und Quellenb\u00fcchern. Im Sachsenspiegel sieht man zum Beispiel auf den Folio 12 recto und Folio 15 verso welche abgebildet, die wie dieser hier von einfachen Menschen und nicht von Adeligen aus zeremionellen Gr\u00fcnden getragen wurden.<\/p>\n<p>M\u00e4ntel, als vorwiegend praktische Alltagsgegenst\u00e4nde, waren f\u00fcr M\u00e4nner und Frauen gleich gearbeitet. F\u00fcr &#8220;Betuchtere&#8221; gab es auch andersfarbig gef\u00fctterte Exemplare (wie wir das von den Cotten her kennen).<\/p>\n<p>Dieser einfache Mantel passt \u00fcbrigens auch genau zu den Regeln der Ritterorden wie Templer und Lazarener zum Beispiel.<\/p>\n<p><span style=\"font-size: 75%;\">Dekorationsartikel geh\u00f6ren nicht zum Lieferumfang<\/span><\/p>\n<p><span style=\"font-size: 75%;\">*Ma\u00dfgefertigte Produkte werden individuell auf vom Kunden zur Verf\u00fcgung gestellten Ma\u00dfen angefertigt. Die entsprechende Ma\u00dftabelle wird nach Bestellung an die angegebene E-Mail-Adresse versendet. Die Ma\u00dfe m\u00fcssen so genommen werden wie die Kleidung nachher getragen werden soll, also mit entsprechender Unterw\u00e4sche\/-kleidung, falls gew\u00fcnscht. Ma\u00dfgefertigte Waren sind vom Umtausch ausgeschlossen.<\/span><\/p>\n<p><span style=\"font-size: 75%;\">**Komplett handvern\u00e4ht bedeutet dass alle N\u00e4hte von Hand vern\u00e4ht werden, inklusive aller sichtbaren und unsichtbaren N\u00e4hte.<\/span><\/p>\n<p><span style=\"font-size: 75%;\">***Wollstoff aus mindestens 80% Wolle und h\u00f6chstens 20% Polyamid<\/span><\/p>\n<p>&nbsp;<\/p>\n","protected":false},"excerpt":{"rendered":"<p>Ein Mantel aus Wollstoff aus einem 3\/4 Kreis gearbeitet. L\u00e4nge: 145 cm Wir haben diesen Mantel in Grau und Schwarz auf Lager und sofort erh\u00e4ltlich. Andere Farben bei einer Lieferzeit von 6 &#8211; 12 Wochen ebenfalls m\u00f6glich. Alle sichtbaren N\u00e4hte handvern\u00e4ht. Ein Mantel in seiner urspr\u00fcnglichsten Form aus einem 3\/4 Kreis geschnitten und mit einer [&#8230;]\n","protected":false},"featured_media":348,"comment_status":"open","ping_status":"closed","template":"","meta":[],"product_cat":[74,75,90,94],"product_tag":[],"class_list":{"0":"post-347","1":"product","2":"type-product","3":"status-publish","4":"has-post-thumbnail","6":"product_cat-kleidung-damen","7":"product_cat-kleidung-herren","8":"product_cat-oberbekleidung-maentel","9":"product_cat-oberbekleidung-maentel-kleidung-herren","10":"product_shipping_class-stdversand","11":"tm-has-options","13":"first","14":"instock","15":"taxable","16":"shipping-taxable","17":"purchasable","18":"product-type-simple"},"_links":{"self":[{"href":"https:\/\/staging.mittelalterkraemer.de\/index.php?rest_route=\/wp\/v2\/product\/347","targetHints":{"allow":["GET"]}}],"collection":[{"href":"https:\/\/staging.mittelalterkraemer.de\/index.php?rest_route=\/wp\/v2\/product"}],"about":[{"href":"https:\/\/staging.mittelalterkraemer.de\/index.php?rest_route=\/wp\/v2\/types\/product"}],"replies":[{"embeddable":true,"href":"https:\/\/staging.mittelalterkraemer.de\/index.php?rest_route=%2Fwp%2Fv2%2Fcomments&post=347"}],"wp:featuredmedia":[{"embeddable":true,"href":"https:\/\/staging.mittelalterkraemer.de\/index.php?rest_route=\/wp\/v2\/media\/348"}],"wp:attachment":[{"href":"https:\/\/staging.mittelalterkraemer.de\/index.php?rest_route=%2Fwp%2Fv2%2Fmedia&parent=347"}],"wp:term":[{"taxonomy":"product_cat","embeddable":true,"href":"https:\/\/staging.mittelalterkraemer.de\/index.php?rest_route=%2Fwp%2Fv2%2Fproduct_cat&post=347"},{"taxonomy":"product_tag","embeddable":true,"href":"https:\/\/staging.mittelalterkraemer.de\/index.php?rest_route=%2Fwp%2Fv2%2Fproduct_tag&post=347"}],"curies":[{"name":"wp","href":"https:\/\/api.w.org\/{rel}","templated":true}]}}