{"id":345,"date":"2020-09-25T12:26:14","date_gmt":"2020-09-25T10:26:14","guid":{"rendered":"https:\/\/staging.mittelalterkraemer.de\/?product=guertel-zum-tragen-von-beinlingen"},"modified":"2021-10-10T08:47:37","modified_gmt":"2021-10-10T06:47:37","slug":"guertel-zum-tragen-von-beinlingen","status":"publish","type":"product","link":"https:\/\/staging.mittelalterkraemer.de\/?product=guertel-zum-tragen-von-beinlingen","title":{"rendered":"G\u00fcrtel zum Tragen von Beinlingen"},"content":{"rendered":"<p>Ein G\u00fcrtel aus mehreren Lagen Leinen.<br \/>\nBreite 6 cm<br \/>\nL\u00e4nge 88 cm = Gr\u00f6\u00dfe M<br \/>\nL\u00e4nge 97 cm = Gr\u00f6\u00dfe L<br \/>\nL\u00e4nge 110 cm = Gr\u00f6\u00dfe XL<\/p>\n<p>Ma\u00dfanfertigungen sind f\u00fcr einen Aufpreis von 20% ebenfalls m\u00f6glich.<br \/>\nWaren auf Ma\u00df sind vom Umtausch ausgeschlossen.<br \/>\nEine Tabelle f\u00fcr die erforderlichen Ma\u00dfe wird von uns nach Zahlungseingang versendet.<\/p>\n<p><b>Ein G\u00fcrtel aus mehreren Lagen Stoff versehen mit \u00fcber 30 verst\u00e4rkten L\u00f6chern zum Anbringen verschiedener Arten von Beinlingen. An diesem Brucheng\u00fcrtel wurde vor der Erfindung der Doublet die einzelnen Hosenbeine angebracht.<\/b><\/p>\n<p>An diesem Unterw\u00e4schen G\u00fcrtel kann man nicht nur Beinlinge anbringen sondern man k\u00f6nnte zum Beispiel auch Geldb\u00f6rsen, bzw. Almosenbeutel und Gebrauchsmesser die vor allem von Frauen oft unter dem Gewand getragen wurden befestigen. Die breite Ausf\u00fchrung und die mehreren Lagen Stoff bieten maximalen Tragekomfort und stabilen Halt f\u00fcr das ganze Untergewand und verteilen das Gewicht des Beinlingg\u00fcrtels samt eventuellen Beuteln optimal.<br \/>\nEin wirklicher Vorteil ergibt sich f\u00fcr die Bruchtr\u00e4ger. Mit diesem G\u00fcrtel ist es n\u00e4mlich m\u00f6glich, zum Verrichten der Notdurft, die Bruche herunterzulassen ohne dass die Beinlinge mitsamt den Nestelb\u00e4ndern gel\u00f6st werden m\u00fcssen oder verrutschen. Langes Genestel nach dem Toilettengang er\u00fcbrigt sich so.<\/p>\n<p><span style=\"font-size: 75%;\">Dekorationsartikel geh\u00f6ren nicht zum Lieferumfang<\/span><\/p>\n<p><span style=\"font-size: 75%;\">*Ma\u00dfgefertigte Produkte werden individuell auf vom Kunden zur Verf\u00fcgung gestellten Ma\u00dfen angefertigt. Die entsprechende Ma\u00dftabelle wird nach Bestellung an die angegebene E-Mail-Adresse versendet. Die Ma\u00dfe m\u00fcssen so genommen werden wie die Kleidung nachher getragen werden soll, also mit entsprechender Unterw\u00e4sche\/-kleidung, falls gew\u00fcnscht. Ma\u00dfgefertigte Waren sind vom Umtausch ausgeschlossen.<\/span><\/p>\n<p><span style=\"font-size: 75%;\">**Komplett handvern\u00e4ht bedeutet dass alle N\u00e4hte von Hand vern\u00e4ht werden, inklusive aller sichtbaren und unsichtbaren N\u00e4hte.<\/span><\/p>\n","protected":false},"excerpt":{"rendered":"<p>Ein G\u00fcrtel aus mehreren Lagen Leinen. Breite 6 cm L\u00e4nge 88 cm = Gr\u00f6\u00dfe M L\u00e4nge 97 cm = Gr\u00f6\u00dfe L L\u00e4nge 110 cm = Gr\u00f6\u00dfe XL Ma\u00dfanfertigungen sind f\u00fcr einen Aufpreis von 20% ebenfalls m\u00f6glich. Waren auf Ma\u00df sind vom Umtausch ausgeschlossen. Eine Tabelle f\u00fcr die erforderlichen Ma\u00dfe wird von uns nach Zahlungseingang versendet. [&#8230;]\n","protected":false},"featured_media":346,"comment_status":"open","ping_status":"closed","template":"","meta":[],"product_cat":[93,75,87],"product_tag":[],"class_list":{"0":"post-345","1":"product","2":"type-product","3":"status-publish","4":"has-post-thumbnail","6":"product_cat-bekleidung-kleidung-herren","7":"product_cat-kleidung-herren","8":"product_cat-unterbekleidung","9":"product_shipping_class-stdversand","10":"tm-has-options","12":"first","13":"instock","14":"taxable","15":"shipping-taxable","16":"purchasable","17":"product-type-variable","18":"has-default-attributes"},"_links":{"self":[{"href":"https:\/\/staging.mittelalterkraemer.de\/index.php?rest_route=\/wp\/v2\/product\/345","targetHints":{"allow":["GET"]}}],"collection":[{"href":"https:\/\/staging.mittelalterkraemer.de\/index.php?rest_route=\/wp\/v2\/product"}],"about":[{"href":"https:\/\/staging.mittelalterkraemer.de\/index.php?rest_route=\/wp\/v2\/types\/product"}],"replies":[{"embeddable":true,"href":"https:\/\/staging.mittelalterkraemer.de\/index.php?rest_route=%2Fwp%2Fv2%2Fcomments&post=345"}],"wp:featuredmedia":[{"embeddable":true,"href":"https:\/\/staging.mittelalterkraemer.de\/index.php?rest_route=\/wp\/v2\/media\/346"}],"wp:attachment":[{"href":"https:\/\/staging.mittelalterkraemer.de\/index.php?rest_route=%2Fwp%2Fv2%2Fmedia&parent=345"}],"wp:term":[{"taxonomy":"product_cat","embeddable":true,"href":"https:\/\/staging.mittelalterkraemer.de\/index.php?rest_route=%2Fwp%2Fv2%2Fproduct_cat&post=345"},{"taxonomy":"product_tag","embeddable":true,"href":"https:\/\/staging.mittelalterkraemer.de\/index.php?rest_route=%2Fwp%2Fv2%2Fproduct_tag&post=345"}],"curies":[{"name":"wp","href":"https:\/\/api.w.org\/{rel}","templated":true}]}}